{"id":751,"date":"2023-11-01T11:39:26","date_gmt":"2023-11-01T11:39:26","guid":{"rendered":"https:\/\/gcbarbers.ee\/epood\/glam-color-toner-steel-gray-11\/"},"modified":"2024-04-02T14:01:35","modified_gmt":"2024-04-02T14:01:35","slug":"glam-color-toner-steel-gray-11","status":"publish","type":"product","link":"https:\/\/gcbarbers.ee\/en\/epood\/glam-color-toner-steel-gray-11\/","title":{"rendered":"Glam Color Toner Steel Gray .11"},"content":{"rendered":"<p>Glam Color Advanced Steel Gray .11 (Gray) enlivens and enhances warm gray tones, guaranteeing color refreshment. Stability of the result: 3-5 head wash procedures. The hair gets a brilliant shine. Luxurious bright warm brown color \u2013 pure magic! The toning Glam Color Advanced 24 Chocolate balm guarantees the brightness of the tones. Whether your hair is dyed, styled or has a natural color. Glam Color Advanced strengthens the warm brown color of hair and gives it shine. The penetration of pigments ensures the intensity of the color for 3-5 head washes. In addition, the product is very easy to use. Silk proteins have a caring effect on the hair. The structure of the hair improves, the hair acquires an impressive shine and is well combed. Glam Color Advanced and its brown tones create a trend of color depth and brilliance!<\/p>\n<p><strong>How to use<\/strong><\/p>\n<p>Peale juuste pesemist kandke Glam Color Advanced \u00fchtlaselt r\u00e4tikuga kuivatatud juustele. Vajadusel kammige juukseid. Toimimise aeg s\u00f5ltub soovitud intensiivsusest ja on 3\u201310 minutit (mida poorsem on juuste struktuur, seda intensiivsemalt tungivad pigmendid juustesse). Seej\u00e4rel loputage hoolikalt. Tootega t\u00f6\u00f6tamisel kasutage kindaid v\u00e4ltimaks naha kokkupuudet v\u00e4rviga!<\/p>\n<p><strong>Ingridients<\/strong><\/p>\n<p>Siidivalgud hooldavad t\u00e4iendavalt juukseid. Spetsiaalsed pigmendid tagavad kauaks v\u00e4rvi ereduse.<\/p>\n","protected":false},"excerpt":{"rendered":"<p>Glam Color Advanced Steel Gray .11 (Gray) enlivens and enhances warm gray tones, guaranteeing color refreshment. Stability of the result: 3-5 head wash procedures. The hair gets a brilliant shine. Luxurious bright warm brown color \u2013 pure magic! The toning Glam Color Advanced 24 Chocolate balm guarantees the brightness of the tones. Whether your hair [&hellip;]<\/p>\n","protected":false},"featured_media":885,"template":"","meta":{"_et_pb_use_builder":"","_et_pb_old_content":"","_et_gb_content_width":"","inline_featured_image":false},"product_brand":[],"product_cat":[66,63],"product_tag":[],"class_list":{"0":"post-751","1":"product","2":"type-product","3":"status-publish","4":"has-post-thumbnail","6":"product_cat-hair-care-en","7":"product_cat-hair-care","9":"first","10":"instock","11":"purchasable","12":"product-type-simple"},"yoast_head":"<!-- This site is optimized with the Yoast SEO plugin v24.9 - https:\/\/yoast.com\/wordpress\/plugins\/seo\/ -->\n<title>Glam Color Toner Steel Gray .11 | GC Barbers<\/title>\n<meta name=\"description\" content=\"Glam Color Advanced toning balm enhances warm brown shades with vibrancy and shine for 3-5 washes. Easy to use, leaves hair smooth and glossy.\" \/>\n<meta name=\"robots\" content=\"index, follow, max-snippet:-1, max-image-preview:large, max-video-preview:-1\" \/>\n<link rel=\"canonical\" href=\"https:\/\/gcbarbers.ee\/en\/epood\/glam-color-toner-steel-gray-11\/\" \/>\n<meta property=\"og:locale\" content=\"en_US\" \/>\n<meta property=\"og:type\" content=\"article\" \/>\n<meta property=\"og:title\" content=\"Glam Color Toner Steel Gray .11 | GC Barbers\" \/>\n<meta property=\"og:description\" content=\"Glam Color Advanced toning balm enhances warm brown shades with vibrancy and shine for 3-5 washes. Easy to use, leaves hair smooth and glossy.\" \/>\n<meta property=\"og:url\" content=\"https:\/\/gcbarbers.ee\/en\/epood\/glam-color-toner-steel-gray-11\/\" \/>\n<meta property=\"og:site_name\" content=\"GC Barbers\" \/>\n<meta property=\"article:publisher\" content=\"https:\/\/www.facebook.com\/Cityhair.salong\" \/>\n<meta property=\"article:modified_time\" content=\"2024-04-02T14:01:35+00:00\" \/>\n<meta property=\"og:image\" content=\"https:\/\/gcbarbers.ee\/wp-content\/uploads\/2023\/11\/Glam_Color_Toner_Steel_Gray_11.webp\" \/>\n\t<meta property=\"og:image:width\" content=\"800\" \/>\n\t<meta property=\"og:image:height\" content=\"800\" \/>\n\t<meta property=\"og:image:type\" content=\"image\/webp\" \/>\n<meta name=\"twitter:card\" content=\"summary_large_image\" \/>\n<meta name=\"twitter:label1\" content=\"Est. reading time\" \/>\n\t<meta name=\"twitter:data1\" content=\"2 minutes\" \/>\n<script type=\"application\/ld+json\" class=\"yoast-schema-graph\">{\"@context\":\"https:\/\/schema.org\",\"@graph\":[{\"@type\":\"WebPage\",\"@id\":\"https:\/\/gcbarbers.ee\/en\/epood\/glam-color-toner-steel-gray-11\/\",\"url\":\"https:\/\/gcbarbers.ee\/en\/epood\/glam-color-toner-steel-gray-11\/\",\"name\":\"Glam Color Toner Steel Gray .11 | GC Barbers\",\"isPartOf\":{\"@id\":\"https:\/\/gcbarbers.ee\/#website\"},\"primaryImageOfPage\":{\"@id\":\"https:\/\/gcbarbers.ee\/en\/epood\/glam-color-toner-steel-gray-11\/#primaryimage\"},\"image\":{\"@id\":\"https:\/\/gcbarbers.ee\/en\/epood\/glam-color-toner-steel-gray-11\/#primaryimage\"},\"thumbnailUrl\":\"https:\/\/gcbarbers.ee\/wp-content\/uploads\/2023\/11\/Glam_Color_Toner_Steel_Gray_11.webp\",\"datePublished\":\"2023-11-01T11:39:26+00:00\",\"dateModified\":\"2024-04-02T14:01:35+00:00\",\"description\":\"Glam Color Advanced toning balm enhances warm brown shades with vibrancy and shine for 3-5 washes. Easy to use, leaves hair smooth and glossy.\",\"breadcrumb\":{\"@id\":\"https:\/\/gcbarbers.ee\/en\/epood\/glam-color-toner-steel-gray-11\/#breadcrumb\"},\"inLanguage\":\"en-US\",\"potentialAction\":[{\"@type\":\"ReadAction\",\"target\":[\"https:\/\/gcbarbers.ee\/en\/epood\/glam-color-toner-steel-gray-11\/\"]}]},{\"@type\":\"ImageObject\",\"inLanguage\":\"en-US\",\"@id\":\"https:\/\/gcbarbers.ee\/en\/epood\/glam-color-toner-steel-gray-11\/#primaryimage\",\"url\":\"https:\/\/gcbarbers.ee\/wp-content\/uploads\/2023\/11\/Glam_Color_Toner_Steel_Gray_11.webp\",\"contentUrl\":\"https:\/\/gcbarbers.ee\/wp-content\/uploads\/2023\/11\/Glam_Color_Toner_Steel_Gray_11.webp\",\"width\":800,\"height\":800},{\"@type\":\"BreadcrumbList\",\"@id\":\"https:\/\/gcbarbers.ee\/en\/epood\/glam-color-toner-steel-gray-11\/#breadcrumb\",\"itemListElement\":[{\"@type\":\"ListItem\",\"position\":1,\"name\":\"Home\",\"item\":\"https:\/\/gcbarbers.ee\/en\/\"},{\"@type\":\"ListItem\",\"position\":2,\"name\":\"Tooted\",\"item\":\"https:\/\/gcbarbers.ee\/shop\/\"},{\"@type\":\"ListItem\",\"position\":3,\"name\":\"Glam Color Toner Steel Gray .11\"}]},{\"@type\":\"WebSite\",\"@id\":\"https:\/\/gcbarbers.ee\/#website\",\"url\":\"https:\/\/gcbarbers.ee\/\",\"name\":\"Gentleman Club\",\"description\":\"Barbershop Tallinn - Meeste Juuksur\",\"publisher\":{\"@id\":\"https:\/\/gcbarbers.ee\/#organization\"},\"potentialAction\":[{\"@type\":\"SearchAction\",\"target\":{\"@type\":\"EntryPoint\",\"urlTemplate\":\"https:\/\/gcbarbers.ee\/?s={search_term_string}\"},\"query-input\":{\"@type\":\"PropertyValueSpecification\",\"valueRequired\":true,\"valueName\":\"search_term_string\"}}],\"inLanguage\":\"en-US\"},{\"@type\":\"Organization\",\"@id\":\"https:\/\/gcbarbers.ee\/#organization\",\"name\":\"Gentleman Club\",\"url\":\"https:\/\/gcbarbers.ee\/\",\"logo\":{\"@type\":\"ImageObject\",\"inLanguage\":\"en-US\",\"@id\":\"https:\/\/gcbarbers.ee\/#\/schema\/logo\/image\/\",\"url\":\"https:\/\/gcbarbers.ee\/wp-content\/uploads\/2024\/02\/20240129_110626_0000-2.png\",\"contentUrl\":\"https:\/\/gcbarbers.ee\/wp-content\/uploads\/2024\/02\/20240129_110626_0000-2.png\",\"width\":500,\"height\":500,\"caption\":\"Gentleman Club\"},\"image\":{\"@id\":\"https:\/\/gcbarbers.ee\/#\/schema\/logo\/image\/\"},\"sameAs\":[\"https:\/\/www.facebook.com\/Cityhair.salong\"]}]}<\/script>\n<!-- \/ Yoast SEO plugin. -->","yoast_head_json":{"title":"Glam Color Toner Steel Gray .11 | GC Barbers","description":"Glam Color Advanced toning balm enhances warm brown shades with vibrancy and shine for 3-5 washes. Easy to use, leaves hair smooth and glossy.","robots":{"index":"index","follow":"follow","max-snippet":"max-snippet:-1","max-image-preview":"max-image-preview:large","max-video-preview":"max-video-preview:-1"},"canonical":"https:\/\/gcbarbers.ee\/en\/epood\/glam-color-toner-steel-gray-11\/","og_locale":"en_US","og_type":"article","og_title":"Glam Color Toner Steel Gray .11 | GC Barbers","og_description":"Glam Color Advanced toning balm enhances warm brown shades with vibrancy and shine for 3-5 washes. Easy to use, leaves hair smooth and glossy.","og_url":"https:\/\/gcbarbers.ee\/en\/epood\/glam-color-toner-steel-gray-11\/","og_site_name":"GC Barbers","article_publisher":"https:\/\/www.facebook.com\/Cityhair.salong","article_modified_time":"2024-04-02T14:01:35+00:00","og_image":[{"width":800,"height":800,"url":"https:\/\/gcbarbers.ee\/wp-content\/uploads\/2023\/11\/Glam_Color_Toner_Steel_Gray_11.webp","type":"image\/webp"}],"twitter_card":"summary_large_image","twitter_misc":{"Est. reading time":"2 minutes"},"schema":{"@context":"https:\/\/schema.org","@graph":[{"@type":"WebPage","@id":"https:\/\/gcbarbers.ee\/en\/epood\/glam-color-toner-steel-gray-11\/","url":"https:\/\/gcbarbers.ee\/en\/epood\/glam-color-toner-steel-gray-11\/","name":"Glam Color Toner Steel Gray .11 | GC Barbers","isPartOf":{"@id":"https:\/\/gcbarbers.ee\/#website"},"primaryImageOfPage":{"@id":"https:\/\/gcbarbers.ee\/en\/epood\/glam-color-toner-steel-gray-11\/#primaryimage"},"image":{"@id":"https:\/\/gcbarbers.ee\/en\/epood\/glam-color-toner-steel-gray-11\/#primaryimage"},"thumbnailUrl":"https:\/\/gcbarbers.ee\/wp-content\/uploads\/2023\/11\/Glam_Color_Toner_Steel_Gray_11.webp","datePublished":"2023-11-01T11:39:26+00:00","dateModified":"2024-04-02T14:01:35+00:00","description":"Glam Color Advanced toning balm enhances warm brown shades with vibrancy and shine for 3-5 washes. Easy to use, leaves hair smooth and glossy.","breadcrumb":{"@id":"https:\/\/gcbarbers.ee\/en\/epood\/glam-color-toner-steel-gray-11\/#breadcrumb"},"inLanguage":"en-US","potentialAction":[{"@type":"ReadAction","target":["https:\/\/gcbarbers.ee\/en\/epood\/glam-color-toner-steel-gray-11\/"]}]},{"@type":"ImageObject","inLanguage":"en-US","@id":"https:\/\/gcbarbers.ee\/en\/epood\/glam-color-toner-steel-gray-11\/#primaryimage","url":"https:\/\/gcbarbers.ee\/wp-content\/uploads\/2023\/11\/Glam_Color_Toner_Steel_Gray_11.webp","contentUrl":"https:\/\/gcbarbers.ee\/wp-content\/uploads\/2023\/11\/Glam_Color_Toner_Steel_Gray_11.webp","width":800,"height":800},{"@type":"BreadcrumbList","@id":"https:\/\/gcbarbers.ee\/en\/epood\/glam-color-toner-steel-gray-11\/#breadcrumb","itemListElement":[{"@type":"ListItem","position":1,"name":"Home","item":"https:\/\/gcbarbers.ee\/en\/"},{"@type":"ListItem","position":2,"name":"Tooted","item":"https:\/\/gcbarbers.ee\/shop\/"},{"@type":"ListItem","position":3,"name":"Glam Color Toner Steel Gray .11"}]},{"@type":"WebSite","@id":"https:\/\/gcbarbers.ee\/#website","url":"https:\/\/gcbarbers.ee\/","name":"Gentleman Club","description":"Barbershop Tallinn - Meeste Juuksur","publisher":{"@id":"https:\/\/gcbarbers.ee\/#organization"},"potentialAction":[{"@type":"SearchAction","target":{"@type":"EntryPoint","urlTemplate":"https:\/\/gcbarbers.ee\/?s={search_term_string}"},"query-input":{"@type":"PropertyValueSpecification","valueRequired":true,"valueName":"search_term_string"}}],"inLanguage":"en-US"},{"@type":"Organization","@id":"https:\/\/gcbarbers.ee\/#organization","name":"Gentleman Club","url":"https:\/\/gcbarbers.ee\/","logo":{"@type":"ImageObject","inLanguage":"en-US","@id":"https:\/\/gcbarbers.ee\/#\/schema\/logo\/image\/","url":"https:\/\/gcbarbers.ee\/wp-content\/uploads\/2024\/02\/20240129_110626_0000-2.png","contentUrl":"https:\/\/gcbarbers.ee\/wp-content\/uploads\/2024\/02\/20240129_110626_0000-2.png","width":500,"height":500,"caption":"Gentleman Club"},"image":{"@id":"https:\/\/gcbarbers.ee\/#\/schema\/logo\/image\/"},"sameAs":["https:\/\/www.facebook.com\/Cityhair.salong"]}]}},"_links":{"self":[{"href":"https:\/\/gcbarbers.ee\/en\/wp-json\/wp\/v2\/product\/751","targetHints":{"allow":["GET"]}}],"collection":[{"href":"https:\/\/gcbarbers.ee\/en\/wp-json\/wp\/v2\/product"}],"about":[{"href":"https:\/\/gcbarbers.ee\/en\/wp-json\/wp\/v2\/types\/product"}],"wp:featuredmedia":[{"embeddable":true,"href":"https:\/\/gcbarbers.ee\/en\/wp-json\/wp\/v2\/media\/885"}],"wp:attachment":[{"href":"https:\/\/gcbarbers.ee\/en\/wp-json\/wp\/v2\/media?parent=751"}],"wp:term":[{"taxonomy":"product_brand","embeddable":true,"href":"https:\/\/gcbarbers.ee\/en\/wp-json\/wp\/v2\/product_brand?post=751"},{"taxonomy":"product_cat","embeddable":true,"href":"https:\/\/gcbarbers.ee\/en\/wp-json\/wp\/v2\/product_cat?post=751"},{"taxonomy":"product_tag","embeddable":true,"href":"https:\/\/gcbarbers.ee\/en\/wp-json\/wp\/v2\/product_tag?post=751"}],"curies":[{"name":"wp","href":"https:\/\/api.w.org\/{rel}","templated":true}]}}