{"id":1975,"date":"2024-07-11T11:56:55","date_gmt":"2024-07-11T11:56:55","guid":{"rendered":"https:\/\/gcbarbers.ee\/epood\/nishman-pro-hair-konditsioneer\/"},"modified":"2025-11-20T10:14:53","modified_gmt":"2025-11-20T10:14:53","slug":"nishman-pro-hair-konditsioneer","status":"publish","type":"product","link":"https:\/\/gcbarbers.ee\/fi\/epood\/nishman-pro-hair-konditsioneer\/","title":{"rendered":"Nishman Pro-Hair Konditsioneer"},"content":{"rendered":"<p>K\u00f5ikidele juukset\u00fc\u00fcpidele m\u00f5eldud palsam. Pakub juuksehooldust p\u00e4rast \u0161ampooni kasutamist. Palsam toimib v\u00e4ga \u00f5rnalt, avaldades juustele soodsat m\u00f5ju, niisutades neid. P\u00e4rast kasutamist saavad juuksed siledaks ja tervislikult l\u00e4ikivaks. Ei sisalda parabeene ega silikoone.<\/p>\n<p><strong>Kasutusjuhend<\/strong><\/p>\n<p>Kandke v\u00e4ike kogus palsamit juustele p\u00e4rast Nishmani \u0161ampooniga pesemist. Loputage 1-2 minuti p\u00e4rast rohke veega.<\/p>\n<p><strong>Koostisosad<\/strong><\/p>\n<p>Vesi, Cetyl Alcohol, Cetrimonium Chloride, Lauryl Glucoside, h\u00fcdrol\u00fc\u00fcsitud keratiin, parf\u00fc\u00fcm, sidrunhape, met\u00fc\u00fclkloroisotiasolinoon, met\u00fc\u00fclisotiasolinoon.<\/p>\n","protected":false},"excerpt":{"rendered":"<p>K\u00f5ikidele juukset\u00fc\u00fcpidele m\u00f5eldud palsam. Pakub juuksehooldust p\u00e4rast \u0161ampooni kasutamist. Palsam toimib v\u00e4ga \u00f5rnalt, avaldades juustele soodsat m\u00f5ju, niisutades neid. P\u00e4rast kasutamist saavad juuksed siledaks ja tervislikult l\u00e4ikivaks. Ei sisalda parabeene ega silikoone. Kasutusjuhend Kandke v\u00e4ike kogus palsamit juustele p\u00e4rast Nishmani \u0161ampooniga pesemist. Loputage 1-2 minuti p\u00e4rast rohke veega. Koostisosad Vesi, Cetyl Alcohol, Cetrimonium Chloride, Lauryl [&hellip;]<\/p>\n","protected":false},"featured_media":1976,"template":"","meta":{"_et_pb_use_builder":"","_et_pb_old_content":"","_et_gb_content_width":"","inline_featured_image":false},"product_brand":[],"product_cat":[107],"product_tag":[],"class_list":{"0":"post-1975","1":"product","2":"type-product","3":"status-publish","4":"has-post-thumbnail","6":"product_cat-hair-wax-fi","8":"first","9":"instock","10":"shipping-taxable","11":"purchasable","12":"product-type-simple"},"yoast_head":"<!-- This site is optimized with the Yoast SEO plugin v24.9 - https:\/\/yoast.com\/wordpress\/plugins\/seo\/ -->\n<title>Nishman Pro-Hair Konditsioneer | GC Barbers<\/title>\n<meta name=\"robots\" content=\"index, follow, max-snippet:-1, max-image-preview:large, max-video-preview:-1\" \/>\n<link rel=\"canonical\" href=\"https:\/\/gcbarbers.ee\/fi\/epood\/nishman-pro-hair-konditsioneer\/\" \/>\n<meta property=\"og:locale\" content=\"fi_FI\" \/>\n<meta property=\"og:type\" content=\"article\" \/>\n<meta property=\"og:title\" content=\"Nishman Pro-Hair Konditsioneer | GC Barbers\" \/>\n<meta property=\"og:description\" content=\"K\u00f5ikidele juukset\u00fc\u00fcpidele m\u00f5eldud palsam. Pakub juuksehooldust p\u00e4rast \u0161ampooni kasutamist. Palsam toimib v\u00e4ga \u00f5rnalt, avaldades juustele soodsat m\u00f5ju, niisutades neid. P\u00e4rast kasutamist saavad juuksed siledaks ja tervislikult l\u00e4ikivaks. Ei sisalda parabeene ega silikoone. Kasutusjuhend Kandke v\u00e4ike kogus palsamit juustele p\u00e4rast Nishmani \u0161ampooniga pesemist. Loputage 1-2 minuti p\u00e4rast rohke veega. Koostisosad Vesi, Cetyl Alcohol, Cetrimonium Chloride, Lauryl [&hellip;]\" \/>\n<meta property=\"og:url\" content=\"https:\/\/gcbarbers.ee\/fi\/epood\/nishman-pro-hair-konditsioneer\/\" \/>\n<meta property=\"og:site_name\" content=\"GC Barbers\" \/>\n<meta property=\"article:publisher\" content=\"https:\/\/www.facebook.com\/Cityhair.salong\" \/>\n<meta property=\"article:modified_time\" content=\"2025-11-20T10:14:53+00:00\" \/>\n<meta property=\"og:image\" content=\"https:\/\/gcbarbers.ee\/wp-content\/uploads\/2024\/07\/61bqJ-j3LAL.jpg\" \/>\n\t<meta property=\"og:image:width\" content=\"2134\" \/>\n\t<meta property=\"og:image:height\" content=\"2134\" \/>\n\t<meta property=\"og:image:type\" content=\"image\/jpeg\" \/>\n<meta name=\"twitter:card\" content=\"summary_large_image\" \/>\n<meta name=\"twitter:label1\" content=\"Arvioitu lukuaika\" \/>\n\t<meta name=\"twitter:data1\" content=\"1 minuutti\" \/>\n<script type=\"application\/ld+json\" class=\"yoast-schema-graph\">{\"@context\":\"https:\/\/schema.org\",\"@graph\":[{\"@type\":\"WebPage\",\"@id\":\"https:\/\/gcbarbers.ee\/fi\/epood\/nishman-pro-hair-konditsioneer\/\",\"url\":\"https:\/\/gcbarbers.ee\/fi\/epood\/nishman-pro-hair-konditsioneer\/\",\"name\":\"Nishman Pro-Hair Konditsioneer | GC Barbers\",\"isPartOf\":{\"@id\":\"https:\/\/gcbarbers.ee\/#website\"},\"primaryImageOfPage\":{\"@id\":\"https:\/\/gcbarbers.ee\/fi\/epood\/nishman-pro-hair-konditsioneer\/#primaryimage\"},\"image\":{\"@id\":\"https:\/\/gcbarbers.ee\/fi\/epood\/nishman-pro-hair-konditsioneer\/#primaryimage\"},\"thumbnailUrl\":\"https:\/\/gcbarbers.ee\/wp-content\/uploads\/2024\/07\/61bqJ-j3LAL.jpg\",\"datePublished\":\"2024-07-11T11:56:55+00:00\",\"dateModified\":\"2025-11-20T10:14:53+00:00\",\"breadcrumb\":{\"@id\":\"https:\/\/gcbarbers.ee\/fi\/epood\/nishman-pro-hair-konditsioneer\/#breadcrumb\"},\"inLanguage\":\"fi\",\"potentialAction\":[{\"@type\":\"ReadAction\",\"target\":[\"https:\/\/gcbarbers.ee\/fi\/epood\/nishman-pro-hair-konditsioneer\/\"]}]},{\"@type\":\"ImageObject\",\"inLanguage\":\"fi\",\"@id\":\"https:\/\/gcbarbers.ee\/fi\/epood\/nishman-pro-hair-konditsioneer\/#primaryimage\",\"url\":\"https:\/\/gcbarbers.ee\/wp-content\/uploads\/2024\/07\/61bqJ-j3LAL.jpg\",\"contentUrl\":\"https:\/\/gcbarbers.ee\/wp-content\/uploads\/2024\/07\/61bqJ-j3LAL.jpg\",\"width\":2134,\"height\":2134,\"caption\":\"Version 1.0.0\"},{\"@type\":\"BreadcrumbList\",\"@id\":\"https:\/\/gcbarbers.ee\/fi\/epood\/nishman-pro-hair-konditsioneer\/#breadcrumb\",\"itemListElement\":[{\"@type\":\"ListItem\",\"position\":1,\"name\":\"Home\",\"item\":\"https:\/\/gcbarbers.ee\/fi\/\"},{\"@type\":\"ListItem\",\"position\":2,\"name\":\"Tooted\",\"item\":\"https:\/\/gcbarbers.ee\/shop\/\"},{\"@type\":\"ListItem\",\"position\":3,\"name\":\"Nishman Pro-Hair Konditsioneer\"}]},{\"@type\":\"WebSite\",\"@id\":\"https:\/\/gcbarbers.ee\/#website\",\"url\":\"https:\/\/gcbarbers.ee\/\",\"name\":\"Gentleman Club\",\"description\":\"Barbershop Tallinn - Meeste Juuksur\",\"publisher\":{\"@id\":\"https:\/\/gcbarbers.ee\/#organization\"},\"potentialAction\":[{\"@type\":\"SearchAction\",\"target\":{\"@type\":\"EntryPoint\",\"urlTemplate\":\"https:\/\/gcbarbers.ee\/?s={search_term_string}\"},\"query-input\":{\"@type\":\"PropertyValueSpecification\",\"valueRequired\":true,\"valueName\":\"search_term_string\"}}],\"inLanguage\":\"fi\"},{\"@type\":\"Organization\",\"@id\":\"https:\/\/gcbarbers.ee\/#organization\",\"name\":\"Gentleman Club\",\"url\":\"https:\/\/gcbarbers.ee\/\",\"logo\":{\"@type\":\"ImageObject\",\"inLanguage\":\"fi\",\"@id\":\"https:\/\/gcbarbers.ee\/#\/schema\/logo\/image\/\",\"url\":\"https:\/\/gcbarbers.ee\/wp-content\/uploads\/2024\/02\/20240129_110626_0000-2.png\",\"contentUrl\":\"https:\/\/gcbarbers.ee\/wp-content\/uploads\/2024\/02\/20240129_110626_0000-2.png\",\"width\":500,\"height\":500,\"caption\":\"Gentleman Club\"},\"image\":{\"@id\":\"https:\/\/gcbarbers.ee\/#\/schema\/logo\/image\/\"},\"sameAs\":[\"https:\/\/www.facebook.com\/Cityhair.salong\"]}]}<\/script>\n<!-- \/ Yoast SEO plugin. -->","yoast_head_json":{"title":"Nishman Pro-Hair Konditsioneer | GC Barbers","robots":{"index":"index","follow":"follow","max-snippet":"max-snippet:-1","max-image-preview":"max-image-preview:large","max-video-preview":"max-video-preview:-1"},"canonical":"https:\/\/gcbarbers.ee\/fi\/epood\/nishman-pro-hair-konditsioneer\/","og_locale":"fi_FI","og_type":"article","og_title":"Nishman Pro-Hair Konditsioneer | GC Barbers","og_description":"K\u00f5ikidele juukset\u00fc\u00fcpidele m\u00f5eldud palsam. Pakub juuksehooldust p\u00e4rast \u0161ampooni kasutamist. Palsam toimib v\u00e4ga \u00f5rnalt, avaldades juustele soodsat m\u00f5ju, niisutades neid. P\u00e4rast kasutamist saavad juuksed siledaks ja tervislikult l\u00e4ikivaks. Ei sisalda parabeene ega silikoone. Kasutusjuhend Kandke v\u00e4ike kogus palsamit juustele p\u00e4rast Nishmani \u0161ampooniga pesemist. Loputage 1-2 minuti p\u00e4rast rohke veega. Koostisosad Vesi, Cetyl Alcohol, Cetrimonium Chloride, Lauryl [&hellip;]","og_url":"https:\/\/gcbarbers.ee\/fi\/epood\/nishman-pro-hair-konditsioneer\/","og_site_name":"GC Barbers","article_publisher":"https:\/\/www.facebook.com\/Cityhair.salong","article_modified_time":"2025-11-20T10:14:53+00:00","og_image":[{"width":2134,"height":2134,"url":"https:\/\/gcbarbers.ee\/wp-content\/uploads\/2024\/07\/61bqJ-j3LAL.jpg","type":"image\/jpeg"}],"twitter_card":"summary_large_image","twitter_misc":{"Arvioitu lukuaika":"1 minuutti"},"schema":{"@context":"https:\/\/schema.org","@graph":[{"@type":"WebPage","@id":"https:\/\/gcbarbers.ee\/fi\/epood\/nishman-pro-hair-konditsioneer\/","url":"https:\/\/gcbarbers.ee\/fi\/epood\/nishman-pro-hair-konditsioneer\/","name":"Nishman Pro-Hair Konditsioneer | GC Barbers","isPartOf":{"@id":"https:\/\/gcbarbers.ee\/#website"},"primaryImageOfPage":{"@id":"https:\/\/gcbarbers.ee\/fi\/epood\/nishman-pro-hair-konditsioneer\/#primaryimage"},"image":{"@id":"https:\/\/gcbarbers.ee\/fi\/epood\/nishman-pro-hair-konditsioneer\/#primaryimage"},"thumbnailUrl":"https:\/\/gcbarbers.ee\/wp-content\/uploads\/2024\/07\/61bqJ-j3LAL.jpg","datePublished":"2024-07-11T11:56:55+00:00","dateModified":"2025-11-20T10:14:53+00:00","breadcrumb":{"@id":"https:\/\/gcbarbers.ee\/fi\/epood\/nishman-pro-hair-konditsioneer\/#breadcrumb"},"inLanguage":"fi","potentialAction":[{"@type":"ReadAction","target":["https:\/\/gcbarbers.ee\/fi\/epood\/nishman-pro-hair-konditsioneer\/"]}]},{"@type":"ImageObject","inLanguage":"fi","@id":"https:\/\/gcbarbers.ee\/fi\/epood\/nishman-pro-hair-konditsioneer\/#primaryimage","url":"https:\/\/gcbarbers.ee\/wp-content\/uploads\/2024\/07\/61bqJ-j3LAL.jpg","contentUrl":"https:\/\/gcbarbers.ee\/wp-content\/uploads\/2024\/07\/61bqJ-j3LAL.jpg","width":2134,"height":2134,"caption":"Version 1.0.0"},{"@type":"BreadcrumbList","@id":"https:\/\/gcbarbers.ee\/fi\/epood\/nishman-pro-hair-konditsioneer\/#breadcrumb","itemListElement":[{"@type":"ListItem","position":1,"name":"Home","item":"https:\/\/gcbarbers.ee\/fi\/"},{"@type":"ListItem","position":2,"name":"Tooted","item":"https:\/\/gcbarbers.ee\/shop\/"},{"@type":"ListItem","position":3,"name":"Nishman Pro-Hair Konditsioneer"}]},{"@type":"WebSite","@id":"https:\/\/gcbarbers.ee\/#website","url":"https:\/\/gcbarbers.ee\/","name":"Gentleman Club","description":"Barbershop Tallinn - Meeste Juuksur","publisher":{"@id":"https:\/\/gcbarbers.ee\/#organization"},"potentialAction":[{"@type":"SearchAction","target":{"@type":"EntryPoint","urlTemplate":"https:\/\/gcbarbers.ee\/?s={search_term_string}"},"query-input":{"@type":"PropertyValueSpecification","valueRequired":true,"valueName":"search_term_string"}}],"inLanguage":"fi"},{"@type":"Organization","@id":"https:\/\/gcbarbers.ee\/#organization","name":"Gentleman Club","url":"https:\/\/gcbarbers.ee\/","logo":{"@type":"ImageObject","inLanguage":"fi","@id":"https:\/\/gcbarbers.ee\/#\/schema\/logo\/image\/","url":"https:\/\/gcbarbers.ee\/wp-content\/uploads\/2024\/02\/20240129_110626_0000-2.png","contentUrl":"https:\/\/gcbarbers.ee\/wp-content\/uploads\/2024\/02\/20240129_110626_0000-2.png","width":500,"height":500,"caption":"Gentleman Club"},"image":{"@id":"https:\/\/gcbarbers.ee\/#\/schema\/logo\/image\/"},"sameAs":["https:\/\/www.facebook.com\/Cityhair.salong"]}]}},"_links":{"self":[{"href":"https:\/\/gcbarbers.ee\/fi\/wp-json\/wp\/v2\/product\/1975","targetHints":{"allow":["GET"]}}],"collection":[{"href":"https:\/\/gcbarbers.ee\/fi\/wp-json\/wp\/v2\/product"}],"about":[{"href":"https:\/\/gcbarbers.ee\/fi\/wp-json\/wp\/v2\/types\/product"}],"wp:featuredmedia":[{"embeddable":true,"href":"https:\/\/gcbarbers.ee\/fi\/wp-json\/wp\/v2\/media\/1976"}],"wp:attachment":[{"href":"https:\/\/gcbarbers.ee\/fi\/wp-json\/wp\/v2\/media?parent=1975"}],"wp:term":[{"taxonomy":"product_brand","embeddable":true,"href":"https:\/\/gcbarbers.ee\/fi\/wp-json\/wp\/v2\/product_brand?post=1975"},{"taxonomy":"product_cat","embeddable":true,"href":"https:\/\/gcbarbers.ee\/fi\/wp-json\/wp\/v2\/product_cat?post=1975"},{"taxonomy":"product_tag","embeddable":true,"href":"https:\/\/gcbarbers.ee\/fi\/wp-json\/wp\/v2\/product_tag?post=1975"}],"curies":[{"name":"wp","href":"https:\/\/api.w.org\/{rel}","templated":true}]}}