{"id":2011,"date":"2023-11-01T11:39:18","date_gmt":"2023-11-01T11:39:18","guid":{"rendered":"https:\/\/gcbarbers.ee\/epood\/solomons-octopus-special-edition-beard-balm\/"},"modified":"2023-11-01T11:39:18","modified_gmt":"2023-11-01T11:39:18","slug":"solomons-octopus-special-edition-beard-balm","status":"publish","type":"product","link":"https:\/\/gcbarbers.ee\/fi\/epood\/solomons-octopus-special-edition-beard-balm\/","title":{"rendered":"Solomon&#8217;s Octopus Special Edition beard balm"},"content":{"rendered":"<p>Solomon\u2019s Octopus Special Edition Beard Balm on tahke habemepalsam, mis ei vaja loputamist.<\/p>\n<p><strong>Kasutusjuhend<\/strong><\/p>\n<p>Soovitatav on soojendada v\u00e4ike kogus toodet k\u00e4te vahel. Seej\u00e4rel kandke Octopus Beard Balm kogu habeme pikkusele ja masseerige hoolikalt. L\u00f5puks kammige laia hambaga kammiga v\u00f5i kujundage k\u00e4tega vastavalt soovitud l\u00f5pptulemusele.<br \/>\n<strong><br \/>\nKoostisosad<\/strong><\/p>\n<p>Shea- ja kakaov\u00f5i; argaania- ja jojoba\u00f5lid; ingveri, pat\u0161uli, bergamoti ja musta pipra eeterlikud \u00f5lid. L\u00d5HN: seedrist ja viirukist kuni metsikute muskuste, freesia ja kannikese nootidega. INCI: Butyrospermum parkii (Shea) v\u00f5i, Theobroma cacao (Kakao) seemnete v\u00f5i, mesilasvaha [mesilasvaha], Ricinus communis (Kastoor\u00f5li) seemne\u00f5li, Aluminum starch octenylsuccinate, Argania spinosa seemne\u00f5li, Simmondsia chinensis (Jojoba) seemne\u00f5li, Parfum [L\u00f5hnaaine], Zea mays (Mais) klii\u00f5li, Daucus carota (Porgand) sativa juureekstrakt, Piper nigrum (Pipar) seemne\u00f5li, Pogostemon cablin lehe\u00f5li, Zingiber officinale (Ingver) juure\u00f5li, Limonene, Hydroxycitronellal, Alpha- isomethyl ionone, Benzyl benzoate, Prunus amygdalus dulcis (Mandli) \u00f5li, Lecithin, Tocopherol, Ascorbyl palmitate, Citric acid.<\/p>\n","protected":false},"excerpt":{"rendered":"<p>Solomon\u2019s Octopus Special Edition Beard Balm on tahke habemepalsam, mis ei vaja loputamist. Kasutusjuhend Soovitatav on soojendada v\u00e4ike kogus toodet k\u00e4te vahel. Seej\u00e4rel kandke Octopus Beard Balm kogu habeme pikkusele ja masseerige hoolikalt. L\u00f5puks kammige laia hambaga kammiga v\u00f5i kujundage k\u00e4tega vastavalt soovitud l\u00f5pptulemusele. Koostisosad Shea- ja kakaov\u00f5i; argaania- ja jojoba\u00f5lid; ingveri, pat\u0161uli, bergamoti ja [&hellip;]<\/p>\n","protected":false},"featured_media":2015,"template":"","meta":{"_et_pb_use_builder":"","_et_pb_old_content":"","_et_gb_content_width":"","inline_featured_image":false},"product_brand":[],"product_cat":[110,109],"product_tag":[],"class_list":{"0":"post-2011","1":"product","2":"type-product","3":"status-publish","4":"has-post-thumbnail","6":"product_cat-cream-fi","7":"product_cat-for-beard-fi","9":"first","10":"instock","11":"purchasable","12":"product-type-simple"},"yoast_head":"<!-- This site is optimized with the Yoast SEO plugin v24.9 - https:\/\/yoast.com\/wordpress\/plugins\/seo\/ -->\n<title>Solomon&#039;s Octopus Special Edition beard balm | GC Barbers<\/title>\n<meta name=\"robots\" content=\"index, follow, max-snippet:-1, max-image-preview:large, max-video-preview:-1\" \/>\n<link rel=\"canonical\" href=\"https:\/\/gcbarbers.ee\/fi\/epood\/solomons-octopus-special-edition-beard-balm\/\" \/>\n<meta property=\"og:locale\" content=\"fi_FI\" \/>\n<meta property=\"og:type\" content=\"article\" \/>\n<meta property=\"og:title\" content=\"Solomon&#039;s Octopus Special Edition beard balm | GC Barbers\" \/>\n<meta property=\"og:description\" content=\"Solomon\u2019s Octopus Special Edition Beard Balm on tahke habemepalsam, mis ei vaja loputamist. Kasutusjuhend Soovitatav on soojendada v\u00e4ike kogus toodet k\u00e4te vahel. Seej\u00e4rel kandke Octopus Beard Balm kogu habeme pikkusele ja masseerige hoolikalt. L\u00f5puks kammige laia hambaga kammiga v\u00f5i kujundage k\u00e4tega vastavalt soovitud l\u00f5pptulemusele. Koostisosad Shea- ja kakaov\u00f5i; argaania- ja jojoba\u00f5lid; ingveri, pat\u0161uli, bergamoti ja [&hellip;]\" \/>\n<meta property=\"og:url\" content=\"https:\/\/gcbarbers.ee\/fi\/epood\/solomons-octopus-special-edition-beard-balm\/\" \/>\n<meta property=\"og:site_name\" content=\"GC Barbers\" \/>\n<meta property=\"article:publisher\" content=\"https:\/\/www.facebook.com\/Cityhair.salong\" \/>\n<meta property=\"og:image\" content=\"https:\/\/gcbarbers.ee\/wp-content\/uploads\/2024\/03\/GC-Barbershop-ET.png\" \/>\n\t<meta property=\"og:image:width\" content=\"1618\" \/>\n\t<meta property=\"og:image:height\" content=\"703\" \/>\n\t<meta property=\"og:image:type\" content=\"image\/png\" \/>\n<meta name=\"twitter:card\" content=\"summary_large_image\" \/>\n<meta name=\"twitter:label1\" content=\"Arvioitu lukuaika\" \/>\n\t<meta name=\"twitter:data1\" content=\"1 minuutti\" \/>\n<script type=\"application\/ld+json\" class=\"yoast-schema-graph\">{\"@context\":\"https:\/\/schema.org\",\"@graph\":[{\"@type\":\"WebPage\",\"@id\":\"https:\/\/gcbarbers.ee\/fi\/epood\/solomons-octopus-special-edition-beard-balm\/\",\"url\":\"https:\/\/gcbarbers.ee\/fi\/epood\/solomons-octopus-special-edition-beard-balm\/\",\"name\":\"Solomon's Octopus Special Edition beard balm | GC Barbers\",\"isPartOf\":{\"@id\":\"https:\/\/gcbarbers.ee\/#website\"},\"primaryImageOfPage\":{\"@id\":\"https:\/\/gcbarbers.ee\/fi\/epood\/solomons-octopus-special-edition-beard-balm\/#primaryimage\"},\"image\":{\"@id\":\"https:\/\/gcbarbers.ee\/fi\/epood\/solomons-octopus-special-edition-beard-balm\/#primaryimage\"},\"thumbnailUrl\":\"https:\/\/gcbarbers.ee\/wp-content\/uploads\/2023\/11\/Solomon_Octopus_Special_Edition_beard_balm.webp\",\"datePublished\":\"2023-11-01T11:39:18+00:00\",\"breadcrumb\":{\"@id\":\"https:\/\/gcbarbers.ee\/fi\/epood\/solomons-octopus-special-edition-beard-balm\/#breadcrumb\"},\"inLanguage\":\"fi\",\"potentialAction\":[{\"@type\":\"ReadAction\",\"target\":[\"https:\/\/gcbarbers.ee\/fi\/epood\/solomons-octopus-special-edition-beard-balm\/\"]}]},{\"@type\":\"ImageObject\",\"inLanguage\":\"fi\",\"@id\":\"https:\/\/gcbarbers.ee\/fi\/epood\/solomons-octopus-special-edition-beard-balm\/#primaryimage\",\"url\":\"https:\/\/gcbarbers.ee\/wp-content\/uploads\/2023\/11\/Solomon_Octopus_Special_Edition_beard_balm.webp\",\"contentUrl\":\"https:\/\/gcbarbers.ee\/wp-content\/uploads\/2023\/11\/Solomon_Octopus_Special_Edition_beard_balm.webp\",\"width\":800,\"height\":800},{\"@type\":\"BreadcrumbList\",\"@id\":\"https:\/\/gcbarbers.ee\/fi\/epood\/solomons-octopus-special-edition-beard-balm\/#breadcrumb\",\"itemListElement\":[{\"@type\":\"ListItem\",\"position\":1,\"name\":\"Home\",\"item\":\"https:\/\/gcbarbers.ee\/fi\/\"},{\"@type\":\"ListItem\",\"position\":2,\"name\":\"Tooted\",\"item\":\"https:\/\/gcbarbers.ee\/shop\/\"},{\"@type\":\"ListItem\",\"position\":3,\"name\":\"Solomon&#8217;s Octopus Special Edition beard balm\"}]},{\"@type\":\"WebSite\",\"@id\":\"https:\/\/gcbarbers.ee\/#website\",\"url\":\"https:\/\/gcbarbers.ee\/\",\"name\":\"Gentleman Club\",\"description\":\"Barbershop Tallinn - Meeste Juuksur\",\"publisher\":{\"@id\":\"https:\/\/gcbarbers.ee\/#organization\"},\"potentialAction\":[{\"@type\":\"SearchAction\",\"target\":{\"@type\":\"EntryPoint\",\"urlTemplate\":\"https:\/\/gcbarbers.ee\/?s={search_term_string}\"},\"query-input\":{\"@type\":\"PropertyValueSpecification\",\"valueRequired\":true,\"valueName\":\"search_term_string\"}}],\"inLanguage\":\"fi\"},{\"@type\":\"Organization\",\"@id\":\"https:\/\/gcbarbers.ee\/#organization\",\"name\":\"Gentleman Club\",\"url\":\"https:\/\/gcbarbers.ee\/\",\"logo\":{\"@type\":\"ImageObject\",\"inLanguage\":\"fi\",\"@id\":\"https:\/\/gcbarbers.ee\/#\/schema\/logo\/image\/\",\"url\":\"https:\/\/gcbarbers.ee\/wp-content\/uploads\/2024\/02\/20240129_110626_0000-2.png\",\"contentUrl\":\"https:\/\/gcbarbers.ee\/wp-content\/uploads\/2024\/02\/20240129_110626_0000-2.png\",\"width\":500,\"height\":500,\"caption\":\"Gentleman Club\"},\"image\":{\"@id\":\"https:\/\/gcbarbers.ee\/#\/schema\/logo\/image\/\"},\"sameAs\":[\"https:\/\/www.facebook.com\/Cityhair.salong\"]}]}<\/script>\n<!-- \/ Yoast SEO plugin. -->","yoast_head_json":{"title":"Solomon's Octopus Special Edition beard balm | GC Barbers","robots":{"index":"index","follow":"follow","max-snippet":"max-snippet:-1","max-image-preview":"max-image-preview:large","max-video-preview":"max-video-preview:-1"},"canonical":"https:\/\/gcbarbers.ee\/fi\/epood\/solomons-octopus-special-edition-beard-balm\/","og_locale":"fi_FI","og_type":"article","og_title":"Solomon's Octopus Special Edition beard balm | GC Barbers","og_description":"Solomon\u2019s Octopus Special Edition Beard Balm on tahke habemepalsam, mis ei vaja loputamist. Kasutusjuhend Soovitatav on soojendada v\u00e4ike kogus toodet k\u00e4te vahel. Seej\u00e4rel kandke Octopus Beard Balm kogu habeme pikkusele ja masseerige hoolikalt. L\u00f5puks kammige laia hambaga kammiga v\u00f5i kujundage k\u00e4tega vastavalt soovitud l\u00f5pptulemusele. Koostisosad Shea- ja kakaov\u00f5i; argaania- ja jojoba\u00f5lid; ingveri, pat\u0161uli, bergamoti ja [&hellip;]","og_url":"https:\/\/gcbarbers.ee\/fi\/epood\/solomons-octopus-special-edition-beard-balm\/","og_site_name":"GC Barbers","article_publisher":"https:\/\/www.facebook.com\/Cityhair.salong","og_image":[{"width":1618,"height":703,"url":"https:\/\/gcbarbers.ee\/wp-content\/uploads\/2024\/03\/GC-Barbershop-ET.png","type":"image\/png"}],"twitter_card":"summary_large_image","twitter_misc":{"Arvioitu lukuaika":"1 minuutti"},"schema":{"@context":"https:\/\/schema.org","@graph":[{"@type":"WebPage","@id":"https:\/\/gcbarbers.ee\/fi\/epood\/solomons-octopus-special-edition-beard-balm\/","url":"https:\/\/gcbarbers.ee\/fi\/epood\/solomons-octopus-special-edition-beard-balm\/","name":"Solomon's Octopus Special Edition beard balm | GC Barbers","isPartOf":{"@id":"https:\/\/gcbarbers.ee\/#website"},"primaryImageOfPage":{"@id":"https:\/\/gcbarbers.ee\/fi\/epood\/solomons-octopus-special-edition-beard-balm\/#primaryimage"},"image":{"@id":"https:\/\/gcbarbers.ee\/fi\/epood\/solomons-octopus-special-edition-beard-balm\/#primaryimage"},"thumbnailUrl":"https:\/\/gcbarbers.ee\/wp-content\/uploads\/2023\/11\/Solomon_Octopus_Special_Edition_beard_balm.webp","datePublished":"2023-11-01T11:39:18+00:00","breadcrumb":{"@id":"https:\/\/gcbarbers.ee\/fi\/epood\/solomons-octopus-special-edition-beard-balm\/#breadcrumb"},"inLanguage":"fi","potentialAction":[{"@type":"ReadAction","target":["https:\/\/gcbarbers.ee\/fi\/epood\/solomons-octopus-special-edition-beard-balm\/"]}]},{"@type":"ImageObject","inLanguage":"fi","@id":"https:\/\/gcbarbers.ee\/fi\/epood\/solomons-octopus-special-edition-beard-balm\/#primaryimage","url":"https:\/\/gcbarbers.ee\/wp-content\/uploads\/2023\/11\/Solomon_Octopus_Special_Edition_beard_balm.webp","contentUrl":"https:\/\/gcbarbers.ee\/wp-content\/uploads\/2023\/11\/Solomon_Octopus_Special_Edition_beard_balm.webp","width":800,"height":800},{"@type":"BreadcrumbList","@id":"https:\/\/gcbarbers.ee\/fi\/epood\/solomons-octopus-special-edition-beard-balm\/#breadcrumb","itemListElement":[{"@type":"ListItem","position":1,"name":"Home","item":"https:\/\/gcbarbers.ee\/fi\/"},{"@type":"ListItem","position":2,"name":"Tooted","item":"https:\/\/gcbarbers.ee\/shop\/"},{"@type":"ListItem","position":3,"name":"Solomon&#8217;s Octopus Special Edition beard balm"}]},{"@type":"WebSite","@id":"https:\/\/gcbarbers.ee\/#website","url":"https:\/\/gcbarbers.ee\/","name":"Gentleman Club","description":"Barbershop Tallinn - Meeste Juuksur","publisher":{"@id":"https:\/\/gcbarbers.ee\/#organization"},"potentialAction":[{"@type":"SearchAction","target":{"@type":"EntryPoint","urlTemplate":"https:\/\/gcbarbers.ee\/?s={search_term_string}"},"query-input":{"@type":"PropertyValueSpecification","valueRequired":true,"valueName":"search_term_string"}}],"inLanguage":"fi"},{"@type":"Organization","@id":"https:\/\/gcbarbers.ee\/#organization","name":"Gentleman Club","url":"https:\/\/gcbarbers.ee\/","logo":{"@type":"ImageObject","inLanguage":"fi","@id":"https:\/\/gcbarbers.ee\/#\/schema\/logo\/image\/","url":"https:\/\/gcbarbers.ee\/wp-content\/uploads\/2024\/02\/20240129_110626_0000-2.png","contentUrl":"https:\/\/gcbarbers.ee\/wp-content\/uploads\/2024\/02\/20240129_110626_0000-2.png","width":500,"height":500,"caption":"Gentleman Club"},"image":{"@id":"https:\/\/gcbarbers.ee\/#\/schema\/logo\/image\/"},"sameAs":["https:\/\/www.facebook.com\/Cityhair.salong"]}]}},"_links":{"self":[{"href":"https:\/\/gcbarbers.ee\/fi\/wp-json\/wp\/v2\/product\/2011","targetHints":{"allow":["GET"]}}],"collection":[{"href":"https:\/\/gcbarbers.ee\/fi\/wp-json\/wp\/v2\/product"}],"about":[{"href":"https:\/\/gcbarbers.ee\/fi\/wp-json\/wp\/v2\/types\/product"}],"wp:featuredmedia":[{"embeddable":true,"href":"https:\/\/gcbarbers.ee\/fi\/wp-json\/wp\/v2\/media\/2015"}],"wp:attachment":[{"href":"https:\/\/gcbarbers.ee\/fi\/wp-json\/wp\/v2\/media?parent=2011"}],"wp:term":[{"taxonomy":"product_brand","embeddable":true,"href":"https:\/\/gcbarbers.ee\/fi\/wp-json\/wp\/v2\/product_brand?post=2011"},{"taxonomy":"product_cat","embeddable":true,"href":"https:\/\/gcbarbers.ee\/fi\/wp-json\/wp\/v2\/product_cat?post=2011"},{"taxonomy":"product_tag","embeddable":true,"href":"https:\/\/gcbarbers.ee\/fi\/wp-json\/wp\/v2\/product_tag?post=2011"}],"curies":[{"name":"wp","href":"https:\/\/api.w.org\/{rel}","templated":true}]}}