{"id":2019,"date":"2023-11-01T11:39:20","date_gmt":"2023-11-01T11:39:20","guid":{"rendered":"https:\/\/gcbarbers.ee\/epood\/lanza-stimulating-shampoo\/"},"modified":"2023-11-01T11:39:20","modified_gmt":"2023-11-01T11:39:20","slug":"lanza-stimulating-shampoo","status":"publish","type":"product","link":"https:\/\/gcbarbers.ee\/fi\/epood\/lanza-stimulating-shampoo\/","title":{"rendered":"Lanza Stimulating Shampoo"},"content":{"rendered":"<p>Stimuleerib juuste kasvu, parandab vereringet, s\u00e4ilitab niiskust ja hoolitseb peanaha eest. Puhastab \u00f5rnalt ja valmistab naha ette NOURISH sarja aktiivsete koostisosade toimeks. Eemaldab \u00f5rnalt kuivusest tingitud helbed, rasu ja dih\u00fcdrotestosterooni. Anagen 7 s\u00fcsteem pikendab juuste kasvufaasi. Ei sisalda parabeene ega ravimeid, pole k\u00f5rvaltoimeid. Sobib kasutamiseks imetavatele ja rasedatele naistele. V\u00e4rvikaitse v\u00e4rvitud juustele.<\/p>\n<p><strong>Kasutusjuhend<\/strong><\/p>\n<p>Kanna v\u00e4ike kogus \u0161ampooni peanahale ja vahusta. V\u00f5imalusel tee v\u00e4ike massaa\u017e umbes 3 minutit. Loputa veega. Juuste pesemise ajal masseerides proovi peanahka &#8221;liigutada&#8221;, mitte ainult silitada. Kui sul on raske \u0161ampooni juustesse vahustada, lisa rohkem vett. Sulfaadivaba \u0161ampoonip\u00f5hi vajab rohkem niiskust kui tavalised \u0161ampoonid. Soovitatav on juukseid pesta 2 korda: esimene pesu eemaldab kogunenud mustuse, teine pesu k\u00fcllastab juukseid toitainetega.<\/p>\n<p><strong>Koostisosad<\/strong><\/p>\n<p>Jaapani loorberi, lagritsa juure, vaarika, aaloe lehtede, rohelise hernese, kaktuse\u00f5ie, fotojuure, piparm\u00fcndi, hobukastani, bambusev\u00f5su, keratiini aminohapete ja mentooli ekstraktid.<\/p>\n","protected":false},"excerpt":{"rendered":"<p>Stimuleerib juuste kasvu, parandab vereringet, s\u00e4ilitab niiskust ja hoolitseb peanaha eest. Puhastab \u00f5rnalt ja valmistab naha ette NOURISH sarja aktiivsete koostisosade toimeks. Eemaldab \u00f5rnalt kuivusest tingitud helbed, rasu ja dih\u00fcdrotestosterooni. Anagen 7 s\u00fcsteem pikendab juuste kasvufaasi. Ei sisalda parabeene ega ravimeid, pole k\u00f5rvaltoimeid. Sobib kasutamiseks imetavatele ja rasedatele naistele. V\u00e4rvikaitse v\u00e4rvitud juustele. Kasutusjuhend Kanna v\u00e4ike [&hellip;]<\/p>\n","protected":false},"featured_media":2021,"template":"","meta":{"_et_pb_use_builder":"","_et_pb_old_content":"","_et_gb_content_width":"","inline_featured_image":false},"product_brand":[],"product_cat":[112,113],"product_tag":[],"class_list":{"0":"post-2019","1":"product","2":"type-product","3":"status-publish","4":"has-post-thumbnail","6":"product_cat-hair-care-fi","7":"product_cat-shampoo-fi","9":"first","10":"instock","11":"purchasable","12":"product-type-simple"},"yoast_head":"<!-- This site is optimized with the Yoast SEO plugin v24.9 - https:\/\/yoast.com\/wordpress\/plugins\/seo\/ -->\n<title>Lanza Stimulating Shampoo | GC Barbers<\/title>\n<meta name=\"robots\" content=\"index, follow, max-snippet:-1, max-image-preview:large, max-video-preview:-1\" \/>\n<link rel=\"canonical\" href=\"https:\/\/gcbarbers.ee\/fi\/epood\/lanza-stimulating-shampoo\/\" \/>\n<meta property=\"og:locale\" content=\"fi_FI\" \/>\n<meta property=\"og:type\" content=\"article\" \/>\n<meta property=\"og:title\" content=\"Lanza Stimulating Shampoo | GC Barbers\" \/>\n<meta property=\"og:description\" content=\"Stimuleerib juuste kasvu, parandab vereringet, s\u00e4ilitab niiskust ja hoolitseb peanaha eest. Puhastab \u00f5rnalt ja valmistab naha ette NOURISH sarja aktiivsete koostisosade toimeks. Eemaldab \u00f5rnalt kuivusest tingitud helbed, rasu ja dih\u00fcdrotestosterooni. Anagen 7 s\u00fcsteem pikendab juuste kasvufaasi. Ei sisalda parabeene ega ravimeid, pole k\u00f5rvaltoimeid. Sobib kasutamiseks imetavatele ja rasedatele naistele. V\u00e4rvikaitse v\u00e4rvitud juustele. Kasutusjuhend Kanna v\u00e4ike [&hellip;]\" \/>\n<meta property=\"og:url\" content=\"https:\/\/gcbarbers.ee\/fi\/epood\/lanza-stimulating-shampoo\/\" \/>\n<meta property=\"og:site_name\" content=\"GC Barbers\" \/>\n<meta property=\"article:publisher\" content=\"https:\/\/www.facebook.com\/Cityhair.salong\" \/>\n<meta property=\"og:image\" content=\"https:\/\/gcbarbers.ee\/wp-content\/uploads\/2024\/03\/GC-Barbershop-ET.png\" \/>\n\t<meta property=\"og:image:width\" content=\"1618\" \/>\n\t<meta property=\"og:image:height\" content=\"703\" \/>\n\t<meta property=\"og:image:type\" content=\"image\/png\" \/>\n<meta name=\"twitter:card\" content=\"summary_large_image\" \/>\n<meta name=\"twitter:label1\" content=\"Arvioitu lukuaika\" \/>\n\t<meta name=\"twitter:data1\" content=\"1 minuutti\" \/>\n<script type=\"application\/ld+json\" class=\"yoast-schema-graph\">{\"@context\":\"https:\/\/schema.org\",\"@graph\":[{\"@type\":\"WebPage\",\"@id\":\"https:\/\/gcbarbers.ee\/fi\/epood\/lanza-stimulating-shampoo\/\",\"url\":\"https:\/\/gcbarbers.ee\/fi\/epood\/lanza-stimulating-shampoo\/\",\"name\":\"Lanza Stimulating Shampoo | GC Barbers\",\"isPartOf\":{\"@id\":\"https:\/\/gcbarbers.ee\/#website\"},\"primaryImageOfPage\":{\"@id\":\"https:\/\/gcbarbers.ee\/fi\/epood\/lanza-stimulating-shampoo\/#primaryimage\"},\"image\":{\"@id\":\"https:\/\/gcbarbers.ee\/fi\/epood\/lanza-stimulating-shampoo\/#primaryimage\"},\"thumbnailUrl\":\"https:\/\/gcbarbers.ee\/wp-content\/uploads\/2023\/11\/Lanza_Stimulating_Shampoo.webp\",\"datePublished\":\"2023-11-01T11:39:20+00:00\",\"breadcrumb\":{\"@id\":\"https:\/\/gcbarbers.ee\/fi\/epood\/lanza-stimulating-shampoo\/#breadcrumb\"},\"inLanguage\":\"fi\",\"potentialAction\":[{\"@type\":\"ReadAction\",\"target\":[\"https:\/\/gcbarbers.ee\/fi\/epood\/lanza-stimulating-shampoo\/\"]}]},{\"@type\":\"ImageObject\",\"inLanguage\":\"fi\",\"@id\":\"https:\/\/gcbarbers.ee\/fi\/epood\/lanza-stimulating-shampoo\/#primaryimage\",\"url\":\"https:\/\/gcbarbers.ee\/wp-content\/uploads\/2023\/11\/Lanza_Stimulating_Shampoo.webp\",\"contentUrl\":\"https:\/\/gcbarbers.ee\/wp-content\/uploads\/2023\/11\/Lanza_Stimulating_Shampoo.webp\",\"width\":800,\"height\":800},{\"@type\":\"BreadcrumbList\",\"@id\":\"https:\/\/gcbarbers.ee\/fi\/epood\/lanza-stimulating-shampoo\/#breadcrumb\",\"itemListElement\":[{\"@type\":\"ListItem\",\"position\":1,\"name\":\"Home\",\"item\":\"https:\/\/gcbarbers.ee\/fi\/\"},{\"@type\":\"ListItem\",\"position\":2,\"name\":\"Tooted\",\"item\":\"https:\/\/gcbarbers.ee\/shop\/\"},{\"@type\":\"ListItem\",\"position\":3,\"name\":\"Lanza Stimulating Shampoo\"}]},{\"@type\":\"WebSite\",\"@id\":\"https:\/\/gcbarbers.ee\/#website\",\"url\":\"https:\/\/gcbarbers.ee\/\",\"name\":\"Gentleman Club\",\"description\":\"Barbershop Tallinn - Meeste Juuksur\",\"publisher\":{\"@id\":\"https:\/\/gcbarbers.ee\/#organization\"},\"potentialAction\":[{\"@type\":\"SearchAction\",\"target\":{\"@type\":\"EntryPoint\",\"urlTemplate\":\"https:\/\/gcbarbers.ee\/?s={search_term_string}\"},\"query-input\":{\"@type\":\"PropertyValueSpecification\",\"valueRequired\":true,\"valueName\":\"search_term_string\"}}],\"inLanguage\":\"fi\"},{\"@type\":\"Organization\",\"@id\":\"https:\/\/gcbarbers.ee\/#organization\",\"name\":\"Gentleman Club\",\"url\":\"https:\/\/gcbarbers.ee\/\",\"logo\":{\"@type\":\"ImageObject\",\"inLanguage\":\"fi\",\"@id\":\"https:\/\/gcbarbers.ee\/#\/schema\/logo\/image\/\",\"url\":\"https:\/\/gcbarbers.ee\/wp-content\/uploads\/2024\/02\/20240129_110626_0000-2.png\",\"contentUrl\":\"https:\/\/gcbarbers.ee\/wp-content\/uploads\/2024\/02\/20240129_110626_0000-2.png\",\"width\":500,\"height\":500,\"caption\":\"Gentleman Club\"},\"image\":{\"@id\":\"https:\/\/gcbarbers.ee\/#\/schema\/logo\/image\/\"},\"sameAs\":[\"https:\/\/www.facebook.com\/Cityhair.salong\"]}]}<\/script>\n<!-- \/ Yoast SEO plugin. -->","yoast_head_json":{"title":"Lanza Stimulating Shampoo | GC Barbers","robots":{"index":"index","follow":"follow","max-snippet":"max-snippet:-1","max-image-preview":"max-image-preview:large","max-video-preview":"max-video-preview:-1"},"canonical":"https:\/\/gcbarbers.ee\/fi\/epood\/lanza-stimulating-shampoo\/","og_locale":"fi_FI","og_type":"article","og_title":"Lanza Stimulating Shampoo | GC Barbers","og_description":"Stimuleerib juuste kasvu, parandab vereringet, s\u00e4ilitab niiskust ja hoolitseb peanaha eest. Puhastab \u00f5rnalt ja valmistab naha ette NOURISH sarja aktiivsete koostisosade toimeks. Eemaldab \u00f5rnalt kuivusest tingitud helbed, rasu ja dih\u00fcdrotestosterooni. Anagen 7 s\u00fcsteem pikendab juuste kasvufaasi. Ei sisalda parabeene ega ravimeid, pole k\u00f5rvaltoimeid. Sobib kasutamiseks imetavatele ja rasedatele naistele. V\u00e4rvikaitse v\u00e4rvitud juustele. Kasutusjuhend Kanna v\u00e4ike [&hellip;]","og_url":"https:\/\/gcbarbers.ee\/fi\/epood\/lanza-stimulating-shampoo\/","og_site_name":"GC Barbers","article_publisher":"https:\/\/www.facebook.com\/Cityhair.salong","og_image":[{"width":1618,"height":703,"url":"https:\/\/gcbarbers.ee\/wp-content\/uploads\/2024\/03\/GC-Barbershop-ET.png","type":"image\/png"}],"twitter_card":"summary_large_image","twitter_misc":{"Arvioitu lukuaika":"1 minuutti"},"schema":{"@context":"https:\/\/schema.org","@graph":[{"@type":"WebPage","@id":"https:\/\/gcbarbers.ee\/fi\/epood\/lanza-stimulating-shampoo\/","url":"https:\/\/gcbarbers.ee\/fi\/epood\/lanza-stimulating-shampoo\/","name":"Lanza Stimulating Shampoo | GC Barbers","isPartOf":{"@id":"https:\/\/gcbarbers.ee\/#website"},"primaryImageOfPage":{"@id":"https:\/\/gcbarbers.ee\/fi\/epood\/lanza-stimulating-shampoo\/#primaryimage"},"image":{"@id":"https:\/\/gcbarbers.ee\/fi\/epood\/lanza-stimulating-shampoo\/#primaryimage"},"thumbnailUrl":"https:\/\/gcbarbers.ee\/wp-content\/uploads\/2023\/11\/Lanza_Stimulating_Shampoo.webp","datePublished":"2023-11-01T11:39:20+00:00","breadcrumb":{"@id":"https:\/\/gcbarbers.ee\/fi\/epood\/lanza-stimulating-shampoo\/#breadcrumb"},"inLanguage":"fi","potentialAction":[{"@type":"ReadAction","target":["https:\/\/gcbarbers.ee\/fi\/epood\/lanza-stimulating-shampoo\/"]}]},{"@type":"ImageObject","inLanguage":"fi","@id":"https:\/\/gcbarbers.ee\/fi\/epood\/lanza-stimulating-shampoo\/#primaryimage","url":"https:\/\/gcbarbers.ee\/wp-content\/uploads\/2023\/11\/Lanza_Stimulating_Shampoo.webp","contentUrl":"https:\/\/gcbarbers.ee\/wp-content\/uploads\/2023\/11\/Lanza_Stimulating_Shampoo.webp","width":800,"height":800},{"@type":"BreadcrumbList","@id":"https:\/\/gcbarbers.ee\/fi\/epood\/lanza-stimulating-shampoo\/#breadcrumb","itemListElement":[{"@type":"ListItem","position":1,"name":"Home","item":"https:\/\/gcbarbers.ee\/fi\/"},{"@type":"ListItem","position":2,"name":"Tooted","item":"https:\/\/gcbarbers.ee\/shop\/"},{"@type":"ListItem","position":3,"name":"Lanza Stimulating Shampoo"}]},{"@type":"WebSite","@id":"https:\/\/gcbarbers.ee\/#website","url":"https:\/\/gcbarbers.ee\/","name":"Gentleman Club","description":"Barbershop Tallinn - Meeste Juuksur","publisher":{"@id":"https:\/\/gcbarbers.ee\/#organization"},"potentialAction":[{"@type":"SearchAction","target":{"@type":"EntryPoint","urlTemplate":"https:\/\/gcbarbers.ee\/?s={search_term_string}"},"query-input":{"@type":"PropertyValueSpecification","valueRequired":true,"valueName":"search_term_string"}}],"inLanguage":"fi"},{"@type":"Organization","@id":"https:\/\/gcbarbers.ee\/#organization","name":"Gentleman Club","url":"https:\/\/gcbarbers.ee\/","logo":{"@type":"ImageObject","inLanguage":"fi","@id":"https:\/\/gcbarbers.ee\/#\/schema\/logo\/image\/","url":"https:\/\/gcbarbers.ee\/wp-content\/uploads\/2024\/02\/20240129_110626_0000-2.png","contentUrl":"https:\/\/gcbarbers.ee\/wp-content\/uploads\/2024\/02\/20240129_110626_0000-2.png","width":500,"height":500,"caption":"Gentleman Club"},"image":{"@id":"https:\/\/gcbarbers.ee\/#\/schema\/logo\/image\/"},"sameAs":["https:\/\/www.facebook.com\/Cityhair.salong"]}]}},"_links":{"self":[{"href":"https:\/\/gcbarbers.ee\/fi\/wp-json\/wp\/v2\/product\/2019","targetHints":{"allow":["GET"]}}],"collection":[{"href":"https:\/\/gcbarbers.ee\/fi\/wp-json\/wp\/v2\/product"}],"about":[{"href":"https:\/\/gcbarbers.ee\/fi\/wp-json\/wp\/v2\/types\/product"}],"wp:featuredmedia":[{"embeddable":true,"href":"https:\/\/gcbarbers.ee\/fi\/wp-json\/wp\/v2\/media\/2021"}],"wp:attachment":[{"href":"https:\/\/gcbarbers.ee\/fi\/wp-json\/wp\/v2\/media?parent=2019"}],"wp:term":[{"taxonomy":"product_brand","embeddable":true,"href":"https:\/\/gcbarbers.ee\/fi\/wp-json\/wp\/v2\/product_brand?post=2019"},{"taxonomy":"product_cat","embeddable":true,"href":"https:\/\/gcbarbers.ee\/fi\/wp-json\/wp\/v2\/product_cat?post=2019"},{"taxonomy":"product_tag","embeddable":true,"href":"https:\/\/gcbarbers.ee\/fi\/wp-json\/wp\/v2\/product_tag?post=2019"}],"curies":[{"name":"wp","href":"https:\/\/api.w.org\/{rel}","templated":true}]}}