{"id":2022,"date":"2023-11-01T11:39:20","date_gmt":"2023-11-01T11:39:20","guid":{"rendered":"https:\/\/gcbarbers.ee\/epood\/lanza-stimulating-treatment\/"},"modified":"2023-11-01T11:39:20","modified_gmt":"2023-11-01T11:39:20","slug":"lanza-stimulating-treatment","status":"publish","type":"product","link":"https:\/\/gcbarbers.ee\/fi\/epood\/lanza-stimulating-treatment\/","title":{"rendered":"Lanza Stimulating Treatment"},"content":{"rendered":"<p>Juustesse j\u00e4etav ravim juuste v\u00e4ljalangemise vastu stimuleerib juuksefolliikuleid v\u00f5imsate toitainetega ja kiirendab kasvu. Pakub s\u00fcgavat ja pikaajalist toitumist. Anagen 7 s\u00fcsteem pikendab kasvufaasi, parandab ainevahetust ja regenereerimist. L\u00e4bipaistev valge vedelik piparm\u00fcndi maitsega. P\u00e4rast nahale kandmist tunnete v\u00e4rskust, imendumise j\u00e4rel aktiveerub vereringe. Pihustatakse otse nahale ja sellel on intensiivne nahka aktiveeriv toime. Stimuleerib juuksefolliikuleid v\u00f5imsate toitainetega. J\u00e4etuna juustesse pakub see s\u00fcgavat ja pikaajalist toitumist tervete juuste kasvu soodustamiseks.<\/p>\n<p><strong>Kasutusjuhend<\/strong><\/p>\n<p>Kandke toode r\u00e4tikukuivadesse juustesse.<\/p>\n<p><strong>Koostisosad<\/strong><\/p>\n<p>Foti juure, piparm\u00fcndi, hobukastani, bambusev\u00f5su, Jaapani loorberi, lakritsa juure, vaarika, aaloe lehtede, rohelise hernese, kaktuse\u00f5ie, keratiini aminohapete ja mentooli ekstraktid.<\/p>\n","protected":false},"excerpt":{"rendered":"<p>Juustesse j\u00e4etav ravim juuste v\u00e4ljalangemise vastu stimuleerib juuksefolliikuleid v\u00f5imsate toitainetega ja kiirendab kasvu. Pakub s\u00fcgavat ja pikaajalist toitumist. Anagen 7 s\u00fcsteem pikendab kasvufaasi, parandab ainevahetust ja regenereerimist. L\u00e4bipaistev valge vedelik piparm\u00fcndi maitsega. P\u00e4rast nahale kandmist tunnete v\u00e4rskust, imendumise j\u00e4rel aktiveerub vereringe. Pihustatakse otse nahale ja sellel on intensiivne nahka aktiveeriv toime. Stimuleerib juuksefolliikuleid v\u00f5imsate toitainetega. [&hellip;]<\/p>\n","protected":false},"featured_media":2024,"template":"","meta":{"_et_pb_use_builder":"","_et_pb_old_content":"","_et_gb_content_width":"","inline_featured_image":false},"product_brand":[],"product_cat":[112,114],"product_tag":[],"class_list":{"0":"post-2022","1":"product","2":"type-product","3":"status-publish","4":"has-post-thumbnail","6":"product_cat-hair-care-fi","7":"product_cat-hair-care-en-fi","9":"first","10":"instock","11":"purchasable","12":"product-type-simple"},"yoast_head":"<!-- This site is optimized with the Yoast SEO plugin v24.9 - https:\/\/yoast.com\/wordpress\/plugins\/seo\/ -->\n<title>Lanza Stimulating Treatment | GC Barbers<\/title>\n<meta name=\"robots\" content=\"index, follow, max-snippet:-1, max-image-preview:large, max-video-preview:-1\" \/>\n<link rel=\"canonical\" href=\"https:\/\/gcbarbers.ee\/fi\/epood\/lanza-stimulating-treatment\/\" \/>\n<meta property=\"og:locale\" content=\"fi_FI\" \/>\n<meta property=\"og:type\" content=\"article\" \/>\n<meta property=\"og:title\" content=\"Lanza Stimulating Treatment | GC Barbers\" \/>\n<meta property=\"og:description\" content=\"Juustesse j\u00e4etav ravim juuste v\u00e4ljalangemise vastu stimuleerib juuksefolliikuleid v\u00f5imsate toitainetega ja kiirendab kasvu. Pakub s\u00fcgavat ja pikaajalist toitumist. Anagen 7 s\u00fcsteem pikendab kasvufaasi, parandab ainevahetust ja regenereerimist. L\u00e4bipaistev valge vedelik piparm\u00fcndi maitsega. P\u00e4rast nahale kandmist tunnete v\u00e4rskust, imendumise j\u00e4rel aktiveerub vereringe. Pihustatakse otse nahale ja sellel on intensiivne nahka aktiveeriv toime. Stimuleerib juuksefolliikuleid v\u00f5imsate toitainetega. [&hellip;]\" \/>\n<meta property=\"og:url\" content=\"https:\/\/gcbarbers.ee\/fi\/epood\/lanza-stimulating-treatment\/\" \/>\n<meta property=\"og:site_name\" content=\"GC Barbers\" \/>\n<meta property=\"article:publisher\" content=\"https:\/\/www.facebook.com\/Cityhair.salong\" \/>\n<meta property=\"og:image\" content=\"https:\/\/gcbarbers.ee\/wp-content\/uploads\/2024\/03\/GC-Barbershop-ET.png\" \/>\n\t<meta property=\"og:image:width\" content=\"1618\" \/>\n\t<meta property=\"og:image:height\" content=\"703\" \/>\n\t<meta property=\"og:image:type\" content=\"image\/png\" \/>\n<meta name=\"twitter:card\" content=\"summary_large_image\" \/>\n<meta name=\"twitter:label1\" content=\"Arvioitu lukuaika\" \/>\n\t<meta name=\"twitter:data1\" content=\"1 minuutti\" \/>\n<script type=\"application\/ld+json\" class=\"yoast-schema-graph\">{\"@context\":\"https:\/\/schema.org\",\"@graph\":[{\"@type\":\"WebPage\",\"@id\":\"https:\/\/gcbarbers.ee\/fi\/epood\/lanza-stimulating-treatment\/\",\"url\":\"https:\/\/gcbarbers.ee\/fi\/epood\/lanza-stimulating-treatment\/\",\"name\":\"Lanza Stimulating Treatment | GC Barbers\",\"isPartOf\":{\"@id\":\"https:\/\/gcbarbers.ee\/#website\"},\"primaryImageOfPage\":{\"@id\":\"https:\/\/gcbarbers.ee\/fi\/epood\/lanza-stimulating-treatment\/#primaryimage\"},\"image\":{\"@id\":\"https:\/\/gcbarbers.ee\/fi\/epood\/lanza-stimulating-treatment\/#primaryimage\"},\"thumbnailUrl\":\"https:\/\/gcbarbers.ee\/wp-content\/uploads\/2023\/11\/Lanza_Stimulating_Treatment.webp\",\"datePublished\":\"2023-11-01T11:39:20+00:00\",\"breadcrumb\":{\"@id\":\"https:\/\/gcbarbers.ee\/fi\/epood\/lanza-stimulating-treatment\/#breadcrumb\"},\"inLanguage\":\"fi\",\"potentialAction\":[{\"@type\":\"ReadAction\",\"target\":[\"https:\/\/gcbarbers.ee\/fi\/epood\/lanza-stimulating-treatment\/\"]}]},{\"@type\":\"ImageObject\",\"inLanguage\":\"fi\",\"@id\":\"https:\/\/gcbarbers.ee\/fi\/epood\/lanza-stimulating-treatment\/#primaryimage\",\"url\":\"https:\/\/gcbarbers.ee\/wp-content\/uploads\/2023\/11\/Lanza_Stimulating_Treatment.webp\",\"contentUrl\":\"https:\/\/gcbarbers.ee\/wp-content\/uploads\/2023\/11\/Lanza_Stimulating_Treatment.webp\",\"width\":800,\"height\":800},{\"@type\":\"BreadcrumbList\",\"@id\":\"https:\/\/gcbarbers.ee\/fi\/epood\/lanza-stimulating-treatment\/#breadcrumb\",\"itemListElement\":[{\"@type\":\"ListItem\",\"position\":1,\"name\":\"Home\",\"item\":\"https:\/\/gcbarbers.ee\/fi\/\"},{\"@type\":\"ListItem\",\"position\":2,\"name\":\"Tooted\",\"item\":\"https:\/\/gcbarbers.ee\/shop\/\"},{\"@type\":\"ListItem\",\"position\":3,\"name\":\"Lanza Stimulating Treatment\"}]},{\"@type\":\"WebSite\",\"@id\":\"https:\/\/gcbarbers.ee\/#website\",\"url\":\"https:\/\/gcbarbers.ee\/\",\"name\":\"Gentleman Club\",\"description\":\"Barbershop Tallinn - Meeste Juuksur\",\"publisher\":{\"@id\":\"https:\/\/gcbarbers.ee\/#organization\"},\"potentialAction\":[{\"@type\":\"SearchAction\",\"target\":{\"@type\":\"EntryPoint\",\"urlTemplate\":\"https:\/\/gcbarbers.ee\/?s={search_term_string}\"},\"query-input\":{\"@type\":\"PropertyValueSpecification\",\"valueRequired\":true,\"valueName\":\"search_term_string\"}}],\"inLanguage\":\"fi\"},{\"@type\":\"Organization\",\"@id\":\"https:\/\/gcbarbers.ee\/#organization\",\"name\":\"Gentleman Club\",\"url\":\"https:\/\/gcbarbers.ee\/\",\"logo\":{\"@type\":\"ImageObject\",\"inLanguage\":\"fi\",\"@id\":\"https:\/\/gcbarbers.ee\/#\/schema\/logo\/image\/\",\"url\":\"https:\/\/gcbarbers.ee\/wp-content\/uploads\/2024\/02\/20240129_110626_0000-2.png\",\"contentUrl\":\"https:\/\/gcbarbers.ee\/wp-content\/uploads\/2024\/02\/20240129_110626_0000-2.png\",\"width\":500,\"height\":500,\"caption\":\"Gentleman Club\"},\"image\":{\"@id\":\"https:\/\/gcbarbers.ee\/#\/schema\/logo\/image\/\"},\"sameAs\":[\"https:\/\/www.facebook.com\/Cityhair.salong\"]}]}<\/script>\n<!-- \/ Yoast SEO plugin. -->","yoast_head_json":{"title":"Lanza Stimulating Treatment | GC Barbers","robots":{"index":"index","follow":"follow","max-snippet":"max-snippet:-1","max-image-preview":"max-image-preview:large","max-video-preview":"max-video-preview:-1"},"canonical":"https:\/\/gcbarbers.ee\/fi\/epood\/lanza-stimulating-treatment\/","og_locale":"fi_FI","og_type":"article","og_title":"Lanza Stimulating Treatment | GC Barbers","og_description":"Juustesse j\u00e4etav ravim juuste v\u00e4ljalangemise vastu stimuleerib juuksefolliikuleid v\u00f5imsate toitainetega ja kiirendab kasvu. Pakub s\u00fcgavat ja pikaajalist toitumist. Anagen 7 s\u00fcsteem pikendab kasvufaasi, parandab ainevahetust ja regenereerimist. L\u00e4bipaistev valge vedelik piparm\u00fcndi maitsega. P\u00e4rast nahale kandmist tunnete v\u00e4rskust, imendumise j\u00e4rel aktiveerub vereringe. Pihustatakse otse nahale ja sellel on intensiivne nahka aktiveeriv toime. Stimuleerib juuksefolliikuleid v\u00f5imsate toitainetega. [&hellip;]","og_url":"https:\/\/gcbarbers.ee\/fi\/epood\/lanza-stimulating-treatment\/","og_site_name":"GC Barbers","article_publisher":"https:\/\/www.facebook.com\/Cityhair.salong","og_image":[{"width":1618,"height":703,"url":"https:\/\/gcbarbers.ee\/wp-content\/uploads\/2024\/03\/GC-Barbershop-ET.png","type":"image\/png"}],"twitter_card":"summary_large_image","twitter_misc":{"Arvioitu lukuaika":"1 minuutti"},"schema":{"@context":"https:\/\/schema.org","@graph":[{"@type":"WebPage","@id":"https:\/\/gcbarbers.ee\/fi\/epood\/lanza-stimulating-treatment\/","url":"https:\/\/gcbarbers.ee\/fi\/epood\/lanza-stimulating-treatment\/","name":"Lanza Stimulating Treatment | GC Barbers","isPartOf":{"@id":"https:\/\/gcbarbers.ee\/#website"},"primaryImageOfPage":{"@id":"https:\/\/gcbarbers.ee\/fi\/epood\/lanza-stimulating-treatment\/#primaryimage"},"image":{"@id":"https:\/\/gcbarbers.ee\/fi\/epood\/lanza-stimulating-treatment\/#primaryimage"},"thumbnailUrl":"https:\/\/gcbarbers.ee\/wp-content\/uploads\/2023\/11\/Lanza_Stimulating_Treatment.webp","datePublished":"2023-11-01T11:39:20+00:00","breadcrumb":{"@id":"https:\/\/gcbarbers.ee\/fi\/epood\/lanza-stimulating-treatment\/#breadcrumb"},"inLanguage":"fi","potentialAction":[{"@type":"ReadAction","target":["https:\/\/gcbarbers.ee\/fi\/epood\/lanza-stimulating-treatment\/"]}]},{"@type":"ImageObject","inLanguage":"fi","@id":"https:\/\/gcbarbers.ee\/fi\/epood\/lanza-stimulating-treatment\/#primaryimage","url":"https:\/\/gcbarbers.ee\/wp-content\/uploads\/2023\/11\/Lanza_Stimulating_Treatment.webp","contentUrl":"https:\/\/gcbarbers.ee\/wp-content\/uploads\/2023\/11\/Lanza_Stimulating_Treatment.webp","width":800,"height":800},{"@type":"BreadcrumbList","@id":"https:\/\/gcbarbers.ee\/fi\/epood\/lanza-stimulating-treatment\/#breadcrumb","itemListElement":[{"@type":"ListItem","position":1,"name":"Home","item":"https:\/\/gcbarbers.ee\/fi\/"},{"@type":"ListItem","position":2,"name":"Tooted","item":"https:\/\/gcbarbers.ee\/shop\/"},{"@type":"ListItem","position":3,"name":"Lanza Stimulating Treatment"}]},{"@type":"WebSite","@id":"https:\/\/gcbarbers.ee\/#website","url":"https:\/\/gcbarbers.ee\/","name":"Gentleman Club","description":"Barbershop Tallinn - Meeste Juuksur","publisher":{"@id":"https:\/\/gcbarbers.ee\/#organization"},"potentialAction":[{"@type":"SearchAction","target":{"@type":"EntryPoint","urlTemplate":"https:\/\/gcbarbers.ee\/?s={search_term_string}"},"query-input":{"@type":"PropertyValueSpecification","valueRequired":true,"valueName":"search_term_string"}}],"inLanguage":"fi"},{"@type":"Organization","@id":"https:\/\/gcbarbers.ee\/#organization","name":"Gentleman Club","url":"https:\/\/gcbarbers.ee\/","logo":{"@type":"ImageObject","inLanguage":"fi","@id":"https:\/\/gcbarbers.ee\/#\/schema\/logo\/image\/","url":"https:\/\/gcbarbers.ee\/wp-content\/uploads\/2024\/02\/20240129_110626_0000-2.png","contentUrl":"https:\/\/gcbarbers.ee\/wp-content\/uploads\/2024\/02\/20240129_110626_0000-2.png","width":500,"height":500,"caption":"Gentleman Club"},"image":{"@id":"https:\/\/gcbarbers.ee\/#\/schema\/logo\/image\/"},"sameAs":["https:\/\/www.facebook.com\/Cityhair.salong"]}]}},"_links":{"self":[{"href":"https:\/\/gcbarbers.ee\/fi\/wp-json\/wp\/v2\/product\/2022","targetHints":{"allow":["GET"]}}],"collection":[{"href":"https:\/\/gcbarbers.ee\/fi\/wp-json\/wp\/v2\/product"}],"about":[{"href":"https:\/\/gcbarbers.ee\/fi\/wp-json\/wp\/v2\/types\/product"}],"wp:featuredmedia":[{"embeddable":true,"href":"https:\/\/gcbarbers.ee\/fi\/wp-json\/wp\/v2\/media\/2024"}],"wp:attachment":[{"href":"https:\/\/gcbarbers.ee\/fi\/wp-json\/wp\/v2\/media?parent=2022"}],"wp:term":[{"taxonomy":"product_brand","embeddable":true,"href":"https:\/\/gcbarbers.ee\/fi\/wp-json\/wp\/v2\/product_brand?post=2022"},{"taxonomy":"product_cat","embeddable":true,"href":"https:\/\/gcbarbers.ee\/fi\/wp-json\/wp\/v2\/product_cat?post=2022"},{"taxonomy":"product_tag","embeddable":true,"href":"https:\/\/gcbarbers.ee\/fi\/wp-json\/wp\/v2\/product_tag?post=2022"}],"curies":[{"name":"wp","href":"https:\/\/api.w.org\/{rel}","templated":true}]}}