{"id":2027,"date":"2023-11-01T11:39:20","date_gmt":"2023-11-01T11:39:20","guid":{"rendered":"https:\/\/gcbarbers.ee\/epood\/davines-more-inside-sea-salt-spray-100ml\/"},"modified":"2023-11-01T11:39:20","modified_gmt":"2023-11-01T11:39:20","slug":"davines-more-inside-sea-salt-spray-100ml","status":"publish","type":"product","link":"https:\/\/gcbarbers.ee\/fi\/epood\/davines-more-inside-sea-salt-spray-100ml\/","title":{"rendered":"Davines More Inside Sea Salt Spray 100ml"},"content":{"rendered":"<p>Stiilisprei mere soolast, mis annab juustele v\u00e4rvit\u00e4iuse ja vol\u00fc\u00fcmi mati viimistlusega. Eelised: * lisab tekstuuri * \u00e4\u00e4rmuslik maht * kerge kontroll * kuiv efekt: annab sasise ja rannaefektiga v\u00e4limuse * annab keha, v\u00e4hendades elektrostaatilist efekti. Valem on parabeenivaba ja ilma lisav\u00e4rvaineteta.<\/p>\n<p><strong>Kasutusjuhend<\/strong><\/p>\n<p>Pihustage m\u00e4rgadele juustele enne stiilimist, et anda keha, v\u00f5i kuivadele juustele, et suurendada mahtu ja mati efekti. S\u00f5ltuvalt juuste tihedusest, pikkusest ja soovitud efektist kandke 3 g kuni 5 g toodet.<\/p>\n<p><strong>Koostisosad<\/strong><\/p>\n<p>AQUA \/ WATER \/ EAU, MAGNESIUM SULFATE, PROPANEDIOL, SODIUM CHLORIDE, POLYSORBATE 20, POTASSIUM SORBATE, PARFUM \/ FRAGRANCE, CITRIC ACID, MARIS SAL \/ SEA SALT \/ SEL MARIN, METHYLISOTHIAZOLINONE<\/p>\n","protected":false},"excerpt":{"rendered":"<p>Stiilisprei mere soolast, mis annab juustele v\u00e4rvit\u00e4iuse ja vol\u00fc\u00fcmi mati viimistlusega. Eelised: * lisab tekstuuri * \u00e4\u00e4rmuslik maht * kerge kontroll * kuiv efekt: annab sasise ja rannaefektiga v\u00e4limuse * annab keha, v\u00e4hendades elektrostaatilist efekti. Valem on parabeenivaba ja ilma lisav\u00e4rvaineteta. Kasutusjuhend Pihustage m\u00e4rgadele juustele enne stiilimist, et anda keha, v\u00f5i kuivadele juustele, et suurendada [&hellip;]<\/p>\n","protected":false},"featured_media":2026,"template":"","meta":{"_et_pb_use_builder":"","_et_pb_old_content":"","_et_gb_content_width":"","inline_featured_image":false},"product_brand":[],"product_cat":[111,115],"product_tag":[],"class_list":{"0":"post-2027","1":"product","2":"type-product","3":"status-publish","4":"has-post-thumbnail","6":"product_cat-for-hair-styling-fi","7":"product_cat-salty-water-en-fi","9":"first","10":"instock","11":"purchasable","12":"product-type-simple"},"yoast_head":"<!-- This site is optimized with the Yoast SEO plugin v24.9 - https:\/\/yoast.com\/wordpress\/plugins\/seo\/ -->\n<title>Davines More Inside Sea Salt Spray 100ml | GC Barbers<\/title>\n<meta name=\"robots\" content=\"index, follow, max-snippet:-1, max-image-preview:large, max-video-preview:-1\" \/>\n<link rel=\"canonical\" href=\"https:\/\/gcbarbers.ee\/fi\/epood\/davines-more-inside-sea-salt-spray-100ml\/\" \/>\n<meta property=\"og:locale\" content=\"fi_FI\" \/>\n<meta property=\"og:type\" content=\"article\" \/>\n<meta property=\"og:title\" content=\"Davines More Inside Sea Salt Spray 100ml | GC Barbers\" \/>\n<meta property=\"og:description\" content=\"Stiilisprei mere soolast, mis annab juustele v\u00e4rvit\u00e4iuse ja vol\u00fc\u00fcmi mati viimistlusega. Eelised: * lisab tekstuuri * \u00e4\u00e4rmuslik maht * kerge kontroll * kuiv efekt: annab sasise ja rannaefektiga v\u00e4limuse * annab keha, v\u00e4hendades elektrostaatilist efekti. Valem on parabeenivaba ja ilma lisav\u00e4rvaineteta. Kasutusjuhend Pihustage m\u00e4rgadele juustele enne stiilimist, et anda keha, v\u00f5i kuivadele juustele, et suurendada [&hellip;]\" \/>\n<meta property=\"og:url\" content=\"https:\/\/gcbarbers.ee\/fi\/epood\/davines-more-inside-sea-salt-spray-100ml\/\" \/>\n<meta property=\"og:site_name\" content=\"GC Barbers\" \/>\n<meta property=\"article:publisher\" content=\"https:\/\/www.facebook.com\/Cityhair.salong\" \/>\n<meta property=\"og:image\" content=\"https:\/\/gcbarbers.ee\/wp-content\/uploads\/2024\/03\/GC-Barbershop-ET.png\" \/>\n\t<meta property=\"og:image:width\" content=\"1618\" \/>\n\t<meta property=\"og:image:height\" content=\"703\" \/>\n\t<meta property=\"og:image:type\" content=\"image\/png\" \/>\n<meta name=\"twitter:card\" content=\"summary_large_image\" \/>\n<script type=\"application\/ld+json\" class=\"yoast-schema-graph\">{\"@context\":\"https:\/\/schema.org\",\"@graph\":[{\"@type\":\"WebPage\",\"@id\":\"https:\/\/gcbarbers.ee\/fi\/epood\/davines-more-inside-sea-salt-spray-100ml\/\",\"url\":\"https:\/\/gcbarbers.ee\/fi\/epood\/davines-more-inside-sea-salt-spray-100ml\/\",\"name\":\"Davines More Inside Sea Salt Spray 100ml | GC Barbers\",\"isPartOf\":{\"@id\":\"https:\/\/gcbarbers.ee\/#website\"},\"primaryImageOfPage\":{\"@id\":\"https:\/\/gcbarbers.ee\/fi\/epood\/davines-more-inside-sea-salt-spray-100ml\/#primaryimage\"},\"image\":{\"@id\":\"https:\/\/gcbarbers.ee\/fi\/epood\/davines-more-inside-sea-salt-spray-100ml\/#primaryimage\"},\"thumbnailUrl\":\"https:\/\/gcbarbers.ee\/wp-content\/uploads\/2023\/11\/Davines_More_Inside_Sea_Salt_Spray_200ml.webp\",\"datePublished\":\"2023-11-01T11:39:20+00:00\",\"breadcrumb\":{\"@id\":\"https:\/\/gcbarbers.ee\/fi\/epood\/davines-more-inside-sea-salt-spray-100ml\/#breadcrumb\"},\"inLanguage\":\"fi\",\"potentialAction\":[{\"@type\":\"ReadAction\",\"target\":[\"https:\/\/gcbarbers.ee\/fi\/epood\/davines-more-inside-sea-salt-spray-100ml\/\"]}]},{\"@type\":\"ImageObject\",\"inLanguage\":\"fi\",\"@id\":\"https:\/\/gcbarbers.ee\/fi\/epood\/davines-more-inside-sea-salt-spray-100ml\/#primaryimage\",\"url\":\"https:\/\/gcbarbers.ee\/wp-content\/uploads\/2023\/11\/Davines_More_Inside_Sea_Salt_Spray_200ml.webp\",\"contentUrl\":\"https:\/\/gcbarbers.ee\/wp-content\/uploads\/2023\/11\/Davines_More_Inside_Sea_Salt_Spray_200ml.webp\",\"width\":800,\"height\":800},{\"@type\":\"BreadcrumbList\",\"@id\":\"https:\/\/gcbarbers.ee\/fi\/epood\/davines-more-inside-sea-salt-spray-100ml\/#breadcrumb\",\"itemListElement\":[{\"@type\":\"ListItem\",\"position\":1,\"name\":\"Home\",\"item\":\"https:\/\/gcbarbers.ee\/fi\/\"},{\"@type\":\"ListItem\",\"position\":2,\"name\":\"Tooted\",\"item\":\"https:\/\/gcbarbers.ee\/shop\/\"},{\"@type\":\"ListItem\",\"position\":3,\"name\":\"Davines More Inside Sea Salt Spray 100ml\"}]},{\"@type\":\"WebSite\",\"@id\":\"https:\/\/gcbarbers.ee\/#website\",\"url\":\"https:\/\/gcbarbers.ee\/\",\"name\":\"Gentleman Club\",\"description\":\"Barbershop Tallinn - Meeste Juuksur\",\"publisher\":{\"@id\":\"https:\/\/gcbarbers.ee\/#organization\"},\"potentialAction\":[{\"@type\":\"SearchAction\",\"target\":{\"@type\":\"EntryPoint\",\"urlTemplate\":\"https:\/\/gcbarbers.ee\/?s={search_term_string}\"},\"query-input\":{\"@type\":\"PropertyValueSpecification\",\"valueRequired\":true,\"valueName\":\"search_term_string\"}}],\"inLanguage\":\"fi\"},{\"@type\":\"Organization\",\"@id\":\"https:\/\/gcbarbers.ee\/#organization\",\"name\":\"Gentleman Club\",\"url\":\"https:\/\/gcbarbers.ee\/\",\"logo\":{\"@type\":\"ImageObject\",\"inLanguage\":\"fi\",\"@id\":\"https:\/\/gcbarbers.ee\/#\/schema\/logo\/image\/\",\"url\":\"https:\/\/gcbarbers.ee\/wp-content\/uploads\/2024\/02\/20240129_110626_0000-2.png\",\"contentUrl\":\"https:\/\/gcbarbers.ee\/wp-content\/uploads\/2024\/02\/20240129_110626_0000-2.png\",\"width\":500,\"height\":500,\"caption\":\"Gentleman Club\"},\"image\":{\"@id\":\"https:\/\/gcbarbers.ee\/#\/schema\/logo\/image\/\"},\"sameAs\":[\"https:\/\/www.facebook.com\/Cityhair.salong\"]}]}<\/script>\n<!-- \/ Yoast SEO plugin. -->","yoast_head_json":{"title":"Davines More Inside Sea Salt Spray 100ml | GC Barbers","robots":{"index":"index","follow":"follow","max-snippet":"max-snippet:-1","max-image-preview":"max-image-preview:large","max-video-preview":"max-video-preview:-1"},"canonical":"https:\/\/gcbarbers.ee\/fi\/epood\/davines-more-inside-sea-salt-spray-100ml\/","og_locale":"fi_FI","og_type":"article","og_title":"Davines More Inside Sea Salt Spray 100ml | GC Barbers","og_description":"Stiilisprei mere soolast, mis annab juustele v\u00e4rvit\u00e4iuse ja vol\u00fc\u00fcmi mati viimistlusega. Eelised: * lisab tekstuuri * \u00e4\u00e4rmuslik maht * kerge kontroll * kuiv efekt: annab sasise ja rannaefektiga v\u00e4limuse * annab keha, v\u00e4hendades elektrostaatilist efekti. Valem on parabeenivaba ja ilma lisav\u00e4rvaineteta. Kasutusjuhend Pihustage m\u00e4rgadele juustele enne stiilimist, et anda keha, v\u00f5i kuivadele juustele, et suurendada [&hellip;]","og_url":"https:\/\/gcbarbers.ee\/fi\/epood\/davines-more-inside-sea-salt-spray-100ml\/","og_site_name":"GC Barbers","article_publisher":"https:\/\/www.facebook.com\/Cityhair.salong","og_image":[{"width":1618,"height":703,"url":"https:\/\/gcbarbers.ee\/wp-content\/uploads\/2024\/03\/GC-Barbershop-ET.png","type":"image\/png"}],"twitter_card":"summary_large_image","schema":{"@context":"https:\/\/schema.org","@graph":[{"@type":"WebPage","@id":"https:\/\/gcbarbers.ee\/fi\/epood\/davines-more-inside-sea-salt-spray-100ml\/","url":"https:\/\/gcbarbers.ee\/fi\/epood\/davines-more-inside-sea-salt-spray-100ml\/","name":"Davines More Inside Sea Salt Spray 100ml | GC Barbers","isPartOf":{"@id":"https:\/\/gcbarbers.ee\/#website"},"primaryImageOfPage":{"@id":"https:\/\/gcbarbers.ee\/fi\/epood\/davines-more-inside-sea-salt-spray-100ml\/#primaryimage"},"image":{"@id":"https:\/\/gcbarbers.ee\/fi\/epood\/davines-more-inside-sea-salt-spray-100ml\/#primaryimage"},"thumbnailUrl":"https:\/\/gcbarbers.ee\/wp-content\/uploads\/2023\/11\/Davines_More_Inside_Sea_Salt_Spray_200ml.webp","datePublished":"2023-11-01T11:39:20+00:00","breadcrumb":{"@id":"https:\/\/gcbarbers.ee\/fi\/epood\/davines-more-inside-sea-salt-spray-100ml\/#breadcrumb"},"inLanguage":"fi","potentialAction":[{"@type":"ReadAction","target":["https:\/\/gcbarbers.ee\/fi\/epood\/davines-more-inside-sea-salt-spray-100ml\/"]}]},{"@type":"ImageObject","inLanguage":"fi","@id":"https:\/\/gcbarbers.ee\/fi\/epood\/davines-more-inside-sea-salt-spray-100ml\/#primaryimage","url":"https:\/\/gcbarbers.ee\/wp-content\/uploads\/2023\/11\/Davines_More_Inside_Sea_Salt_Spray_200ml.webp","contentUrl":"https:\/\/gcbarbers.ee\/wp-content\/uploads\/2023\/11\/Davines_More_Inside_Sea_Salt_Spray_200ml.webp","width":800,"height":800},{"@type":"BreadcrumbList","@id":"https:\/\/gcbarbers.ee\/fi\/epood\/davines-more-inside-sea-salt-spray-100ml\/#breadcrumb","itemListElement":[{"@type":"ListItem","position":1,"name":"Home","item":"https:\/\/gcbarbers.ee\/fi\/"},{"@type":"ListItem","position":2,"name":"Tooted","item":"https:\/\/gcbarbers.ee\/shop\/"},{"@type":"ListItem","position":3,"name":"Davines More Inside Sea Salt Spray 100ml"}]},{"@type":"WebSite","@id":"https:\/\/gcbarbers.ee\/#website","url":"https:\/\/gcbarbers.ee\/","name":"Gentleman Club","description":"Barbershop Tallinn - Meeste Juuksur","publisher":{"@id":"https:\/\/gcbarbers.ee\/#organization"},"potentialAction":[{"@type":"SearchAction","target":{"@type":"EntryPoint","urlTemplate":"https:\/\/gcbarbers.ee\/?s={search_term_string}"},"query-input":{"@type":"PropertyValueSpecification","valueRequired":true,"valueName":"search_term_string"}}],"inLanguage":"fi"},{"@type":"Organization","@id":"https:\/\/gcbarbers.ee\/#organization","name":"Gentleman Club","url":"https:\/\/gcbarbers.ee\/","logo":{"@type":"ImageObject","inLanguage":"fi","@id":"https:\/\/gcbarbers.ee\/#\/schema\/logo\/image\/","url":"https:\/\/gcbarbers.ee\/wp-content\/uploads\/2024\/02\/20240129_110626_0000-2.png","contentUrl":"https:\/\/gcbarbers.ee\/wp-content\/uploads\/2024\/02\/20240129_110626_0000-2.png","width":500,"height":500,"caption":"Gentleman Club"},"image":{"@id":"https:\/\/gcbarbers.ee\/#\/schema\/logo\/image\/"},"sameAs":["https:\/\/www.facebook.com\/Cityhair.salong"]}]}},"_links":{"self":[{"href":"https:\/\/gcbarbers.ee\/fi\/wp-json\/wp\/v2\/product\/2027","targetHints":{"allow":["GET"]}}],"collection":[{"href":"https:\/\/gcbarbers.ee\/fi\/wp-json\/wp\/v2\/product"}],"about":[{"href":"https:\/\/gcbarbers.ee\/fi\/wp-json\/wp\/v2\/types\/product"}],"wp:featuredmedia":[{"embeddable":true,"href":"https:\/\/gcbarbers.ee\/fi\/wp-json\/wp\/v2\/media\/2026"}],"wp:attachment":[{"href":"https:\/\/gcbarbers.ee\/fi\/wp-json\/wp\/v2\/media?parent=2027"}],"wp:term":[{"taxonomy":"product_brand","embeddable":true,"href":"https:\/\/gcbarbers.ee\/fi\/wp-json\/wp\/v2\/product_brand?post=2027"},{"taxonomy":"product_cat","embeddable":true,"href":"https:\/\/gcbarbers.ee\/fi\/wp-json\/wp\/v2\/product_cat?post=2027"},{"taxonomy":"product_tag","embeddable":true,"href":"https:\/\/gcbarbers.ee\/fi\/wp-json\/wp\/v2\/product_tag?post=2027"}],"curies":[{"name":"wp","href":"https:\/\/api.w.org\/{rel}","templated":true}]}}