{"id":2029,"date":"2023-11-01T11:39:20","date_gmt":"2023-11-01T11:39:20","guid":{"rendered":"https:\/\/gcbarbers.ee\/epood\/lanza-stimulating-conditioner\/"},"modified":"2023-11-01T11:39:20","modified_gmt":"2023-11-01T11:39:20","slug":"lanza-stimulating-conditioner","status":"publish","type":"product","link":"https:\/\/gcbarbers.ee\/fi\/epood\/lanza-stimulating-conditioner\/","title":{"rendered":"Lanza Stimulating Conditioner"},"content":{"rendered":"<p>Stimuleeriv palsam on HEALING NOURISH s\u00fcsteemi peamine aktiivne ravim. See lahendab juuste v\u00e4ljalangemise probleemi, stimuleerib kasvu ja taastab. Tugevdab ja niisutab juukseid, kiirendab ainevahetusprotsesse ja parandab regeneratsiooni. Parabeenide ja naatriumkloriidivaba. Kaitseb v\u00e4rvitud juukseid. Healing Nourish Stimulating Conditioner m\u00f5jutab peamisi juuste v\u00e4ljalangemist m\u00f5jutavaid probleeme: blokeerib dih\u00fcdrotestosterooni (meeste jaoks k\u00f5ige olulisem), pikendab juuste kasvufaasi, stimuleerib juuksefolliikulite arengut, parandab ainevahetust ja regeneratsiooni, kiirendab ainevahetusprotsesse, k\u00f5rvaldab p\u00f5letikku, kontrollib mikroorganismide arengut. Juuste v\u00e4ljalangemise toode pakub tervislike juuste kasvu jaoks olulisi toitaineid. Anagen 7 s\u00fcsteem pikendab juuste kasvufaasi. Ravimtaimede ekstraktid tugevdavad ja niisutavad juukseid, et v\u00e4hendada nende murdumist ja sellest tulenevat v\u00e4ljalangemist; kiirendada ainevahetusprotsesse.<br \/>\n<strong><br \/>\nKasutusjuhend<\/strong><\/p>\n<p>Kandke toode pestud juustele. Loputage hoolikalt.<\/p>\n<p><strong>Koostisosad<\/strong><\/p>\n<p>Foti juure, piparm\u00fcndi, hobukastani, bambusev\u00f5su, Jaapani loorberi, lakritsa juure, vaarika, aaloe lehtede, rohelise hernese, kaktuse\u00f5ie, keratiini aminohapete ja mentooli ekstraktid.<\/p>\n","protected":false},"excerpt":{"rendered":"<p>Stimuleeriv palsam on HEALING NOURISH s\u00fcsteemi peamine aktiivne ravim. See lahendab juuste v\u00e4ljalangemise probleemi, stimuleerib kasvu ja taastab. Tugevdab ja niisutab juukseid, kiirendab ainevahetusprotsesse ja parandab regeneratsiooni. Parabeenide ja naatriumkloriidivaba. Kaitseb v\u00e4rvitud juukseid. Healing Nourish Stimulating Conditioner m\u00f5jutab peamisi juuste v\u00e4ljalangemist m\u00f5jutavaid probleeme: blokeerib dih\u00fcdrotestosterooni (meeste jaoks k\u00f5ige olulisem), pikendab juuste kasvufaasi, stimuleerib juuksefolliikulite arengut, [&hellip;]<\/p>\n","protected":false},"featured_media":2031,"template":"","meta":{"_et_pb_use_builder":"","_et_pb_old_content":"","_et_gb_content_width":"","inline_featured_image":false},"product_brand":[],"product_cat":[112,116],"product_tag":[],"class_list":{"0":"post-2029","1":"product","2":"type-product","3":"status-publish","4":"has-post-thumbnail","6":"product_cat-hair-care-fi","7":"product_cat-hair-conditioner-fi","9":"first","10":"instock","11":"purchasable","12":"product-type-simple"},"yoast_head":"<!-- This site is optimized with the Yoast SEO plugin v24.9 - https:\/\/yoast.com\/wordpress\/plugins\/seo\/ -->\n<title>Lanza Stimulating Conditioner | GC Barbers<\/title>\n<meta name=\"robots\" content=\"index, follow, max-snippet:-1, max-image-preview:large, max-video-preview:-1\" \/>\n<link rel=\"canonical\" href=\"https:\/\/gcbarbers.ee\/fi\/epood\/lanza-stimulating-conditioner\/\" \/>\n<meta property=\"og:locale\" content=\"fi_FI\" \/>\n<meta property=\"og:type\" content=\"article\" \/>\n<meta property=\"og:title\" content=\"Lanza Stimulating Conditioner | GC Barbers\" \/>\n<meta property=\"og:description\" content=\"Stimuleeriv palsam on HEALING NOURISH s\u00fcsteemi peamine aktiivne ravim. See lahendab juuste v\u00e4ljalangemise probleemi, stimuleerib kasvu ja taastab. Tugevdab ja niisutab juukseid, kiirendab ainevahetusprotsesse ja parandab regeneratsiooni. Parabeenide ja naatriumkloriidivaba. Kaitseb v\u00e4rvitud juukseid. Healing Nourish Stimulating Conditioner m\u00f5jutab peamisi juuste v\u00e4ljalangemist m\u00f5jutavaid probleeme: blokeerib dih\u00fcdrotestosterooni (meeste jaoks k\u00f5ige olulisem), pikendab juuste kasvufaasi, stimuleerib juuksefolliikulite arengut, [&hellip;]\" \/>\n<meta property=\"og:url\" content=\"https:\/\/gcbarbers.ee\/fi\/epood\/lanza-stimulating-conditioner\/\" \/>\n<meta property=\"og:site_name\" content=\"GC Barbers\" \/>\n<meta property=\"article:publisher\" content=\"https:\/\/www.facebook.com\/Cityhair.salong\" \/>\n<meta property=\"og:image\" content=\"https:\/\/gcbarbers.ee\/wp-content\/uploads\/2024\/03\/GC-Barbershop-ET.png\" \/>\n\t<meta property=\"og:image:width\" content=\"1618\" \/>\n\t<meta property=\"og:image:height\" content=\"703\" \/>\n\t<meta property=\"og:image:type\" content=\"image\/png\" \/>\n<meta name=\"twitter:card\" content=\"summary_large_image\" \/>\n<meta name=\"twitter:label1\" content=\"Arvioitu lukuaika\" \/>\n\t<meta name=\"twitter:data1\" content=\"1 minuutti\" \/>\n<script type=\"application\/ld+json\" class=\"yoast-schema-graph\">{\"@context\":\"https:\/\/schema.org\",\"@graph\":[{\"@type\":\"WebPage\",\"@id\":\"https:\/\/gcbarbers.ee\/fi\/epood\/lanza-stimulating-conditioner\/\",\"url\":\"https:\/\/gcbarbers.ee\/fi\/epood\/lanza-stimulating-conditioner\/\",\"name\":\"Lanza Stimulating Conditioner | GC Barbers\",\"isPartOf\":{\"@id\":\"https:\/\/gcbarbers.ee\/#website\"},\"primaryImageOfPage\":{\"@id\":\"https:\/\/gcbarbers.ee\/fi\/epood\/lanza-stimulating-conditioner\/#primaryimage\"},\"image\":{\"@id\":\"https:\/\/gcbarbers.ee\/fi\/epood\/lanza-stimulating-conditioner\/#primaryimage\"},\"thumbnailUrl\":\"https:\/\/gcbarbers.ee\/wp-content\/uploads\/2023\/11\/Lanza_Stimulating_Conditioner.webp\",\"datePublished\":\"2023-11-01T11:39:20+00:00\",\"breadcrumb\":{\"@id\":\"https:\/\/gcbarbers.ee\/fi\/epood\/lanza-stimulating-conditioner\/#breadcrumb\"},\"inLanguage\":\"fi\",\"potentialAction\":[{\"@type\":\"ReadAction\",\"target\":[\"https:\/\/gcbarbers.ee\/fi\/epood\/lanza-stimulating-conditioner\/\"]}]},{\"@type\":\"ImageObject\",\"inLanguage\":\"fi\",\"@id\":\"https:\/\/gcbarbers.ee\/fi\/epood\/lanza-stimulating-conditioner\/#primaryimage\",\"url\":\"https:\/\/gcbarbers.ee\/wp-content\/uploads\/2023\/11\/Lanza_Stimulating_Conditioner.webp\",\"contentUrl\":\"https:\/\/gcbarbers.ee\/wp-content\/uploads\/2023\/11\/Lanza_Stimulating_Conditioner.webp\",\"width\":800,\"height\":800},{\"@type\":\"BreadcrumbList\",\"@id\":\"https:\/\/gcbarbers.ee\/fi\/epood\/lanza-stimulating-conditioner\/#breadcrumb\",\"itemListElement\":[{\"@type\":\"ListItem\",\"position\":1,\"name\":\"Home\",\"item\":\"https:\/\/gcbarbers.ee\/fi\/\"},{\"@type\":\"ListItem\",\"position\":2,\"name\":\"Tooted\",\"item\":\"https:\/\/gcbarbers.ee\/shop\/\"},{\"@type\":\"ListItem\",\"position\":3,\"name\":\"Lanza Stimulating Conditioner\"}]},{\"@type\":\"WebSite\",\"@id\":\"https:\/\/gcbarbers.ee\/#website\",\"url\":\"https:\/\/gcbarbers.ee\/\",\"name\":\"Gentleman Club\",\"description\":\"Barbershop Tallinn - Meeste Juuksur\",\"publisher\":{\"@id\":\"https:\/\/gcbarbers.ee\/#organization\"},\"potentialAction\":[{\"@type\":\"SearchAction\",\"target\":{\"@type\":\"EntryPoint\",\"urlTemplate\":\"https:\/\/gcbarbers.ee\/?s={search_term_string}\"},\"query-input\":{\"@type\":\"PropertyValueSpecification\",\"valueRequired\":true,\"valueName\":\"search_term_string\"}}],\"inLanguage\":\"fi\"},{\"@type\":\"Organization\",\"@id\":\"https:\/\/gcbarbers.ee\/#organization\",\"name\":\"Gentleman Club\",\"url\":\"https:\/\/gcbarbers.ee\/\",\"logo\":{\"@type\":\"ImageObject\",\"inLanguage\":\"fi\",\"@id\":\"https:\/\/gcbarbers.ee\/#\/schema\/logo\/image\/\",\"url\":\"https:\/\/gcbarbers.ee\/wp-content\/uploads\/2024\/02\/20240129_110626_0000-2.png\",\"contentUrl\":\"https:\/\/gcbarbers.ee\/wp-content\/uploads\/2024\/02\/20240129_110626_0000-2.png\",\"width\":500,\"height\":500,\"caption\":\"Gentleman Club\"},\"image\":{\"@id\":\"https:\/\/gcbarbers.ee\/#\/schema\/logo\/image\/\"},\"sameAs\":[\"https:\/\/www.facebook.com\/Cityhair.salong\"]}]}<\/script>\n<!-- \/ Yoast SEO plugin. -->","yoast_head_json":{"title":"Lanza Stimulating Conditioner | GC Barbers","robots":{"index":"index","follow":"follow","max-snippet":"max-snippet:-1","max-image-preview":"max-image-preview:large","max-video-preview":"max-video-preview:-1"},"canonical":"https:\/\/gcbarbers.ee\/fi\/epood\/lanza-stimulating-conditioner\/","og_locale":"fi_FI","og_type":"article","og_title":"Lanza Stimulating Conditioner | GC Barbers","og_description":"Stimuleeriv palsam on HEALING NOURISH s\u00fcsteemi peamine aktiivne ravim. See lahendab juuste v\u00e4ljalangemise probleemi, stimuleerib kasvu ja taastab. Tugevdab ja niisutab juukseid, kiirendab ainevahetusprotsesse ja parandab regeneratsiooni. Parabeenide ja naatriumkloriidivaba. Kaitseb v\u00e4rvitud juukseid. Healing Nourish Stimulating Conditioner m\u00f5jutab peamisi juuste v\u00e4ljalangemist m\u00f5jutavaid probleeme: blokeerib dih\u00fcdrotestosterooni (meeste jaoks k\u00f5ige olulisem), pikendab juuste kasvufaasi, stimuleerib juuksefolliikulite arengut, [&hellip;]","og_url":"https:\/\/gcbarbers.ee\/fi\/epood\/lanza-stimulating-conditioner\/","og_site_name":"GC Barbers","article_publisher":"https:\/\/www.facebook.com\/Cityhair.salong","og_image":[{"width":1618,"height":703,"url":"https:\/\/gcbarbers.ee\/wp-content\/uploads\/2024\/03\/GC-Barbershop-ET.png","type":"image\/png"}],"twitter_card":"summary_large_image","twitter_misc":{"Arvioitu lukuaika":"1 minuutti"},"schema":{"@context":"https:\/\/schema.org","@graph":[{"@type":"WebPage","@id":"https:\/\/gcbarbers.ee\/fi\/epood\/lanza-stimulating-conditioner\/","url":"https:\/\/gcbarbers.ee\/fi\/epood\/lanza-stimulating-conditioner\/","name":"Lanza Stimulating Conditioner | GC Barbers","isPartOf":{"@id":"https:\/\/gcbarbers.ee\/#website"},"primaryImageOfPage":{"@id":"https:\/\/gcbarbers.ee\/fi\/epood\/lanza-stimulating-conditioner\/#primaryimage"},"image":{"@id":"https:\/\/gcbarbers.ee\/fi\/epood\/lanza-stimulating-conditioner\/#primaryimage"},"thumbnailUrl":"https:\/\/gcbarbers.ee\/wp-content\/uploads\/2023\/11\/Lanza_Stimulating_Conditioner.webp","datePublished":"2023-11-01T11:39:20+00:00","breadcrumb":{"@id":"https:\/\/gcbarbers.ee\/fi\/epood\/lanza-stimulating-conditioner\/#breadcrumb"},"inLanguage":"fi","potentialAction":[{"@type":"ReadAction","target":["https:\/\/gcbarbers.ee\/fi\/epood\/lanza-stimulating-conditioner\/"]}]},{"@type":"ImageObject","inLanguage":"fi","@id":"https:\/\/gcbarbers.ee\/fi\/epood\/lanza-stimulating-conditioner\/#primaryimage","url":"https:\/\/gcbarbers.ee\/wp-content\/uploads\/2023\/11\/Lanza_Stimulating_Conditioner.webp","contentUrl":"https:\/\/gcbarbers.ee\/wp-content\/uploads\/2023\/11\/Lanza_Stimulating_Conditioner.webp","width":800,"height":800},{"@type":"BreadcrumbList","@id":"https:\/\/gcbarbers.ee\/fi\/epood\/lanza-stimulating-conditioner\/#breadcrumb","itemListElement":[{"@type":"ListItem","position":1,"name":"Home","item":"https:\/\/gcbarbers.ee\/fi\/"},{"@type":"ListItem","position":2,"name":"Tooted","item":"https:\/\/gcbarbers.ee\/shop\/"},{"@type":"ListItem","position":3,"name":"Lanza Stimulating Conditioner"}]},{"@type":"WebSite","@id":"https:\/\/gcbarbers.ee\/#website","url":"https:\/\/gcbarbers.ee\/","name":"Gentleman Club","description":"Barbershop Tallinn - Meeste Juuksur","publisher":{"@id":"https:\/\/gcbarbers.ee\/#organization"},"potentialAction":[{"@type":"SearchAction","target":{"@type":"EntryPoint","urlTemplate":"https:\/\/gcbarbers.ee\/?s={search_term_string}"},"query-input":{"@type":"PropertyValueSpecification","valueRequired":true,"valueName":"search_term_string"}}],"inLanguage":"fi"},{"@type":"Organization","@id":"https:\/\/gcbarbers.ee\/#organization","name":"Gentleman Club","url":"https:\/\/gcbarbers.ee\/","logo":{"@type":"ImageObject","inLanguage":"fi","@id":"https:\/\/gcbarbers.ee\/#\/schema\/logo\/image\/","url":"https:\/\/gcbarbers.ee\/wp-content\/uploads\/2024\/02\/20240129_110626_0000-2.png","contentUrl":"https:\/\/gcbarbers.ee\/wp-content\/uploads\/2024\/02\/20240129_110626_0000-2.png","width":500,"height":500,"caption":"Gentleman Club"},"image":{"@id":"https:\/\/gcbarbers.ee\/#\/schema\/logo\/image\/"},"sameAs":["https:\/\/www.facebook.com\/Cityhair.salong"]}]}},"_links":{"self":[{"href":"https:\/\/gcbarbers.ee\/fi\/wp-json\/wp\/v2\/product\/2029","targetHints":{"allow":["GET"]}}],"collection":[{"href":"https:\/\/gcbarbers.ee\/fi\/wp-json\/wp\/v2\/product"}],"about":[{"href":"https:\/\/gcbarbers.ee\/fi\/wp-json\/wp\/v2\/types\/product"}],"wp:featuredmedia":[{"embeddable":true,"href":"https:\/\/gcbarbers.ee\/fi\/wp-json\/wp\/v2\/media\/2031"}],"wp:attachment":[{"href":"https:\/\/gcbarbers.ee\/fi\/wp-json\/wp\/v2\/media?parent=2029"}],"wp:term":[{"taxonomy":"product_brand","embeddable":true,"href":"https:\/\/gcbarbers.ee\/fi\/wp-json\/wp\/v2\/product_brand?post=2029"},{"taxonomy":"product_cat","embeddable":true,"href":"https:\/\/gcbarbers.ee\/fi\/wp-json\/wp\/v2\/product_cat?post=2029"},{"taxonomy":"product_tag","embeddable":true,"href":"https:\/\/gcbarbers.ee\/fi\/wp-json\/wp\/v2\/product_tag?post=2029"}],"curies":[{"name":"wp","href":"https:\/\/api.w.org\/{rel}","templated":true}]}}