{"id":2032,"date":"2023-11-01T11:39:23","date_gmt":"2023-11-01T11:39:23","guid":{"rendered":"https:\/\/gcbarbers.ee\/epood\/lanza-scalp-balancing-treatment\/"},"modified":"2023-11-01T11:39:23","modified_gmt":"2023-11-01T11:39:23","slug":"lanza-scalp-balancing-treatment","status":"publish","type":"product","link":"https:\/\/gcbarbers.ee\/fi\/epood\/lanza-scalp-balancing-treatment\/","title":{"rendered":"Lanza Scalp Balancing Treatment"},"content":{"rendered":"<p>J\u00e4etav hooldus rahustab ja niisutab kohe juukseid ning kuiva ja ketendavat peanahka. Teeb juuksed eluj\u00f5ulisemaks. Ei sisalda parabeene, gluteeni ega naatriumkloriidi. Palsam kuivale ja ketendavale peanahale rahustab, taastades peanaha niiskustasakaalu. Muudab juuksed eluj\u00f5uliseks.<\/p>\n<p><strong>Kasutusjuhend<\/strong><\/p>\n<p>Kandke otse kuivale v\u00f5i niiskele peanahale ja viimistlege soovitud soeng.<\/p>\n<p><strong>Koostisosad<\/strong><\/p>\n<p>lavendli\u00f5li, perilla ekstrakt, aaloep\u00e4evad, kookosvesi, papaija, suhkruroog, kaktuse\u00f5ied, keratiini aminohapped.<\/p>\n","protected":false},"excerpt":{"rendered":"<p>J\u00e4etav hooldus rahustab ja niisutab kohe juukseid ning kuiva ja ketendavat peanahka. Teeb juuksed eluj\u00f5ulisemaks. Ei sisalda parabeene, gluteeni ega naatriumkloriidi. Palsam kuivale ja ketendavale peanahale rahustab, taastades peanaha niiskustasakaalu. Muudab juuksed eluj\u00f5uliseks. Kasutusjuhend Kandke otse kuivale v\u00f5i niiskele peanahale ja viimistlege soovitud soeng. Koostisosad lavendli\u00f5li, perilla ekstrakt, aaloep\u00e4evad, kookosvesi, papaija, suhkruroog, kaktuse\u00f5ied, keratiini aminohapped.<\/p>\n","protected":false},"featured_media":2034,"template":"","meta":{"_et_pb_use_builder":"","_et_pb_old_content":"","_et_gb_content_width":"","inline_featured_image":false},"product_brand":[],"product_cat":[112,114],"product_tag":[],"class_list":{"0":"post-2032","1":"product","2":"type-product","3":"status-publish","4":"has-post-thumbnail","6":"product_cat-hair-care-fi","7":"product_cat-hair-care-en-fi","9":"first","10":"instock","11":"purchasable","12":"product-type-simple"},"yoast_head":"<!-- This site is optimized with the Yoast SEO plugin v24.9 - https:\/\/yoast.com\/wordpress\/plugins\/seo\/ -->\n<title>Lanza Scalp Balancing Treatment | GC Barbers<\/title>\n<meta name=\"robots\" content=\"index, follow, max-snippet:-1, max-image-preview:large, max-video-preview:-1\" \/>\n<link rel=\"canonical\" href=\"https:\/\/gcbarbers.ee\/fi\/epood\/lanza-scalp-balancing-treatment\/\" \/>\n<meta property=\"og:locale\" content=\"fi_FI\" \/>\n<meta property=\"og:type\" content=\"article\" \/>\n<meta property=\"og:title\" content=\"Lanza Scalp Balancing Treatment | GC Barbers\" \/>\n<meta property=\"og:description\" content=\"J\u00e4etav hooldus rahustab ja niisutab kohe juukseid ning kuiva ja ketendavat peanahka. Teeb juuksed eluj\u00f5ulisemaks. Ei sisalda parabeene, gluteeni ega naatriumkloriidi. Palsam kuivale ja ketendavale peanahale rahustab, taastades peanaha niiskustasakaalu. Muudab juuksed eluj\u00f5uliseks. Kasutusjuhend Kandke otse kuivale v\u00f5i niiskele peanahale ja viimistlege soovitud soeng. Koostisosad lavendli\u00f5li, perilla ekstrakt, aaloep\u00e4evad, kookosvesi, papaija, suhkruroog, kaktuse\u00f5ied, keratiini aminohapped.\" \/>\n<meta property=\"og:url\" content=\"https:\/\/gcbarbers.ee\/fi\/epood\/lanza-scalp-balancing-treatment\/\" \/>\n<meta property=\"og:site_name\" content=\"GC Barbers\" \/>\n<meta property=\"article:publisher\" content=\"https:\/\/www.facebook.com\/Cityhair.salong\" \/>\n<meta property=\"og:image\" content=\"https:\/\/gcbarbers.ee\/wp-content\/uploads\/2024\/03\/GC-Barbershop-ET.png\" \/>\n\t<meta property=\"og:image:width\" content=\"1618\" \/>\n\t<meta property=\"og:image:height\" content=\"703\" \/>\n\t<meta property=\"og:image:type\" content=\"image\/png\" \/>\n<meta name=\"twitter:card\" content=\"summary_large_image\" \/>\n<script type=\"application\/ld+json\" class=\"yoast-schema-graph\">{\"@context\":\"https:\/\/schema.org\",\"@graph\":[{\"@type\":\"WebPage\",\"@id\":\"https:\/\/gcbarbers.ee\/fi\/epood\/lanza-scalp-balancing-treatment\/\",\"url\":\"https:\/\/gcbarbers.ee\/fi\/epood\/lanza-scalp-balancing-treatment\/\",\"name\":\"Lanza Scalp Balancing Treatment | GC Barbers\",\"isPartOf\":{\"@id\":\"https:\/\/gcbarbers.ee\/#website\"},\"primaryImageOfPage\":{\"@id\":\"https:\/\/gcbarbers.ee\/fi\/epood\/lanza-scalp-balancing-treatment\/#primaryimage\"},\"image\":{\"@id\":\"https:\/\/gcbarbers.ee\/fi\/epood\/lanza-scalp-balancing-treatment\/#primaryimage\"},\"thumbnailUrl\":\"https:\/\/gcbarbers.ee\/wp-content\/uploads\/2023\/11\/Lanza_Scalp_Balancing_Treatment.webp\",\"datePublished\":\"2023-11-01T11:39:23+00:00\",\"breadcrumb\":{\"@id\":\"https:\/\/gcbarbers.ee\/fi\/epood\/lanza-scalp-balancing-treatment\/#breadcrumb\"},\"inLanguage\":\"fi\",\"potentialAction\":[{\"@type\":\"ReadAction\",\"target\":[\"https:\/\/gcbarbers.ee\/fi\/epood\/lanza-scalp-balancing-treatment\/\"]}]},{\"@type\":\"ImageObject\",\"inLanguage\":\"fi\",\"@id\":\"https:\/\/gcbarbers.ee\/fi\/epood\/lanza-scalp-balancing-treatment\/#primaryimage\",\"url\":\"https:\/\/gcbarbers.ee\/wp-content\/uploads\/2023\/11\/Lanza_Scalp_Balancing_Treatment.webp\",\"contentUrl\":\"https:\/\/gcbarbers.ee\/wp-content\/uploads\/2023\/11\/Lanza_Scalp_Balancing_Treatment.webp\",\"width\":800,\"height\":800},{\"@type\":\"BreadcrumbList\",\"@id\":\"https:\/\/gcbarbers.ee\/fi\/epood\/lanza-scalp-balancing-treatment\/#breadcrumb\",\"itemListElement\":[{\"@type\":\"ListItem\",\"position\":1,\"name\":\"Home\",\"item\":\"https:\/\/gcbarbers.ee\/fi\/\"},{\"@type\":\"ListItem\",\"position\":2,\"name\":\"Tooted\",\"item\":\"https:\/\/gcbarbers.ee\/shop\/\"},{\"@type\":\"ListItem\",\"position\":3,\"name\":\"Lanza Scalp Balancing Treatment\"}]},{\"@type\":\"WebSite\",\"@id\":\"https:\/\/gcbarbers.ee\/#website\",\"url\":\"https:\/\/gcbarbers.ee\/\",\"name\":\"Gentleman Club\",\"description\":\"Barbershop Tallinn - Meeste Juuksur\",\"publisher\":{\"@id\":\"https:\/\/gcbarbers.ee\/#organization\"},\"potentialAction\":[{\"@type\":\"SearchAction\",\"target\":{\"@type\":\"EntryPoint\",\"urlTemplate\":\"https:\/\/gcbarbers.ee\/?s={search_term_string}\"},\"query-input\":{\"@type\":\"PropertyValueSpecification\",\"valueRequired\":true,\"valueName\":\"search_term_string\"}}],\"inLanguage\":\"fi\"},{\"@type\":\"Organization\",\"@id\":\"https:\/\/gcbarbers.ee\/#organization\",\"name\":\"Gentleman Club\",\"url\":\"https:\/\/gcbarbers.ee\/\",\"logo\":{\"@type\":\"ImageObject\",\"inLanguage\":\"fi\",\"@id\":\"https:\/\/gcbarbers.ee\/#\/schema\/logo\/image\/\",\"url\":\"https:\/\/gcbarbers.ee\/wp-content\/uploads\/2024\/02\/20240129_110626_0000-2.png\",\"contentUrl\":\"https:\/\/gcbarbers.ee\/wp-content\/uploads\/2024\/02\/20240129_110626_0000-2.png\",\"width\":500,\"height\":500,\"caption\":\"Gentleman Club\"},\"image\":{\"@id\":\"https:\/\/gcbarbers.ee\/#\/schema\/logo\/image\/\"},\"sameAs\":[\"https:\/\/www.facebook.com\/Cityhair.salong\"]}]}<\/script>\n<!-- \/ Yoast SEO plugin. -->","yoast_head_json":{"title":"Lanza Scalp Balancing Treatment | GC Barbers","robots":{"index":"index","follow":"follow","max-snippet":"max-snippet:-1","max-image-preview":"max-image-preview:large","max-video-preview":"max-video-preview:-1"},"canonical":"https:\/\/gcbarbers.ee\/fi\/epood\/lanza-scalp-balancing-treatment\/","og_locale":"fi_FI","og_type":"article","og_title":"Lanza Scalp Balancing Treatment | GC Barbers","og_description":"J\u00e4etav hooldus rahustab ja niisutab kohe juukseid ning kuiva ja ketendavat peanahka. Teeb juuksed eluj\u00f5ulisemaks. Ei sisalda parabeene, gluteeni ega naatriumkloriidi. Palsam kuivale ja ketendavale peanahale rahustab, taastades peanaha niiskustasakaalu. Muudab juuksed eluj\u00f5uliseks. Kasutusjuhend Kandke otse kuivale v\u00f5i niiskele peanahale ja viimistlege soovitud soeng. Koostisosad lavendli\u00f5li, perilla ekstrakt, aaloep\u00e4evad, kookosvesi, papaija, suhkruroog, kaktuse\u00f5ied, keratiini aminohapped.","og_url":"https:\/\/gcbarbers.ee\/fi\/epood\/lanza-scalp-balancing-treatment\/","og_site_name":"GC Barbers","article_publisher":"https:\/\/www.facebook.com\/Cityhair.salong","og_image":[{"width":1618,"height":703,"url":"https:\/\/gcbarbers.ee\/wp-content\/uploads\/2024\/03\/GC-Barbershop-ET.png","type":"image\/png"}],"twitter_card":"summary_large_image","schema":{"@context":"https:\/\/schema.org","@graph":[{"@type":"WebPage","@id":"https:\/\/gcbarbers.ee\/fi\/epood\/lanza-scalp-balancing-treatment\/","url":"https:\/\/gcbarbers.ee\/fi\/epood\/lanza-scalp-balancing-treatment\/","name":"Lanza Scalp Balancing Treatment | GC Barbers","isPartOf":{"@id":"https:\/\/gcbarbers.ee\/#website"},"primaryImageOfPage":{"@id":"https:\/\/gcbarbers.ee\/fi\/epood\/lanza-scalp-balancing-treatment\/#primaryimage"},"image":{"@id":"https:\/\/gcbarbers.ee\/fi\/epood\/lanza-scalp-balancing-treatment\/#primaryimage"},"thumbnailUrl":"https:\/\/gcbarbers.ee\/wp-content\/uploads\/2023\/11\/Lanza_Scalp_Balancing_Treatment.webp","datePublished":"2023-11-01T11:39:23+00:00","breadcrumb":{"@id":"https:\/\/gcbarbers.ee\/fi\/epood\/lanza-scalp-balancing-treatment\/#breadcrumb"},"inLanguage":"fi","potentialAction":[{"@type":"ReadAction","target":["https:\/\/gcbarbers.ee\/fi\/epood\/lanza-scalp-balancing-treatment\/"]}]},{"@type":"ImageObject","inLanguage":"fi","@id":"https:\/\/gcbarbers.ee\/fi\/epood\/lanza-scalp-balancing-treatment\/#primaryimage","url":"https:\/\/gcbarbers.ee\/wp-content\/uploads\/2023\/11\/Lanza_Scalp_Balancing_Treatment.webp","contentUrl":"https:\/\/gcbarbers.ee\/wp-content\/uploads\/2023\/11\/Lanza_Scalp_Balancing_Treatment.webp","width":800,"height":800},{"@type":"BreadcrumbList","@id":"https:\/\/gcbarbers.ee\/fi\/epood\/lanza-scalp-balancing-treatment\/#breadcrumb","itemListElement":[{"@type":"ListItem","position":1,"name":"Home","item":"https:\/\/gcbarbers.ee\/fi\/"},{"@type":"ListItem","position":2,"name":"Tooted","item":"https:\/\/gcbarbers.ee\/shop\/"},{"@type":"ListItem","position":3,"name":"Lanza Scalp Balancing Treatment"}]},{"@type":"WebSite","@id":"https:\/\/gcbarbers.ee\/#website","url":"https:\/\/gcbarbers.ee\/","name":"Gentleman Club","description":"Barbershop Tallinn - Meeste Juuksur","publisher":{"@id":"https:\/\/gcbarbers.ee\/#organization"},"potentialAction":[{"@type":"SearchAction","target":{"@type":"EntryPoint","urlTemplate":"https:\/\/gcbarbers.ee\/?s={search_term_string}"},"query-input":{"@type":"PropertyValueSpecification","valueRequired":true,"valueName":"search_term_string"}}],"inLanguage":"fi"},{"@type":"Organization","@id":"https:\/\/gcbarbers.ee\/#organization","name":"Gentleman Club","url":"https:\/\/gcbarbers.ee\/","logo":{"@type":"ImageObject","inLanguage":"fi","@id":"https:\/\/gcbarbers.ee\/#\/schema\/logo\/image\/","url":"https:\/\/gcbarbers.ee\/wp-content\/uploads\/2024\/02\/20240129_110626_0000-2.png","contentUrl":"https:\/\/gcbarbers.ee\/wp-content\/uploads\/2024\/02\/20240129_110626_0000-2.png","width":500,"height":500,"caption":"Gentleman Club"},"image":{"@id":"https:\/\/gcbarbers.ee\/#\/schema\/logo\/image\/"},"sameAs":["https:\/\/www.facebook.com\/Cityhair.salong"]}]}},"_links":{"self":[{"href":"https:\/\/gcbarbers.ee\/fi\/wp-json\/wp\/v2\/product\/2032","targetHints":{"allow":["GET"]}}],"collection":[{"href":"https:\/\/gcbarbers.ee\/fi\/wp-json\/wp\/v2\/product"}],"about":[{"href":"https:\/\/gcbarbers.ee\/fi\/wp-json\/wp\/v2\/types\/product"}],"wp:featuredmedia":[{"embeddable":true,"href":"https:\/\/gcbarbers.ee\/fi\/wp-json\/wp\/v2\/media\/2034"}],"wp:attachment":[{"href":"https:\/\/gcbarbers.ee\/fi\/wp-json\/wp\/v2\/media?parent=2032"}],"wp:term":[{"taxonomy":"product_brand","embeddable":true,"href":"https:\/\/gcbarbers.ee\/fi\/wp-json\/wp\/v2\/product_brand?post=2032"},{"taxonomy":"product_cat","embeddable":true,"href":"https:\/\/gcbarbers.ee\/fi\/wp-json\/wp\/v2\/product_cat?post=2032"},{"taxonomy":"product_tag","embeddable":true,"href":"https:\/\/gcbarbers.ee\/fi\/wp-json\/wp\/v2\/product_tag?post=2032"}],"curies":[{"name":"wp","href":"https:\/\/api.w.org\/{rel}","templated":true}]}}