{"id":2038,"date":"2023-11-01T11:39:23","date_gmt":"2023-11-01T11:39:23","guid":{"rendered":"https:\/\/gcbarbers.ee\/epood\/lanza-scalp-balancing-cleanser\/"},"modified":"2023-11-01T11:39:23","modified_gmt":"2023-11-01T11:39:23","slug":"lanza-scalp-balancing-cleanser","status":"publish","type":"product","link":"https:\/\/gcbarbers.ee\/fi\/epood\/lanza-scalp-balancing-cleanser\/","title":{"rendered":"Lanza Scalp Balancing Cleanser"},"content":{"rendered":"<p>\u0160ampoon kuivale ja ketendavale peanahale. Eemaldab \u00f5rnalt kuivusest tingitud helbed ja muud ebapuhtused, taastades juuste ja peanaha heaolu. Rikkalik, kreemjas koostis taastab ja v\u00e4rskendab, tasakaalustades peanaha rasueritust. Muudab juuksed tugevaks ja s\u00e4ravaks. Sulfaadi-, gluteeni-, naatriumkloriidi- ja parabeenivaba koostis on ohutu v\u00e4rvitud juustele.<\/p>\n<p><strong>Kasutusjuhend<\/strong><\/p>\n<p>Kanna niisketele juustele, masseeri ja loputa.<br \/>\n<strong><br \/>\nKoostisosad<\/strong><\/p>\n<p>lavendli\u00f5li, perillaekstrakt, aaloe lehed, kookosvesi, papaija, suhkruroog, kaktuse\u00f5ied, keratiini aminohapped.<\/p>\n","protected":false},"excerpt":{"rendered":"<p>\u0160ampoon kuivale ja ketendavale peanahale. Eemaldab \u00f5rnalt kuivusest tingitud helbed ja muud ebapuhtused, taastades juuste ja peanaha heaolu. Rikkalik, kreemjas koostis taastab ja v\u00e4rskendab, tasakaalustades peanaha rasueritust. Muudab juuksed tugevaks ja s\u00e4ravaks. Sulfaadi-, gluteeni-, naatriumkloriidi- ja parabeenivaba koostis on ohutu v\u00e4rvitud juustele. Kasutusjuhend Kanna niisketele juustele, masseeri ja loputa. Koostisosad lavendli\u00f5li, perillaekstrakt, aaloe lehed, kookosvesi, [&hellip;]<\/p>\n","protected":false},"featured_media":2040,"template":"","meta":{"_et_pb_use_builder":"","_et_pb_old_content":"","_et_gb_content_width":"","inline_featured_image":false},"product_brand":[],"product_cat":[112,113],"product_tag":[],"class_list":{"0":"post-2038","1":"product","2":"type-product","3":"status-publish","4":"has-post-thumbnail","6":"product_cat-hair-care-fi","7":"product_cat-shampoo-fi","9":"first","10":"instock","11":"purchasable","12":"product-type-simple"},"yoast_head":"<!-- This site is optimized with the Yoast SEO plugin v24.9 - https:\/\/yoast.com\/wordpress\/plugins\/seo\/ -->\n<title>Lanza Scalp Balancing Cleanser | GC Barbers<\/title>\n<meta name=\"robots\" content=\"index, follow, max-snippet:-1, max-image-preview:large, max-video-preview:-1\" \/>\n<link rel=\"canonical\" href=\"https:\/\/gcbarbers.ee\/fi\/epood\/lanza-scalp-balancing-cleanser\/\" \/>\n<meta property=\"og:locale\" content=\"fi_FI\" \/>\n<meta property=\"og:type\" content=\"article\" \/>\n<meta property=\"og:title\" content=\"Lanza Scalp Balancing Cleanser | GC Barbers\" \/>\n<meta property=\"og:description\" content=\"\u0160ampoon kuivale ja ketendavale peanahale. Eemaldab \u00f5rnalt kuivusest tingitud helbed ja muud ebapuhtused, taastades juuste ja peanaha heaolu. Rikkalik, kreemjas koostis taastab ja v\u00e4rskendab, tasakaalustades peanaha rasueritust. Muudab juuksed tugevaks ja s\u00e4ravaks. Sulfaadi-, gluteeni-, naatriumkloriidi- ja parabeenivaba koostis on ohutu v\u00e4rvitud juustele. Kasutusjuhend Kanna niisketele juustele, masseeri ja loputa. Koostisosad lavendli\u00f5li, perillaekstrakt, aaloe lehed, kookosvesi, [&hellip;]\" \/>\n<meta property=\"og:url\" content=\"https:\/\/gcbarbers.ee\/fi\/epood\/lanza-scalp-balancing-cleanser\/\" \/>\n<meta property=\"og:site_name\" content=\"GC Barbers\" \/>\n<meta property=\"article:publisher\" content=\"https:\/\/www.facebook.com\/Cityhair.salong\" \/>\n<meta property=\"og:image\" content=\"https:\/\/gcbarbers.ee\/wp-content\/uploads\/2024\/03\/GC-Barbershop-ET.png\" \/>\n\t<meta property=\"og:image:width\" content=\"1618\" \/>\n\t<meta property=\"og:image:height\" content=\"703\" \/>\n\t<meta property=\"og:image:type\" content=\"image\/png\" \/>\n<meta name=\"twitter:card\" content=\"summary_large_image\" \/>\n<script type=\"application\/ld+json\" class=\"yoast-schema-graph\">{\"@context\":\"https:\/\/schema.org\",\"@graph\":[{\"@type\":\"WebPage\",\"@id\":\"https:\/\/gcbarbers.ee\/fi\/epood\/lanza-scalp-balancing-cleanser\/\",\"url\":\"https:\/\/gcbarbers.ee\/fi\/epood\/lanza-scalp-balancing-cleanser\/\",\"name\":\"Lanza Scalp Balancing Cleanser | GC Barbers\",\"isPartOf\":{\"@id\":\"https:\/\/gcbarbers.ee\/#website\"},\"primaryImageOfPage\":{\"@id\":\"https:\/\/gcbarbers.ee\/fi\/epood\/lanza-scalp-balancing-cleanser\/#primaryimage\"},\"image\":{\"@id\":\"https:\/\/gcbarbers.ee\/fi\/epood\/lanza-scalp-balancing-cleanser\/#primaryimage\"},\"thumbnailUrl\":\"https:\/\/gcbarbers.ee\/wp-content\/uploads\/2023\/11\/Lanza_Scalp_Balancing_Cleanser.webp\",\"datePublished\":\"2023-11-01T11:39:23+00:00\",\"breadcrumb\":{\"@id\":\"https:\/\/gcbarbers.ee\/fi\/epood\/lanza-scalp-balancing-cleanser\/#breadcrumb\"},\"inLanguage\":\"fi\",\"potentialAction\":[{\"@type\":\"ReadAction\",\"target\":[\"https:\/\/gcbarbers.ee\/fi\/epood\/lanza-scalp-balancing-cleanser\/\"]}]},{\"@type\":\"ImageObject\",\"inLanguage\":\"fi\",\"@id\":\"https:\/\/gcbarbers.ee\/fi\/epood\/lanza-scalp-balancing-cleanser\/#primaryimage\",\"url\":\"https:\/\/gcbarbers.ee\/wp-content\/uploads\/2023\/11\/Lanza_Scalp_Balancing_Cleanser.webp\",\"contentUrl\":\"https:\/\/gcbarbers.ee\/wp-content\/uploads\/2023\/11\/Lanza_Scalp_Balancing_Cleanser.webp\",\"width\":800,\"height\":800},{\"@type\":\"BreadcrumbList\",\"@id\":\"https:\/\/gcbarbers.ee\/fi\/epood\/lanza-scalp-balancing-cleanser\/#breadcrumb\",\"itemListElement\":[{\"@type\":\"ListItem\",\"position\":1,\"name\":\"Home\",\"item\":\"https:\/\/gcbarbers.ee\/fi\/\"},{\"@type\":\"ListItem\",\"position\":2,\"name\":\"Tooted\",\"item\":\"https:\/\/gcbarbers.ee\/shop\/\"},{\"@type\":\"ListItem\",\"position\":3,\"name\":\"Lanza Scalp Balancing Cleanser\"}]},{\"@type\":\"WebSite\",\"@id\":\"https:\/\/gcbarbers.ee\/#website\",\"url\":\"https:\/\/gcbarbers.ee\/\",\"name\":\"Gentleman Club\",\"description\":\"Barbershop Tallinn - Meeste Juuksur\",\"publisher\":{\"@id\":\"https:\/\/gcbarbers.ee\/#organization\"},\"potentialAction\":[{\"@type\":\"SearchAction\",\"target\":{\"@type\":\"EntryPoint\",\"urlTemplate\":\"https:\/\/gcbarbers.ee\/?s={search_term_string}\"},\"query-input\":{\"@type\":\"PropertyValueSpecification\",\"valueRequired\":true,\"valueName\":\"search_term_string\"}}],\"inLanguage\":\"fi\"},{\"@type\":\"Organization\",\"@id\":\"https:\/\/gcbarbers.ee\/#organization\",\"name\":\"Gentleman Club\",\"url\":\"https:\/\/gcbarbers.ee\/\",\"logo\":{\"@type\":\"ImageObject\",\"inLanguage\":\"fi\",\"@id\":\"https:\/\/gcbarbers.ee\/#\/schema\/logo\/image\/\",\"url\":\"https:\/\/gcbarbers.ee\/wp-content\/uploads\/2024\/02\/20240129_110626_0000-2.png\",\"contentUrl\":\"https:\/\/gcbarbers.ee\/wp-content\/uploads\/2024\/02\/20240129_110626_0000-2.png\",\"width\":500,\"height\":500,\"caption\":\"Gentleman Club\"},\"image\":{\"@id\":\"https:\/\/gcbarbers.ee\/#\/schema\/logo\/image\/\"},\"sameAs\":[\"https:\/\/www.facebook.com\/Cityhair.salong\"]}]}<\/script>\n<!-- \/ Yoast SEO plugin. -->","yoast_head_json":{"title":"Lanza Scalp Balancing Cleanser | GC Barbers","robots":{"index":"index","follow":"follow","max-snippet":"max-snippet:-1","max-image-preview":"max-image-preview:large","max-video-preview":"max-video-preview:-1"},"canonical":"https:\/\/gcbarbers.ee\/fi\/epood\/lanza-scalp-balancing-cleanser\/","og_locale":"fi_FI","og_type":"article","og_title":"Lanza Scalp Balancing Cleanser | GC Barbers","og_description":"\u0160ampoon kuivale ja ketendavale peanahale. Eemaldab \u00f5rnalt kuivusest tingitud helbed ja muud ebapuhtused, taastades juuste ja peanaha heaolu. Rikkalik, kreemjas koostis taastab ja v\u00e4rskendab, tasakaalustades peanaha rasueritust. Muudab juuksed tugevaks ja s\u00e4ravaks. Sulfaadi-, gluteeni-, naatriumkloriidi- ja parabeenivaba koostis on ohutu v\u00e4rvitud juustele. Kasutusjuhend Kanna niisketele juustele, masseeri ja loputa. Koostisosad lavendli\u00f5li, perillaekstrakt, aaloe lehed, kookosvesi, [&hellip;]","og_url":"https:\/\/gcbarbers.ee\/fi\/epood\/lanza-scalp-balancing-cleanser\/","og_site_name":"GC Barbers","article_publisher":"https:\/\/www.facebook.com\/Cityhair.salong","og_image":[{"width":1618,"height":703,"url":"https:\/\/gcbarbers.ee\/wp-content\/uploads\/2024\/03\/GC-Barbershop-ET.png","type":"image\/png"}],"twitter_card":"summary_large_image","schema":{"@context":"https:\/\/schema.org","@graph":[{"@type":"WebPage","@id":"https:\/\/gcbarbers.ee\/fi\/epood\/lanza-scalp-balancing-cleanser\/","url":"https:\/\/gcbarbers.ee\/fi\/epood\/lanza-scalp-balancing-cleanser\/","name":"Lanza Scalp Balancing Cleanser | GC Barbers","isPartOf":{"@id":"https:\/\/gcbarbers.ee\/#website"},"primaryImageOfPage":{"@id":"https:\/\/gcbarbers.ee\/fi\/epood\/lanza-scalp-balancing-cleanser\/#primaryimage"},"image":{"@id":"https:\/\/gcbarbers.ee\/fi\/epood\/lanza-scalp-balancing-cleanser\/#primaryimage"},"thumbnailUrl":"https:\/\/gcbarbers.ee\/wp-content\/uploads\/2023\/11\/Lanza_Scalp_Balancing_Cleanser.webp","datePublished":"2023-11-01T11:39:23+00:00","breadcrumb":{"@id":"https:\/\/gcbarbers.ee\/fi\/epood\/lanza-scalp-balancing-cleanser\/#breadcrumb"},"inLanguage":"fi","potentialAction":[{"@type":"ReadAction","target":["https:\/\/gcbarbers.ee\/fi\/epood\/lanza-scalp-balancing-cleanser\/"]}]},{"@type":"ImageObject","inLanguage":"fi","@id":"https:\/\/gcbarbers.ee\/fi\/epood\/lanza-scalp-balancing-cleanser\/#primaryimage","url":"https:\/\/gcbarbers.ee\/wp-content\/uploads\/2023\/11\/Lanza_Scalp_Balancing_Cleanser.webp","contentUrl":"https:\/\/gcbarbers.ee\/wp-content\/uploads\/2023\/11\/Lanza_Scalp_Balancing_Cleanser.webp","width":800,"height":800},{"@type":"BreadcrumbList","@id":"https:\/\/gcbarbers.ee\/fi\/epood\/lanza-scalp-balancing-cleanser\/#breadcrumb","itemListElement":[{"@type":"ListItem","position":1,"name":"Home","item":"https:\/\/gcbarbers.ee\/fi\/"},{"@type":"ListItem","position":2,"name":"Tooted","item":"https:\/\/gcbarbers.ee\/shop\/"},{"@type":"ListItem","position":3,"name":"Lanza Scalp Balancing Cleanser"}]},{"@type":"WebSite","@id":"https:\/\/gcbarbers.ee\/#website","url":"https:\/\/gcbarbers.ee\/","name":"Gentleman Club","description":"Barbershop Tallinn - Meeste Juuksur","publisher":{"@id":"https:\/\/gcbarbers.ee\/#organization"},"potentialAction":[{"@type":"SearchAction","target":{"@type":"EntryPoint","urlTemplate":"https:\/\/gcbarbers.ee\/?s={search_term_string}"},"query-input":{"@type":"PropertyValueSpecification","valueRequired":true,"valueName":"search_term_string"}}],"inLanguage":"fi"},{"@type":"Organization","@id":"https:\/\/gcbarbers.ee\/#organization","name":"Gentleman Club","url":"https:\/\/gcbarbers.ee\/","logo":{"@type":"ImageObject","inLanguage":"fi","@id":"https:\/\/gcbarbers.ee\/#\/schema\/logo\/image\/","url":"https:\/\/gcbarbers.ee\/wp-content\/uploads\/2024\/02\/20240129_110626_0000-2.png","contentUrl":"https:\/\/gcbarbers.ee\/wp-content\/uploads\/2024\/02\/20240129_110626_0000-2.png","width":500,"height":500,"caption":"Gentleman Club"},"image":{"@id":"https:\/\/gcbarbers.ee\/#\/schema\/logo\/image\/"},"sameAs":["https:\/\/www.facebook.com\/Cityhair.salong"]}]}},"_links":{"self":[{"href":"https:\/\/gcbarbers.ee\/fi\/wp-json\/wp\/v2\/product\/2038","targetHints":{"allow":["GET"]}}],"collection":[{"href":"https:\/\/gcbarbers.ee\/fi\/wp-json\/wp\/v2\/product"}],"about":[{"href":"https:\/\/gcbarbers.ee\/fi\/wp-json\/wp\/v2\/types\/product"}],"wp:featuredmedia":[{"embeddable":true,"href":"https:\/\/gcbarbers.ee\/fi\/wp-json\/wp\/v2\/media\/2040"}],"wp:attachment":[{"href":"https:\/\/gcbarbers.ee\/fi\/wp-json\/wp\/v2\/media?parent=2038"}],"wp:term":[{"taxonomy":"product_brand","embeddable":true,"href":"https:\/\/gcbarbers.ee\/fi\/wp-json\/wp\/v2\/product_brand?post=2038"},{"taxonomy":"product_cat","embeddable":true,"href":"https:\/\/gcbarbers.ee\/fi\/wp-json\/wp\/v2\/product_cat?post=2038"},{"taxonomy":"product_tag","embeddable":true,"href":"https:\/\/gcbarbers.ee\/fi\/wp-json\/wp\/v2\/product_tag?post=2038"}],"curies":[{"name":"wp","href":"https:\/\/api.w.org\/{rel}","templated":true}]}}