{"id":2044,"date":"2023-11-01T11:39:23","date_gmt":"2023-11-01T11:39:23","guid":{"rendered":"https:\/\/gcbarbers.ee\/epood\/lanza-manuka-honey-conditioner\/"},"modified":"2023-11-01T11:39:23","modified_gmt":"2023-11-01T11:39:23","slug":"lanza-manuka-honey-conditioner","status":"publish","type":"product","link":"https:\/\/gcbarbers.ee\/fi\/epood\/lanza-manuka-honey-conditioner\/","title":{"rendered":"Lanza Manuka Honey Conditioner"},"content":{"rendered":"<p>Anti-aging palsam annab kuivadele, eluj\u00f5u kaotanud juustele pehmuse ja s\u00e4ra. Keratiini tervenduss\u00fcsteem taastab juuste noorusliku, terve v\u00e4limuse ja l\u00e4ike. CP Anti-Aging kompleks tugevdab juustes peptiidsidet, et lisada tugevust, l\u00e4iget ja painduvust. Toitev manuka mesi, mis on segatud kaoliinimudaga, aitab juukseid hooldada ja m\u00f5jub antioks\u00fcdantselt. Harutab lahti pusad, suurendab juuste elastsust ja v\u00e4hendab nende katkemist. Sulfaadi-, parabeeni-, gluteeni- ja naatriumkloriidivaba.<\/p>\n<p><strong>Kasutusjuhend<\/strong><\/p>\n<p>Kanna niisketesse pestud juustesse, hoia paar minutit ja loputa.<\/p>\n<p><strong>Koostisosad<\/strong><\/p>\n<p>Manuka mesi, kaoliinimuda, Keratiini tervenduss\u00fcsteem, CP Anti-Aging kompleks.<\/p>\n","protected":false},"excerpt":{"rendered":"<p>Anti-aging palsam annab kuivadele, eluj\u00f5u kaotanud juustele pehmuse ja s\u00e4ra. Keratiini tervenduss\u00fcsteem taastab juuste noorusliku, terve v\u00e4limuse ja l\u00e4ike. CP Anti-Aging kompleks tugevdab juustes peptiidsidet, et lisada tugevust, l\u00e4iget ja painduvust. Toitev manuka mesi, mis on segatud kaoliinimudaga, aitab juukseid hooldada ja m\u00f5jub antioks\u00fcdantselt. Harutab lahti pusad, suurendab juuste elastsust ja v\u00e4hendab nende katkemist. Sulfaadi-, [&hellip;]<\/p>\n","protected":false},"featured_media":2046,"template":"","meta":{"_et_pb_use_builder":"","_et_pb_old_content":"","_et_gb_content_width":"","inline_featured_image":false},"product_brand":[],"product_cat":[112,116],"product_tag":[],"class_list":{"0":"post-2044","1":"product","2":"type-product","3":"status-publish","4":"has-post-thumbnail","6":"product_cat-hair-care-fi","7":"product_cat-hair-conditioner-fi","9":"first","10":"instock","11":"purchasable","12":"product-type-simple"},"yoast_head":"<!-- This site is optimized with the Yoast SEO plugin v24.9 - https:\/\/yoast.com\/wordpress\/plugins\/seo\/ -->\n<title>Lanza Manuka Honey Conditioner | GC Barbers<\/title>\n<meta name=\"robots\" content=\"index, follow, max-snippet:-1, max-image-preview:large, max-video-preview:-1\" \/>\n<link rel=\"canonical\" href=\"https:\/\/gcbarbers.ee\/fi\/epood\/lanza-manuka-honey-conditioner\/\" \/>\n<meta property=\"og:locale\" content=\"fi_FI\" \/>\n<meta property=\"og:type\" content=\"article\" \/>\n<meta property=\"og:title\" content=\"Lanza Manuka Honey Conditioner | GC Barbers\" \/>\n<meta property=\"og:description\" content=\"Anti-aging palsam annab kuivadele, eluj\u00f5u kaotanud juustele pehmuse ja s\u00e4ra. Keratiini tervenduss\u00fcsteem taastab juuste noorusliku, terve v\u00e4limuse ja l\u00e4ike. CP Anti-Aging kompleks tugevdab juustes peptiidsidet, et lisada tugevust, l\u00e4iget ja painduvust. Toitev manuka mesi, mis on segatud kaoliinimudaga, aitab juukseid hooldada ja m\u00f5jub antioks\u00fcdantselt. Harutab lahti pusad, suurendab juuste elastsust ja v\u00e4hendab nende katkemist. Sulfaadi-, [&hellip;]\" \/>\n<meta property=\"og:url\" content=\"https:\/\/gcbarbers.ee\/fi\/epood\/lanza-manuka-honey-conditioner\/\" \/>\n<meta property=\"og:site_name\" content=\"GC Barbers\" \/>\n<meta property=\"article:publisher\" content=\"https:\/\/www.facebook.com\/Cityhair.salong\" \/>\n<meta property=\"og:image\" content=\"https:\/\/gcbarbers.ee\/wp-content\/uploads\/2024\/03\/GC-Barbershop-ET.png\" \/>\n\t<meta property=\"og:image:width\" content=\"1618\" \/>\n\t<meta property=\"og:image:height\" content=\"703\" \/>\n\t<meta property=\"og:image:type\" content=\"image\/png\" \/>\n<meta name=\"twitter:card\" content=\"summary_large_image\" \/>\n<script type=\"application\/ld+json\" class=\"yoast-schema-graph\">{\"@context\":\"https:\/\/schema.org\",\"@graph\":[{\"@type\":\"WebPage\",\"@id\":\"https:\/\/gcbarbers.ee\/fi\/epood\/lanza-manuka-honey-conditioner\/\",\"url\":\"https:\/\/gcbarbers.ee\/fi\/epood\/lanza-manuka-honey-conditioner\/\",\"name\":\"Lanza Manuka Honey Conditioner | GC Barbers\",\"isPartOf\":{\"@id\":\"https:\/\/gcbarbers.ee\/#website\"},\"primaryImageOfPage\":{\"@id\":\"https:\/\/gcbarbers.ee\/fi\/epood\/lanza-manuka-honey-conditioner\/#primaryimage\"},\"image\":{\"@id\":\"https:\/\/gcbarbers.ee\/fi\/epood\/lanza-manuka-honey-conditioner\/#primaryimage\"},\"thumbnailUrl\":\"https:\/\/gcbarbers.ee\/wp-content\/uploads\/2023\/11\/Lanza_Manuka_Honey_Conditioner.webp\",\"datePublished\":\"2023-11-01T11:39:23+00:00\",\"breadcrumb\":{\"@id\":\"https:\/\/gcbarbers.ee\/fi\/epood\/lanza-manuka-honey-conditioner\/#breadcrumb\"},\"inLanguage\":\"fi\",\"potentialAction\":[{\"@type\":\"ReadAction\",\"target\":[\"https:\/\/gcbarbers.ee\/fi\/epood\/lanza-manuka-honey-conditioner\/\"]}]},{\"@type\":\"ImageObject\",\"inLanguage\":\"fi\",\"@id\":\"https:\/\/gcbarbers.ee\/fi\/epood\/lanza-manuka-honey-conditioner\/#primaryimage\",\"url\":\"https:\/\/gcbarbers.ee\/wp-content\/uploads\/2023\/11\/Lanza_Manuka_Honey_Conditioner.webp\",\"contentUrl\":\"https:\/\/gcbarbers.ee\/wp-content\/uploads\/2023\/11\/Lanza_Manuka_Honey_Conditioner.webp\",\"width\":799,\"height\":800},{\"@type\":\"BreadcrumbList\",\"@id\":\"https:\/\/gcbarbers.ee\/fi\/epood\/lanza-manuka-honey-conditioner\/#breadcrumb\",\"itemListElement\":[{\"@type\":\"ListItem\",\"position\":1,\"name\":\"Home\",\"item\":\"https:\/\/gcbarbers.ee\/fi\/\"},{\"@type\":\"ListItem\",\"position\":2,\"name\":\"Tooted\",\"item\":\"https:\/\/gcbarbers.ee\/shop\/\"},{\"@type\":\"ListItem\",\"position\":3,\"name\":\"Lanza Manuka Honey Conditioner\"}]},{\"@type\":\"WebSite\",\"@id\":\"https:\/\/gcbarbers.ee\/#website\",\"url\":\"https:\/\/gcbarbers.ee\/\",\"name\":\"Gentleman Club\",\"description\":\"Barbershop Tallinn - Meeste Juuksur\",\"publisher\":{\"@id\":\"https:\/\/gcbarbers.ee\/#organization\"},\"potentialAction\":[{\"@type\":\"SearchAction\",\"target\":{\"@type\":\"EntryPoint\",\"urlTemplate\":\"https:\/\/gcbarbers.ee\/?s={search_term_string}\"},\"query-input\":{\"@type\":\"PropertyValueSpecification\",\"valueRequired\":true,\"valueName\":\"search_term_string\"}}],\"inLanguage\":\"fi\"},{\"@type\":\"Organization\",\"@id\":\"https:\/\/gcbarbers.ee\/#organization\",\"name\":\"Gentleman Club\",\"url\":\"https:\/\/gcbarbers.ee\/\",\"logo\":{\"@type\":\"ImageObject\",\"inLanguage\":\"fi\",\"@id\":\"https:\/\/gcbarbers.ee\/#\/schema\/logo\/image\/\",\"url\":\"https:\/\/gcbarbers.ee\/wp-content\/uploads\/2024\/02\/20240129_110626_0000-2.png\",\"contentUrl\":\"https:\/\/gcbarbers.ee\/wp-content\/uploads\/2024\/02\/20240129_110626_0000-2.png\",\"width\":500,\"height\":500,\"caption\":\"Gentleman Club\"},\"image\":{\"@id\":\"https:\/\/gcbarbers.ee\/#\/schema\/logo\/image\/\"},\"sameAs\":[\"https:\/\/www.facebook.com\/Cityhair.salong\"]}]}<\/script>\n<!-- \/ Yoast SEO plugin. -->","yoast_head_json":{"title":"Lanza Manuka Honey Conditioner | GC Barbers","robots":{"index":"index","follow":"follow","max-snippet":"max-snippet:-1","max-image-preview":"max-image-preview:large","max-video-preview":"max-video-preview:-1"},"canonical":"https:\/\/gcbarbers.ee\/fi\/epood\/lanza-manuka-honey-conditioner\/","og_locale":"fi_FI","og_type":"article","og_title":"Lanza Manuka Honey Conditioner | GC Barbers","og_description":"Anti-aging palsam annab kuivadele, eluj\u00f5u kaotanud juustele pehmuse ja s\u00e4ra. Keratiini tervenduss\u00fcsteem taastab juuste noorusliku, terve v\u00e4limuse ja l\u00e4ike. CP Anti-Aging kompleks tugevdab juustes peptiidsidet, et lisada tugevust, l\u00e4iget ja painduvust. Toitev manuka mesi, mis on segatud kaoliinimudaga, aitab juukseid hooldada ja m\u00f5jub antioks\u00fcdantselt. Harutab lahti pusad, suurendab juuste elastsust ja v\u00e4hendab nende katkemist. Sulfaadi-, [&hellip;]","og_url":"https:\/\/gcbarbers.ee\/fi\/epood\/lanza-manuka-honey-conditioner\/","og_site_name":"GC Barbers","article_publisher":"https:\/\/www.facebook.com\/Cityhair.salong","og_image":[{"width":1618,"height":703,"url":"https:\/\/gcbarbers.ee\/wp-content\/uploads\/2024\/03\/GC-Barbershop-ET.png","type":"image\/png"}],"twitter_card":"summary_large_image","schema":{"@context":"https:\/\/schema.org","@graph":[{"@type":"WebPage","@id":"https:\/\/gcbarbers.ee\/fi\/epood\/lanza-manuka-honey-conditioner\/","url":"https:\/\/gcbarbers.ee\/fi\/epood\/lanza-manuka-honey-conditioner\/","name":"Lanza Manuka Honey Conditioner | GC Barbers","isPartOf":{"@id":"https:\/\/gcbarbers.ee\/#website"},"primaryImageOfPage":{"@id":"https:\/\/gcbarbers.ee\/fi\/epood\/lanza-manuka-honey-conditioner\/#primaryimage"},"image":{"@id":"https:\/\/gcbarbers.ee\/fi\/epood\/lanza-manuka-honey-conditioner\/#primaryimage"},"thumbnailUrl":"https:\/\/gcbarbers.ee\/wp-content\/uploads\/2023\/11\/Lanza_Manuka_Honey_Conditioner.webp","datePublished":"2023-11-01T11:39:23+00:00","breadcrumb":{"@id":"https:\/\/gcbarbers.ee\/fi\/epood\/lanza-manuka-honey-conditioner\/#breadcrumb"},"inLanguage":"fi","potentialAction":[{"@type":"ReadAction","target":["https:\/\/gcbarbers.ee\/fi\/epood\/lanza-manuka-honey-conditioner\/"]}]},{"@type":"ImageObject","inLanguage":"fi","@id":"https:\/\/gcbarbers.ee\/fi\/epood\/lanza-manuka-honey-conditioner\/#primaryimage","url":"https:\/\/gcbarbers.ee\/wp-content\/uploads\/2023\/11\/Lanza_Manuka_Honey_Conditioner.webp","contentUrl":"https:\/\/gcbarbers.ee\/wp-content\/uploads\/2023\/11\/Lanza_Manuka_Honey_Conditioner.webp","width":799,"height":800},{"@type":"BreadcrumbList","@id":"https:\/\/gcbarbers.ee\/fi\/epood\/lanza-manuka-honey-conditioner\/#breadcrumb","itemListElement":[{"@type":"ListItem","position":1,"name":"Home","item":"https:\/\/gcbarbers.ee\/fi\/"},{"@type":"ListItem","position":2,"name":"Tooted","item":"https:\/\/gcbarbers.ee\/shop\/"},{"@type":"ListItem","position":3,"name":"Lanza Manuka Honey Conditioner"}]},{"@type":"WebSite","@id":"https:\/\/gcbarbers.ee\/#website","url":"https:\/\/gcbarbers.ee\/","name":"Gentleman Club","description":"Barbershop Tallinn - Meeste Juuksur","publisher":{"@id":"https:\/\/gcbarbers.ee\/#organization"},"potentialAction":[{"@type":"SearchAction","target":{"@type":"EntryPoint","urlTemplate":"https:\/\/gcbarbers.ee\/?s={search_term_string}"},"query-input":{"@type":"PropertyValueSpecification","valueRequired":true,"valueName":"search_term_string"}}],"inLanguage":"fi"},{"@type":"Organization","@id":"https:\/\/gcbarbers.ee\/#organization","name":"Gentleman Club","url":"https:\/\/gcbarbers.ee\/","logo":{"@type":"ImageObject","inLanguage":"fi","@id":"https:\/\/gcbarbers.ee\/#\/schema\/logo\/image\/","url":"https:\/\/gcbarbers.ee\/wp-content\/uploads\/2024\/02\/20240129_110626_0000-2.png","contentUrl":"https:\/\/gcbarbers.ee\/wp-content\/uploads\/2024\/02\/20240129_110626_0000-2.png","width":500,"height":500,"caption":"Gentleman Club"},"image":{"@id":"https:\/\/gcbarbers.ee\/#\/schema\/logo\/image\/"},"sameAs":["https:\/\/www.facebook.com\/Cityhair.salong"]}]}},"_links":{"self":[{"href":"https:\/\/gcbarbers.ee\/fi\/wp-json\/wp\/v2\/product\/2044","targetHints":{"allow":["GET"]}}],"collection":[{"href":"https:\/\/gcbarbers.ee\/fi\/wp-json\/wp\/v2\/product"}],"about":[{"href":"https:\/\/gcbarbers.ee\/fi\/wp-json\/wp\/v2\/types\/product"}],"wp:featuredmedia":[{"embeddable":true,"href":"https:\/\/gcbarbers.ee\/fi\/wp-json\/wp\/v2\/media\/2046"}],"wp:attachment":[{"href":"https:\/\/gcbarbers.ee\/fi\/wp-json\/wp\/v2\/media?parent=2044"}],"wp:term":[{"taxonomy":"product_brand","embeddable":true,"href":"https:\/\/gcbarbers.ee\/fi\/wp-json\/wp\/v2\/product_brand?post=2044"},{"taxonomy":"product_cat","embeddable":true,"href":"https:\/\/gcbarbers.ee\/fi\/wp-json\/wp\/v2\/product_cat?post=2044"},{"taxonomy":"product_tag","embeddable":true,"href":"https:\/\/gcbarbers.ee\/fi\/wp-json\/wp\/v2\/product_tag?post=2044"}],"curies":[{"name":"wp","href":"https:\/\/api.w.org\/{rel}","templated":true}]}}