{"id":2051,"date":"2023-11-01T11:39:26","date_gmt":"2023-11-01T11:39:26","guid":{"rendered":"https:\/\/gcbarbers.ee\/epood\/glam-color-toner-steel-gray-11\/"},"modified":"2023-11-01T11:39:26","modified_gmt":"2023-11-01T11:39:26","slug":"glam-color-toner-steel-gray-11","status":"publish","type":"product","link":"https:\/\/gcbarbers.ee\/fi\/epood\/glam-color-toner-steel-gray-11\/","title":{"rendered":"Glam Color Toner Steel Gray .11"},"content":{"rendered":"<p>Glam Color Advanced Steel Gray .11 &#8211; elavdab ja parandab soojade hallide toonide v\u00e4rvikirkust, tagades v\u00e4rskendava efekti. Tulemuse stabiilsus: 3-5 peapesuprotseduuri. Juuksed saavad briljantse l\u00e4ike. Luksuslik hele soe pruun v\u00e4rv &#8211; t\u00f5eline v\u00f5lu! Toning balm Glam Color Advanced 24 Chocolate tagab toonide erksuse. Pole t\u00e4htis, kas teie juuksed on v\u00e4rvitud, soengus v\u00f5i omavad loomulikku v\u00e4rvi. Glam Color Advanced tugevdab sooja pruuni juuksev\u00e4rvi ja annab neile s\u00e4ra. Pigmentide tungimine tagab v\u00e4rvi intensiivsuse 3-5 peapesu jooksul. Lisaks on toode v\u00e4ga lihtne kasutada. Siidvalgud m\u00f5juvad juustele hoolitsevalt. Juuste struktuur paraneb, juuksed omandavad muljetavaldava l\u00e4ike ja on kergesti kammitavad. Glam Color Advanced ja selle pruunid toonid loovad trendi v\u00e4rvis\u00fcgavuse ja l\u00e4ike suunas!<\/p>\n<p><strong>Kasutusjuhend<\/strong><\/p>\n<p>Peale juuste pesemist kandke Glam Color Advanced \u00fchtlaselt r\u00e4tikuga kuivatatud juustele. Vajadusel kammige juukseid. Toimimise aeg s\u00f5ltub soovitud intensiivsusest ja on 3\u201310 minutit (mida poorsem on juuste struktuur, seda intensiivsemalt tungivad pigmendid juustesse). Seej\u00e4rel loputage hoolikalt. Tootega t\u00f6\u00f6tamisel kasutage kindaid, et v\u00e4ltida naha kokkupuudet!<\/p>\n<p><strong>Koostisosad<\/strong><\/p>\n<p>Siidivalgud pakuvad t\u00e4iendavat juuksehooldust. Eri pigmendid tagavad v\u00e4rvi erksuse pikaks ajaks.<\/p>\n","protected":false},"excerpt":{"rendered":"<p>Glam Color Advanced Steel Gray .11 &#8211; elavdab ja parandab soojade hallide toonide v\u00e4rvikirkust, tagades v\u00e4rskendava efekti. Tulemuse stabiilsus: 3-5 peapesuprotseduuri. Juuksed saavad briljantse l\u00e4ike. Luksuslik hele soe pruun v\u00e4rv &#8211; t\u00f5eline v\u00f5lu! Toning balm Glam Color Advanced 24 Chocolate tagab toonide erksuse. Pole t\u00e4htis, kas teie juuksed on v\u00e4rvitud, soengus v\u00f5i omavad loomulikku v\u00e4rvi. [&hellip;]<\/p>\n","protected":false},"featured_media":2053,"template":"","meta":{"_et_pb_use_builder":"","_et_pb_old_content":"<p>Glam Color Advanced Steel Gray .11 - elavdab ja parandab soojade hallide toonide v\u00e4rvikirkust, tagades v\u00e4rskendava efekti. Tulemuse stabiilsus: 3-5 peapesuprotseduuri. Juuksed saavad briljantse l\u00e4ike. Luksuslik hele soe pruun v\u00e4rv - t\u00f5eline v\u00f5lu! Toning balm Glam Color Advanced 24 Chocolate tagab toonide erksuse. Pole t\u00e4htis, kas teie juuksed on v\u00e4rvitud, soengus v\u00f5i omavad loomulikku v\u00e4rvi. Glam Color Advanced tugevdab sooja pruuni juuksev\u00e4rvi ja annab neile s\u00e4ra. Pigmentide tungimine tagab v\u00e4rvi intensiivsuse 3-5 peapesu jooksul. Lisaks on toode v\u00e4ga lihtne kasutada. Siidvalgud m\u00f5juvad juustele hoolitsevalt. Juuste struktuur paraneb, juuksed omandavad muljetavaldava l\u00e4ike ja on kergesti kammitavad. Glam Color Advanced ja selle pruunid toonid loovad trendi v\u00e4rvis\u00fcgavuse ja l\u00e4ike suunas!<\/p><p><strong>Kasutusjuhend<\/strong><\/p><p>Peale juuste pesemist kandke Glam Color Advanced \u00fchtlaselt r\u00e4tikuga kuivatatud juustele. Vajadusel kammige juukseid. Toimimise aeg s\u00f5ltub soovitud intensiivsusest ja on 3\u201310 minutit (mida poorsem on juuste struktuur, seda intensiivsemalt tungivad pigmendid juustesse). Seej\u00e4rel loputage hoolikalt. Tootega t\u00f6\u00f6tamisel kasutage kindaid, et v\u00e4ltida naha kokkupuudet!<\/p><p><strong>Koostisosad<\/strong><\/p><p>Siidivalgud pakuvad t\u00e4iendavat juuksehooldust. Eri pigmendid tagavad v\u00e4rvi erksuse pikaks ajaks.<\/p>","_et_gb_content_width":"","inline_featured_image":false},"product_brand":[],"product_cat":[112,114],"product_tag":[],"class_list":{"0":"post-2051","1":"product","2":"type-product","3":"status-publish","4":"has-post-thumbnail","6":"product_cat-hair-care-fi","7":"product_cat-hair-care-en-fi","9":"first","10":"instock","11":"purchasable","12":"product-type-simple"},"yoast_head":"<!-- This site is optimized with the Yoast SEO plugin v24.9 - https:\/\/yoast.com\/wordpress\/plugins\/seo\/ -->\n<title>Glam Color Toner Steel Gray .11 | GC Barbers<\/title>\n<meta name=\"robots\" content=\"index, follow, max-snippet:-1, max-image-preview:large, max-video-preview:-1\" \/>\n<link rel=\"canonical\" href=\"https:\/\/gcbarbers.ee\/fi\/epood\/glam-color-toner-steel-gray-11\/\" \/>\n<meta property=\"og:locale\" content=\"fi_FI\" \/>\n<meta property=\"og:type\" content=\"article\" \/>\n<meta property=\"og:title\" content=\"Glam Color Toner Steel Gray .11 | GC Barbers\" \/>\n<meta property=\"og:description\" content=\"Glam Color Advanced Steel Gray .11 &#8211; elavdab ja parandab soojade hallide toonide v\u00e4rvikirkust, tagades v\u00e4rskendava efekti. Tulemuse stabiilsus: 3-5 peapesuprotseduuri. Juuksed saavad briljantse l\u00e4ike. Luksuslik hele soe pruun v\u00e4rv &#8211; t\u00f5eline v\u00f5lu! Toning balm Glam Color Advanced 24 Chocolate tagab toonide erksuse. Pole t\u00e4htis, kas teie juuksed on v\u00e4rvitud, soengus v\u00f5i omavad loomulikku v\u00e4rvi. [&hellip;]\" \/>\n<meta property=\"og:url\" content=\"https:\/\/gcbarbers.ee\/fi\/epood\/glam-color-toner-steel-gray-11\/\" \/>\n<meta property=\"og:site_name\" content=\"GC Barbers\" \/>\n<meta property=\"article:publisher\" content=\"https:\/\/www.facebook.com\/Cityhair.salong\" \/>\n<meta property=\"og:image\" content=\"https:\/\/gcbarbers.ee\/wp-content\/uploads\/2024\/03\/GC-Barbershop-ET.png\" \/>\n\t<meta property=\"og:image:width\" content=\"1618\" \/>\n\t<meta property=\"og:image:height\" content=\"703\" \/>\n\t<meta property=\"og:image:type\" content=\"image\/png\" \/>\n<meta name=\"twitter:card\" content=\"summary_large_image\" \/>\n<meta name=\"twitter:label1\" content=\"Arvioitu lukuaika\" \/>\n\t<meta name=\"twitter:data1\" content=\"1 minuutti\" \/>\n<script type=\"application\/ld+json\" class=\"yoast-schema-graph\">{\"@context\":\"https:\/\/schema.org\",\"@graph\":[{\"@type\":\"WebPage\",\"@id\":\"https:\/\/gcbarbers.ee\/fi\/epood\/glam-color-toner-steel-gray-11\/\",\"url\":\"https:\/\/gcbarbers.ee\/fi\/epood\/glam-color-toner-steel-gray-11\/\",\"name\":\"Glam Color Toner Steel Gray .11 | GC Barbers\",\"isPartOf\":{\"@id\":\"https:\/\/gcbarbers.ee\/#website\"},\"primaryImageOfPage\":{\"@id\":\"https:\/\/gcbarbers.ee\/fi\/epood\/glam-color-toner-steel-gray-11\/#primaryimage\"},\"image\":{\"@id\":\"https:\/\/gcbarbers.ee\/fi\/epood\/glam-color-toner-steel-gray-11\/#primaryimage\"},\"thumbnailUrl\":\"https:\/\/gcbarbers.ee\/wp-content\/uploads\/2023\/11\/Glam_Color_Toner_Steel_Gray_11.webp\",\"datePublished\":\"2023-11-01T11:39:26+00:00\",\"breadcrumb\":{\"@id\":\"https:\/\/gcbarbers.ee\/fi\/epood\/glam-color-toner-steel-gray-11\/#breadcrumb\"},\"inLanguage\":\"fi\",\"potentialAction\":[{\"@type\":\"ReadAction\",\"target\":[\"https:\/\/gcbarbers.ee\/fi\/epood\/glam-color-toner-steel-gray-11\/\"]}]},{\"@type\":\"ImageObject\",\"inLanguage\":\"fi\",\"@id\":\"https:\/\/gcbarbers.ee\/fi\/epood\/glam-color-toner-steel-gray-11\/#primaryimage\",\"url\":\"https:\/\/gcbarbers.ee\/wp-content\/uploads\/2023\/11\/Glam_Color_Toner_Steel_Gray_11.webp\",\"contentUrl\":\"https:\/\/gcbarbers.ee\/wp-content\/uploads\/2023\/11\/Glam_Color_Toner_Steel_Gray_11.webp\",\"width\":800,\"height\":800},{\"@type\":\"BreadcrumbList\",\"@id\":\"https:\/\/gcbarbers.ee\/fi\/epood\/glam-color-toner-steel-gray-11\/#breadcrumb\",\"itemListElement\":[{\"@type\":\"ListItem\",\"position\":1,\"name\":\"Home\",\"item\":\"https:\/\/gcbarbers.ee\/fi\/\"},{\"@type\":\"ListItem\",\"position\":2,\"name\":\"Tooted\",\"item\":\"https:\/\/gcbarbers.ee\/shop\/\"},{\"@type\":\"ListItem\",\"position\":3,\"name\":\"Glam Color Toner Steel Gray .11\"}]},{\"@type\":\"WebSite\",\"@id\":\"https:\/\/gcbarbers.ee\/#website\",\"url\":\"https:\/\/gcbarbers.ee\/\",\"name\":\"Gentleman Club\",\"description\":\"Barbershop Tallinn - Meeste Juuksur\",\"publisher\":{\"@id\":\"https:\/\/gcbarbers.ee\/#organization\"},\"potentialAction\":[{\"@type\":\"SearchAction\",\"target\":{\"@type\":\"EntryPoint\",\"urlTemplate\":\"https:\/\/gcbarbers.ee\/?s={search_term_string}\"},\"query-input\":{\"@type\":\"PropertyValueSpecification\",\"valueRequired\":true,\"valueName\":\"search_term_string\"}}],\"inLanguage\":\"fi\"},{\"@type\":\"Organization\",\"@id\":\"https:\/\/gcbarbers.ee\/#organization\",\"name\":\"Gentleman Club\",\"url\":\"https:\/\/gcbarbers.ee\/\",\"logo\":{\"@type\":\"ImageObject\",\"inLanguage\":\"fi\",\"@id\":\"https:\/\/gcbarbers.ee\/#\/schema\/logo\/image\/\",\"url\":\"https:\/\/gcbarbers.ee\/wp-content\/uploads\/2024\/02\/20240129_110626_0000-2.png\",\"contentUrl\":\"https:\/\/gcbarbers.ee\/wp-content\/uploads\/2024\/02\/20240129_110626_0000-2.png\",\"width\":500,\"height\":500,\"caption\":\"Gentleman Club\"},\"image\":{\"@id\":\"https:\/\/gcbarbers.ee\/#\/schema\/logo\/image\/\"},\"sameAs\":[\"https:\/\/www.facebook.com\/Cityhair.salong\"]}]}<\/script>\n<!-- \/ Yoast SEO plugin. -->","yoast_head_json":{"title":"Glam Color Toner Steel Gray .11 | GC Barbers","robots":{"index":"index","follow":"follow","max-snippet":"max-snippet:-1","max-image-preview":"max-image-preview:large","max-video-preview":"max-video-preview:-1"},"canonical":"https:\/\/gcbarbers.ee\/fi\/epood\/glam-color-toner-steel-gray-11\/","og_locale":"fi_FI","og_type":"article","og_title":"Glam Color Toner Steel Gray .11 | GC Barbers","og_description":"Glam Color Advanced Steel Gray .11 &#8211; elavdab ja parandab soojade hallide toonide v\u00e4rvikirkust, tagades v\u00e4rskendava efekti. Tulemuse stabiilsus: 3-5 peapesuprotseduuri. Juuksed saavad briljantse l\u00e4ike. Luksuslik hele soe pruun v\u00e4rv &#8211; t\u00f5eline v\u00f5lu! Toning balm Glam Color Advanced 24 Chocolate tagab toonide erksuse. Pole t\u00e4htis, kas teie juuksed on v\u00e4rvitud, soengus v\u00f5i omavad loomulikku v\u00e4rvi. [&hellip;]","og_url":"https:\/\/gcbarbers.ee\/fi\/epood\/glam-color-toner-steel-gray-11\/","og_site_name":"GC Barbers","article_publisher":"https:\/\/www.facebook.com\/Cityhair.salong","og_image":[{"width":1618,"height":703,"url":"https:\/\/gcbarbers.ee\/wp-content\/uploads\/2024\/03\/GC-Barbershop-ET.png","type":"image\/png"}],"twitter_card":"summary_large_image","twitter_misc":{"Arvioitu lukuaika":"1 minuutti"},"schema":{"@context":"https:\/\/schema.org","@graph":[{"@type":"WebPage","@id":"https:\/\/gcbarbers.ee\/fi\/epood\/glam-color-toner-steel-gray-11\/","url":"https:\/\/gcbarbers.ee\/fi\/epood\/glam-color-toner-steel-gray-11\/","name":"Glam Color Toner Steel Gray .11 | GC Barbers","isPartOf":{"@id":"https:\/\/gcbarbers.ee\/#website"},"primaryImageOfPage":{"@id":"https:\/\/gcbarbers.ee\/fi\/epood\/glam-color-toner-steel-gray-11\/#primaryimage"},"image":{"@id":"https:\/\/gcbarbers.ee\/fi\/epood\/glam-color-toner-steel-gray-11\/#primaryimage"},"thumbnailUrl":"https:\/\/gcbarbers.ee\/wp-content\/uploads\/2023\/11\/Glam_Color_Toner_Steel_Gray_11.webp","datePublished":"2023-11-01T11:39:26+00:00","breadcrumb":{"@id":"https:\/\/gcbarbers.ee\/fi\/epood\/glam-color-toner-steel-gray-11\/#breadcrumb"},"inLanguage":"fi","potentialAction":[{"@type":"ReadAction","target":["https:\/\/gcbarbers.ee\/fi\/epood\/glam-color-toner-steel-gray-11\/"]}]},{"@type":"ImageObject","inLanguage":"fi","@id":"https:\/\/gcbarbers.ee\/fi\/epood\/glam-color-toner-steel-gray-11\/#primaryimage","url":"https:\/\/gcbarbers.ee\/wp-content\/uploads\/2023\/11\/Glam_Color_Toner_Steel_Gray_11.webp","contentUrl":"https:\/\/gcbarbers.ee\/wp-content\/uploads\/2023\/11\/Glam_Color_Toner_Steel_Gray_11.webp","width":800,"height":800},{"@type":"BreadcrumbList","@id":"https:\/\/gcbarbers.ee\/fi\/epood\/glam-color-toner-steel-gray-11\/#breadcrumb","itemListElement":[{"@type":"ListItem","position":1,"name":"Home","item":"https:\/\/gcbarbers.ee\/fi\/"},{"@type":"ListItem","position":2,"name":"Tooted","item":"https:\/\/gcbarbers.ee\/shop\/"},{"@type":"ListItem","position":3,"name":"Glam Color Toner Steel Gray .11"}]},{"@type":"WebSite","@id":"https:\/\/gcbarbers.ee\/#website","url":"https:\/\/gcbarbers.ee\/","name":"Gentleman Club","description":"Barbershop Tallinn - Meeste Juuksur","publisher":{"@id":"https:\/\/gcbarbers.ee\/#organization"},"potentialAction":[{"@type":"SearchAction","target":{"@type":"EntryPoint","urlTemplate":"https:\/\/gcbarbers.ee\/?s={search_term_string}"},"query-input":{"@type":"PropertyValueSpecification","valueRequired":true,"valueName":"search_term_string"}}],"inLanguage":"fi"},{"@type":"Organization","@id":"https:\/\/gcbarbers.ee\/#organization","name":"Gentleman Club","url":"https:\/\/gcbarbers.ee\/","logo":{"@type":"ImageObject","inLanguage":"fi","@id":"https:\/\/gcbarbers.ee\/#\/schema\/logo\/image\/","url":"https:\/\/gcbarbers.ee\/wp-content\/uploads\/2024\/02\/20240129_110626_0000-2.png","contentUrl":"https:\/\/gcbarbers.ee\/wp-content\/uploads\/2024\/02\/20240129_110626_0000-2.png","width":500,"height":500,"caption":"Gentleman Club"},"image":{"@id":"https:\/\/gcbarbers.ee\/#\/schema\/logo\/image\/"},"sameAs":["https:\/\/www.facebook.com\/Cityhair.salong"]}]}},"_links":{"self":[{"href":"https:\/\/gcbarbers.ee\/fi\/wp-json\/wp\/v2\/product\/2051","targetHints":{"allow":["GET"]}}],"collection":[{"href":"https:\/\/gcbarbers.ee\/fi\/wp-json\/wp\/v2\/product"}],"about":[{"href":"https:\/\/gcbarbers.ee\/fi\/wp-json\/wp\/v2\/types\/product"}],"wp:featuredmedia":[{"embeddable":true,"href":"https:\/\/gcbarbers.ee\/fi\/wp-json\/wp\/v2\/media\/2053"}],"wp:attachment":[{"href":"https:\/\/gcbarbers.ee\/fi\/wp-json\/wp\/v2\/media?parent=2051"}],"wp:term":[{"taxonomy":"product_brand","embeddable":true,"href":"https:\/\/gcbarbers.ee\/fi\/wp-json\/wp\/v2\/product_brand?post=2051"},{"taxonomy":"product_cat","embeddable":true,"href":"https:\/\/gcbarbers.ee\/fi\/wp-json\/wp\/v2\/product_cat?post=2051"},{"taxonomy":"product_tag","embeddable":true,"href":"https:\/\/gcbarbers.ee\/fi\/wp-json\/wp\/v2\/product_tag?post=2051"}],"curies":[{"name":"wp","href":"https:\/\/api.w.org\/{rel}","templated":true}]}}