{"id":2054,"date":"2023-11-01T11:39:14","date_gmt":"2023-11-01T11:39:14","guid":{"rendered":"https:\/\/gcbarbers.ee\/epood\/solomons-daunsel-volumizing-spray\/"},"modified":"2023-11-01T11:39:14","modified_gmt":"2023-11-01T11:39:14","slug":"solomons-daunsel-volumizing-spray","status":"publish","type":"product","link":"https:\/\/gcbarbers.ee\/fi\/epood\/solomons-daunsel-volumizing-spray\/","title":{"rendered":"Solomon&#8217;s Daunsel volumizing spray"},"content":{"rendered":"<p>Daunsel Solomon\u2019s Volumizing Hair Spray on tugeva hoidvusega. Seda kasutatakse t\u00e4iusliku ja mati l\u00f5pptulemuse saavutamiseks, t\u00e4iesti looduslik. See on veep\u00f5hine toode, mida on \u00fche loputusega lihtne eemaldada ja mis ei j\u00e4ta j\u00e4\u00e4ke.<br \/>\n<strong><br \/>\nKuidas kasutada:<\/strong><\/p>\n<p>Soovitatav on kanda toode juustest 5-10 cm kaugusel. Kandke \u00fchtlaselt niisketele v\u00f5i kuivadele juustele vastavalt soovitud efektile ja viimistle f\u00f6\u00f6ni ja kammi abil. Tooteid saab kasutada iseseisvalt, et luua viimistlus nii m\u00e4rgade kui ka kuivade juuste jaoks. Samuti v\u00f5ib seda kasutada mahutavuse toetamiseks enne l\u00e4ikivate v\u00f5i matiste juuksevahade pealekandmist. Parima tulemuse saavutamiseks soovitame kasutada Groomingut koos Solomon\u2019s pomade&#8217;idega (Cutler, Ambler, Link Boy, Lighthouse Keeper).<\/p>\n<p><strong>Koostis:<\/strong><\/p>\n<p>Aqua [Vesi], Magneesiumsulfaat, Merevesi, Vp\/Va kopol\u00fcmeer, Prop\u00fcleengl\u00fckool, Feno\u00fc\u00fcletanool, Naatriumkloriid, Parfum [L\u00f5hnaaine], PEG-40 h\u00fcdrogeenitud kastoor\u00f5li, Pol\u00fcsorbaat 20, Et\u00fc\u00fclheks\u00fc\u00fclgl\u00fctseriin, Naatriumdeh\u00fcdroatsetaat, Sidrunhape.<\/p>\n","protected":false},"excerpt":{"rendered":"<p>Daunsel Solomon\u2019s Volumizing Hair Spray on tugeva hoidvusega. Seda kasutatakse t\u00e4iusliku ja mati l\u00f5pptulemuse saavutamiseks, t\u00e4iesti looduslik. See on veep\u00f5hine toode, mida on \u00fche loputusega lihtne eemaldada ja mis ei j\u00e4ta j\u00e4\u00e4ke. Kuidas kasutada: Soovitatav on kanda toode juustest 5-10 cm kaugusel. Kandke \u00fchtlaselt niisketele v\u00f5i kuivadele juustele vastavalt soovitud efektile ja viimistle f\u00f6\u00f6ni ja [&hellip;]<\/p>\n","protected":false},"featured_media":2056,"template":"","meta":{"_et_pb_use_builder":"","_et_pb_old_content":"","_et_gb_content_width":"","inline_featured_image":false},"product_brand":[],"product_cat":[117,119],"product_tag":[],"class_list":{"0":"post-2054","1":"product","2":"type-product","3":"status-publish","4":"has-post-thumbnail","6":"product_cat-for-hair-fi","7":"product_cat-salty-water-fi","9":"first","10":"instock","11":"purchasable","12":"product-type-simple"},"yoast_head":"<!-- This site is optimized with the Yoast SEO plugin v24.9 - https:\/\/yoast.com\/wordpress\/plugins\/seo\/ -->\n<title>Solomon&#039;s Daunsel volumizing spray | GC Barbers<\/title>\n<meta name=\"robots\" content=\"index, follow, max-snippet:-1, max-image-preview:large, max-video-preview:-1\" \/>\n<link rel=\"canonical\" href=\"https:\/\/gcbarbers.ee\/fi\/epood\/solomons-daunsel-volumizing-spray\/\" \/>\n<meta property=\"og:locale\" content=\"fi_FI\" \/>\n<meta property=\"og:type\" content=\"article\" \/>\n<meta property=\"og:title\" content=\"Solomon&#039;s Daunsel volumizing spray | GC Barbers\" \/>\n<meta property=\"og:description\" content=\"Daunsel Solomon\u2019s Volumizing Hair Spray on tugeva hoidvusega. Seda kasutatakse t\u00e4iusliku ja mati l\u00f5pptulemuse saavutamiseks, t\u00e4iesti looduslik. See on veep\u00f5hine toode, mida on \u00fche loputusega lihtne eemaldada ja mis ei j\u00e4ta j\u00e4\u00e4ke. Kuidas kasutada: Soovitatav on kanda toode juustest 5-10 cm kaugusel. Kandke \u00fchtlaselt niisketele v\u00f5i kuivadele juustele vastavalt soovitud efektile ja viimistle f\u00f6\u00f6ni ja [&hellip;]\" \/>\n<meta property=\"og:url\" content=\"https:\/\/gcbarbers.ee\/fi\/epood\/solomons-daunsel-volumizing-spray\/\" \/>\n<meta property=\"og:site_name\" content=\"GC Barbers\" \/>\n<meta property=\"article:publisher\" content=\"https:\/\/www.facebook.com\/Cityhair.salong\" \/>\n<meta property=\"og:image\" content=\"https:\/\/gcbarbers.ee\/wp-content\/uploads\/2024\/03\/GC-Barbershop-ET.png\" \/>\n\t<meta property=\"og:image:width\" content=\"1618\" \/>\n\t<meta property=\"og:image:height\" content=\"703\" \/>\n\t<meta property=\"og:image:type\" content=\"image\/png\" \/>\n<meta name=\"twitter:card\" content=\"summary_large_image\" \/>\n<meta name=\"twitter:label1\" content=\"Arvioitu lukuaika\" \/>\n\t<meta name=\"twitter:data1\" content=\"1 minuutti\" \/>\n<script type=\"application\/ld+json\" class=\"yoast-schema-graph\">{\"@context\":\"https:\/\/schema.org\",\"@graph\":[{\"@type\":\"WebPage\",\"@id\":\"https:\/\/gcbarbers.ee\/fi\/epood\/solomons-daunsel-volumizing-spray\/\",\"url\":\"https:\/\/gcbarbers.ee\/fi\/epood\/solomons-daunsel-volumizing-spray\/\",\"name\":\"Solomon's Daunsel volumizing spray | GC Barbers\",\"isPartOf\":{\"@id\":\"https:\/\/gcbarbers.ee\/#website\"},\"primaryImageOfPage\":{\"@id\":\"https:\/\/gcbarbers.ee\/fi\/epood\/solomons-daunsel-volumizing-spray\/#primaryimage\"},\"image\":{\"@id\":\"https:\/\/gcbarbers.ee\/fi\/epood\/solomons-daunsel-volumizing-spray\/#primaryimage\"},\"thumbnailUrl\":\"https:\/\/gcbarbers.ee\/wp-content\/uploads\/2023\/11\/Solomon_Daunsel_volumizing_spray.webp\",\"datePublished\":\"2023-11-01T11:39:14+00:00\",\"breadcrumb\":{\"@id\":\"https:\/\/gcbarbers.ee\/fi\/epood\/solomons-daunsel-volumizing-spray\/#breadcrumb\"},\"inLanguage\":\"fi\",\"potentialAction\":[{\"@type\":\"ReadAction\",\"target\":[\"https:\/\/gcbarbers.ee\/fi\/epood\/solomons-daunsel-volumizing-spray\/\"]}]},{\"@type\":\"ImageObject\",\"inLanguage\":\"fi\",\"@id\":\"https:\/\/gcbarbers.ee\/fi\/epood\/solomons-daunsel-volumizing-spray\/#primaryimage\",\"url\":\"https:\/\/gcbarbers.ee\/wp-content\/uploads\/2023\/11\/Solomon_Daunsel_volumizing_spray.webp\",\"contentUrl\":\"https:\/\/gcbarbers.ee\/wp-content\/uploads\/2023\/11\/Solomon_Daunsel_volumizing_spray.webp\",\"width\":800,\"height\":800},{\"@type\":\"BreadcrumbList\",\"@id\":\"https:\/\/gcbarbers.ee\/fi\/epood\/solomons-daunsel-volumizing-spray\/#breadcrumb\",\"itemListElement\":[{\"@type\":\"ListItem\",\"position\":1,\"name\":\"Home\",\"item\":\"https:\/\/gcbarbers.ee\/fi\/\"},{\"@type\":\"ListItem\",\"position\":2,\"name\":\"Tooted\",\"item\":\"https:\/\/gcbarbers.ee\/shop\/\"},{\"@type\":\"ListItem\",\"position\":3,\"name\":\"Solomon&#8217;s Daunsel volumizing spray\"}]},{\"@type\":\"WebSite\",\"@id\":\"https:\/\/gcbarbers.ee\/#website\",\"url\":\"https:\/\/gcbarbers.ee\/\",\"name\":\"Gentleman Club\",\"description\":\"Barbershop Tallinn - Meeste Juuksur\",\"publisher\":{\"@id\":\"https:\/\/gcbarbers.ee\/#organization\"},\"potentialAction\":[{\"@type\":\"SearchAction\",\"target\":{\"@type\":\"EntryPoint\",\"urlTemplate\":\"https:\/\/gcbarbers.ee\/?s={search_term_string}\"},\"query-input\":{\"@type\":\"PropertyValueSpecification\",\"valueRequired\":true,\"valueName\":\"search_term_string\"}}],\"inLanguage\":\"fi\"},{\"@type\":\"Organization\",\"@id\":\"https:\/\/gcbarbers.ee\/#organization\",\"name\":\"Gentleman Club\",\"url\":\"https:\/\/gcbarbers.ee\/\",\"logo\":{\"@type\":\"ImageObject\",\"inLanguage\":\"fi\",\"@id\":\"https:\/\/gcbarbers.ee\/#\/schema\/logo\/image\/\",\"url\":\"https:\/\/gcbarbers.ee\/wp-content\/uploads\/2024\/02\/20240129_110626_0000-2.png\",\"contentUrl\":\"https:\/\/gcbarbers.ee\/wp-content\/uploads\/2024\/02\/20240129_110626_0000-2.png\",\"width\":500,\"height\":500,\"caption\":\"Gentleman Club\"},\"image\":{\"@id\":\"https:\/\/gcbarbers.ee\/#\/schema\/logo\/image\/\"},\"sameAs\":[\"https:\/\/www.facebook.com\/Cityhair.salong\"]}]}<\/script>\n<!-- \/ Yoast SEO plugin. -->","yoast_head_json":{"title":"Solomon's Daunsel volumizing spray | GC Barbers","robots":{"index":"index","follow":"follow","max-snippet":"max-snippet:-1","max-image-preview":"max-image-preview:large","max-video-preview":"max-video-preview:-1"},"canonical":"https:\/\/gcbarbers.ee\/fi\/epood\/solomons-daunsel-volumizing-spray\/","og_locale":"fi_FI","og_type":"article","og_title":"Solomon's Daunsel volumizing spray | GC Barbers","og_description":"Daunsel Solomon\u2019s Volumizing Hair Spray on tugeva hoidvusega. Seda kasutatakse t\u00e4iusliku ja mati l\u00f5pptulemuse saavutamiseks, t\u00e4iesti looduslik. See on veep\u00f5hine toode, mida on \u00fche loputusega lihtne eemaldada ja mis ei j\u00e4ta j\u00e4\u00e4ke. Kuidas kasutada: Soovitatav on kanda toode juustest 5-10 cm kaugusel. Kandke \u00fchtlaselt niisketele v\u00f5i kuivadele juustele vastavalt soovitud efektile ja viimistle f\u00f6\u00f6ni ja [&hellip;]","og_url":"https:\/\/gcbarbers.ee\/fi\/epood\/solomons-daunsel-volumizing-spray\/","og_site_name":"GC Barbers","article_publisher":"https:\/\/www.facebook.com\/Cityhair.salong","og_image":[{"width":1618,"height":703,"url":"https:\/\/gcbarbers.ee\/wp-content\/uploads\/2024\/03\/GC-Barbershop-ET.png","type":"image\/png"}],"twitter_card":"summary_large_image","twitter_misc":{"Arvioitu lukuaika":"1 minuutti"},"schema":{"@context":"https:\/\/schema.org","@graph":[{"@type":"WebPage","@id":"https:\/\/gcbarbers.ee\/fi\/epood\/solomons-daunsel-volumizing-spray\/","url":"https:\/\/gcbarbers.ee\/fi\/epood\/solomons-daunsel-volumizing-spray\/","name":"Solomon's Daunsel volumizing spray | GC Barbers","isPartOf":{"@id":"https:\/\/gcbarbers.ee\/#website"},"primaryImageOfPage":{"@id":"https:\/\/gcbarbers.ee\/fi\/epood\/solomons-daunsel-volumizing-spray\/#primaryimage"},"image":{"@id":"https:\/\/gcbarbers.ee\/fi\/epood\/solomons-daunsel-volumizing-spray\/#primaryimage"},"thumbnailUrl":"https:\/\/gcbarbers.ee\/wp-content\/uploads\/2023\/11\/Solomon_Daunsel_volumizing_spray.webp","datePublished":"2023-11-01T11:39:14+00:00","breadcrumb":{"@id":"https:\/\/gcbarbers.ee\/fi\/epood\/solomons-daunsel-volumizing-spray\/#breadcrumb"},"inLanguage":"fi","potentialAction":[{"@type":"ReadAction","target":["https:\/\/gcbarbers.ee\/fi\/epood\/solomons-daunsel-volumizing-spray\/"]}]},{"@type":"ImageObject","inLanguage":"fi","@id":"https:\/\/gcbarbers.ee\/fi\/epood\/solomons-daunsel-volumizing-spray\/#primaryimage","url":"https:\/\/gcbarbers.ee\/wp-content\/uploads\/2023\/11\/Solomon_Daunsel_volumizing_spray.webp","contentUrl":"https:\/\/gcbarbers.ee\/wp-content\/uploads\/2023\/11\/Solomon_Daunsel_volumizing_spray.webp","width":800,"height":800},{"@type":"BreadcrumbList","@id":"https:\/\/gcbarbers.ee\/fi\/epood\/solomons-daunsel-volumizing-spray\/#breadcrumb","itemListElement":[{"@type":"ListItem","position":1,"name":"Home","item":"https:\/\/gcbarbers.ee\/fi\/"},{"@type":"ListItem","position":2,"name":"Tooted","item":"https:\/\/gcbarbers.ee\/shop\/"},{"@type":"ListItem","position":3,"name":"Solomon&#8217;s Daunsel volumizing spray"}]},{"@type":"WebSite","@id":"https:\/\/gcbarbers.ee\/#website","url":"https:\/\/gcbarbers.ee\/","name":"Gentleman Club","description":"Barbershop Tallinn - Meeste Juuksur","publisher":{"@id":"https:\/\/gcbarbers.ee\/#organization"},"potentialAction":[{"@type":"SearchAction","target":{"@type":"EntryPoint","urlTemplate":"https:\/\/gcbarbers.ee\/?s={search_term_string}"},"query-input":{"@type":"PropertyValueSpecification","valueRequired":true,"valueName":"search_term_string"}}],"inLanguage":"fi"},{"@type":"Organization","@id":"https:\/\/gcbarbers.ee\/#organization","name":"Gentleman Club","url":"https:\/\/gcbarbers.ee\/","logo":{"@type":"ImageObject","inLanguage":"fi","@id":"https:\/\/gcbarbers.ee\/#\/schema\/logo\/image\/","url":"https:\/\/gcbarbers.ee\/wp-content\/uploads\/2024\/02\/20240129_110626_0000-2.png","contentUrl":"https:\/\/gcbarbers.ee\/wp-content\/uploads\/2024\/02\/20240129_110626_0000-2.png","width":500,"height":500,"caption":"Gentleman Club"},"image":{"@id":"https:\/\/gcbarbers.ee\/#\/schema\/logo\/image\/"},"sameAs":["https:\/\/www.facebook.com\/Cityhair.salong"]}]}},"_links":{"self":[{"href":"https:\/\/gcbarbers.ee\/fi\/wp-json\/wp\/v2\/product\/2054","targetHints":{"allow":["GET"]}}],"collection":[{"href":"https:\/\/gcbarbers.ee\/fi\/wp-json\/wp\/v2\/product"}],"about":[{"href":"https:\/\/gcbarbers.ee\/fi\/wp-json\/wp\/v2\/types\/product"}],"wp:featuredmedia":[{"embeddable":true,"href":"https:\/\/gcbarbers.ee\/fi\/wp-json\/wp\/v2\/media\/2056"}],"wp:attachment":[{"href":"https:\/\/gcbarbers.ee\/fi\/wp-json\/wp\/v2\/media?parent=2054"}],"wp:term":[{"taxonomy":"product_brand","embeddable":true,"href":"https:\/\/gcbarbers.ee\/fi\/wp-json\/wp\/v2\/product_brand?post=2054"},{"taxonomy":"product_cat","embeddable":true,"href":"https:\/\/gcbarbers.ee\/fi\/wp-json\/wp\/v2\/product_cat?post=2054"},{"taxonomy":"product_tag","embeddable":true,"href":"https:\/\/gcbarbers.ee\/fi\/wp-json\/wp\/v2\/product_tag?post=2054"}],"curies":[{"name":"wp","href":"https:\/\/api.w.org\/{rel}","templated":true}]}}