{"id":2057,"date":"2023-11-01T11:39:14","date_gmt":"2023-11-01T11:39:14","guid":{"rendered":"https:\/\/gcbarbers.ee\/epood\/solomons-japanese-sandalwood-beard-oil\/"},"modified":"2023-11-01T11:39:14","modified_gmt":"2023-11-01T11:39:14","slug":"solomons-japanese-sandalwood-beard-oil","status":"publish","type":"product","link":"https:\/\/gcbarbers.ee\/fi\/epood\/solomons-japanese-sandalwood-beard-oil\/","title":{"rendered":"Solomon&#8217;s Japanese Sandalwood Beard Oil"},"content":{"rendered":"<p>M\u00f5ne tilga Solomon&#8217;i Jaapani santalwood habeme\u00f5li igap\u00e4evane kasutamine hoiab habeme tervena, erksa v\u00e4rviga ja meeldivalt l\u00f5hnastatud.<\/p>\n<p><strong>Kuidas kasutada:<\/strong><\/p>\n<p>Soovitatav on kanda m\u00f5ned tilgad toodet ja masseerida niiskele habemele, et lahti harutada juukseid, pehmendada neid ja restruktureerida; kuivale habemele, et saavutada l\u00e4ikiv efekt.<\/p>\n<p><strong>Koostis:<\/strong><\/p>\n<p>Argaania-, jojoobi-, magusa mandli- ja Jaapani santalwoodi taime\u00f5li. INCI: Prunus Amygdalus Dulcis Oil, Heptyl Undecylenate, Simmondsia Chinensis Seed Oil, Parfum, Argania Spinosa Kernel Oil, Tocopheryl Acetate, Hexyl Cinnamal, Linalool, Limonene, Citronellol, Coumarin, Citral.<\/p>\n","protected":false},"excerpt":{"rendered":"<p>M\u00f5ne tilga Solomon&#8217;i Jaapani santalwood habeme\u00f5li igap\u00e4evane kasutamine hoiab habeme tervena, erksa v\u00e4rviga ja meeldivalt l\u00f5hnastatud. Kuidas kasutada: Soovitatav on kanda m\u00f5ned tilgad toodet ja masseerida niiskele habemele, et lahti harutada juukseid, pehmendada neid ja restruktureerida; kuivale habemele, et saavutada l\u00e4ikiv efekt. Koostis: Argaania-, jojoobi-, magusa mandli- ja Jaapani santalwoodi taime\u00f5li. INCI: Prunus Amygdalus Dulcis [&hellip;]<\/p>\n","protected":false},"featured_media":2060,"template":"","meta":{"_et_pb_use_builder":"","_et_pb_old_content":"","_et_gb_content_width":"","inline_featured_image":false},"product_brand":[],"product_cat":[120,109],"product_tag":[],"class_list":{"0":"post-2057","1":"product","2":"type-product","3":"status-publish","4":"has-post-thumbnail","6":"product_cat-beard-oil-fi","7":"product_cat-for-beard-fi","9":"first","10":"instock","11":"purchasable","12":"product-type-simple"},"yoast_head":"<!-- This site is optimized with the Yoast SEO plugin v24.9 - https:\/\/yoast.com\/wordpress\/plugins\/seo\/ -->\n<title>Solomon&#039;s Japanese Sandalwood Beard Oil | GC Barbers<\/title>\n<meta name=\"robots\" content=\"index, follow, max-snippet:-1, max-image-preview:large, max-video-preview:-1\" \/>\n<link rel=\"canonical\" href=\"https:\/\/gcbarbers.ee\/fi\/epood\/solomons-japanese-sandalwood-beard-oil\/\" \/>\n<meta property=\"og:locale\" content=\"fi_FI\" \/>\n<meta property=\"og:type\" content=\"article\" \/>\n<meta property=\"og:title\" content=\"Solomon&#039;s Japanese Sandalwood Beard Oil | GC Barbers\" \/>\n<meta property=\"og:description\" content=\"M\u00f5ne tilga Solomon&#8217;i Jaapani santalwood habeme\u00f5li igap\u00e4evane kasutamine hoiab habeme tervena, erksa v\u00e4rviga ja meeldivalt l\u00f5hnastatud. Kuidas kasutada: Soovitatav on kanda m\u00f5ned tilgad toodet ja masseerida niiskele habemele, et lahti harutada juukseid, pehmendada neid ja restruktureerida; kuivale habemele, et saavutada l\u00e4ikiv efekt. Koostis: Argaania-, jojoobi-, magusa mandli- ja Jaapani santalwoodi taime\u00f5li. INCI: Prunus Amygdalus Dulcis [&hellip;]\" \/>\n<meta property=\"og:url\" content=\"https:\/\/gcbarbers.ee\/fi\/epood\/solomons-japanese-sandalwood-beard-oil\/\" \/>\n<meta property=\"og:site_name\" content=\"GC Barbers\" \/>\n<meta property=\"article:publisher\" content=\"https:\/\/www.facebook.com\/Cityhair.salong\" \/>\n<meta property=\"og:image\" content=\"https:\/\/gcbarbers.ee\/wp-content\/uploads\/2024\/03\/GC-Barbershop-ET.png\" \/>\n\t<meta property=\"og:image:width\" content=\"1618\" \/>\n\t<meta property=\"og:image:height\" content=\"703\" \/>\n\t<meta property=\"og:image:type\" content=\"image\/png\" \/>\n<meta name=\"twitter:card\" content=\"summary_large_image\" \/>\n<script type=\"application\/ld+json\" class=\"yoast-schema-graph\">{\"@context\":\"https:\/\/schema.org\",\"@graph\":[{\"@type\":\"WebPage\",\"@id\":\"https:\/\/gcbarbers.ee\/fi\/epood\/solomons-japanese-sandalwood-beard-oil\/\",\"url\":\"https:\/\/gcbarbers.ee\/fi\/epood\/solomons-japanese-sandalwood-beard-oil\/\",\"name\":\"Solomon's Japanese Sandalwood Beard Oil | GC Barbers\",\"isPartOf\":{\"@id\":\"https:\/\/gcbarbers.ee\/#website\"},\"primaryImageOfPage\":{\"@id\":\"https:\/\/gcbarbers.ee\/fi\/epood\/solomons-japanese-sandalwood-beard-oil\/#primaryimage\"},\"image\":{\"@id\":\"https:\/\/gcbarbers.ee\/fi\/epood\/solomons-japanese-sandalwood-beard-oil\/#primaryimage\"},\"thumbnailUrl\":\"https:\/\/gcbarbers.ee\/wp-content\/uploads\/2023\/11\/Solomon_Japanese_Sandalwood_Beard_Oil.webp\",\"datePublished\":\"2023-11-01T11:39:14+00:00\",\"breadcrumb\":{\"@id\":\"https:\/\/gcbarbers.ee\/fi\/epood\/solomons-japanese-sandalwood-beard-oil\/#breadcrumb\"},\"inLanguage\":\"fi\",\"potentialAction\":[{\"@type\":\"ReadAction\",\"target\":[\"https:\/\/gcbarbers.ee\/fi\/epood\/solomons-japanese-sandalwood-beard-oil\/\"]}]},{\"@type\":\"ImageObject\",\"inLanguage\":\"fi\",\"@id\":\"https:\/\/gcbarbers.ee\/fi\/epood\/solomons-japanese-sandalwood-beard-oil\/#primaryimage\",\"url\":\"https:\/\/gcbarbers.ee\/wp-content\/uploads\/2023\/11\/Solomon_Japanese_Sandalwood_Beard_Oil.webp\",\"contentUrl\":\"https:\/\/gcbarbers.ee\/wp-content\/uploads\/2023\/11\/Solomon_Japanese_Sandalwood_Beard_Oil.webp\",\"width\":800,\"height\":800},{\"@type\":\"BreadcrumbList\",\"@id\":\"https:\/\/gcbarbers.ee\/fi\/epood\/solomons-japanese-sandalwood-beard-oil\/#breadcrumb\",\"itemListElement\":[{\"@type\":\"ListItem\",\"position\":1,\"name\":\"Home\",\"item\":\"https:\/\/gcbarbers.ee\/fi\/\"},{\"@type\":\"ListItem\",\"position\":2,\"name\":\"Tooted\",\"item\":\"https:\/\/gcbarbers.ee\/shop\/\"},{\"@type\":\"ListItem\",\"position\":3,\"name\":\"Solomon&#8217;s Japanese Sandalwood Beard Oil\"}]},{\"@type\":\"WebSite\",\"@id\":\"https:\/\/gcbarbers.ee\/#website\",\"url\":\"https:\/\/gcbarbers.ee\/\",\"name\":\"Gentleman Club\",\"description\":\"Barbershop Tallinn - Meeste Juuksur\",\"publisher\":{\"@id\":\"https:\/\/gcbarbers.ee\/#organization\"},\"potentialAction\":[{\"@type\":\"SearchAction\",\"target\":{\"@type\":\"EntryPoint\",\"urlTemplate\":\"https:\/\/gcbarbers.ee\/?s={search_term_string}\"},\"query-input\":{\"@type\":\"PropertyValueSpecification\",\"valueRequired\":true,\"valueName\":\"search_term_string\"}}],\"inLanguage\":\"fi\"},{\"@type\":\"Organization\",\"@id\":\"https:\/\/gcbarbers.ee\/#organization\",\"name\":\"Gentleman Club\",\"url\":\"https:\/\/gcbarbers.ee\/\",\"logo\":{\"@type\":\"ImageObject\",\"inLanguage\":\"fi\",\"@id\":\"https:\/\/gcbarbers.ee\/#\/schema\/logo\/image\/\",\"url\":\"https:\/\/gcbarbers.ee\/wp-content\/uploads\/2024\/02\/20240129_110626_0000-2.png\",\"contentUrl\":\"https:\/\/gcbarbers.ee\/wp-content\/uploads\/2024\/02\/20240129_110626_0000-2.png\",\"width\":500,\"height\":500,\"caption\":\"Gentleman Club\"},\"image\":{\"@id\":\"https:\/\/gcbarbers.ee\/#\/schema\/logo\/image\/\"},\"sameAs\":[\"https:\/\/www.facebook.com\/Cityhair.salong\"]}]}<\/script>\n<!-- \/ Yoast SEO plugin. -->","yoast_head_json":{"title":"Solomon's Japanese Sandalwood Beard Oil | GC Barbers","robots":{"index":"index","follow":"follow","max-snippet":"max-snippet:-1","max-image-preview":"max-image-preview:large","max-video-preview":"max-video-preview:-1"},"canonical":"https:\/\/gcbarbers.ee\/fi\/epood\/solomons-japanese-sandalwood-beard-oil\/","og_locale":"fi_FI","og_type":"article","og_title":"Solomon's Japanese Sandalwood Beard Oil | GC Barbers","og_description":"M\u00f5ne tilga Solomon&#8217;i Jaapani santalwood habeme\u00f5li igap\u00e4evane kasutamine hoiab habeme tervena, erksa v\u00e4rviga ja meeldivalt l\u00f5hnastatud. Kuidas kasutada: Soovitatav on kanda m\u00f5ned tilgad toodet ja masseerida niiskele habemele, et lahti harutada juukseid, pehmendada neid ja restruktureerida; kuivale habemele, et saavutada l\u00e4ikiv efekt. Koostis: Argaania-, jojoobi-, magusa mandli- ja Jaapani santalwoodi taime\u00f5li. INCI: Prunus Amygdalus Dulcis [&hellip;]","og_url":"https:\/\/gcbarbers.ee\/fi\/epood\/solomons-japanese-sandalwood-beard-oil\/","og_site_name":"GC Barbers","article_publisher":"https:\/\/www.facebook.com\/Cityhair.salong","og_image":[{"width":1618,"height":703,"url":"https:\/\/gcbarbers.ee\/wp-content\/uploads\/2024\/03\/GC-Barbershop-ET.png","type":"image\/png"}],"twitter_card":"summary_large_image","schema":{"@context":"https:\/\/schema.org","@graph":[{"@type":"WebPage","@id":"https:\/\/gcbarbers.ee\/fi\/epood\/solomons-japanese-sandalwood-beard-oil\/","url":"https:\/\/gcbarbers.ee\/fi\/epood\/solomons-japanese-sandalwood-beard-oil\/","name":"Solomon's Japanese Sandalwood Beard Oil | GC Barbers","isPartOf":{"@id":"https:\/\/gcbarbers.ee\/#website"},"primaryImageOfPage":{"@id":"https:\/\/gcbarbers.ee\/fi\/epood\/solomons-japanese-sandalwood-beard-oil\/#primaryimage"},"image":{"@id":"https:\/\/gcbarbers.ee\/fi\/epood\/solomons-japanese-sandalwood-beard-oil\/#primaryimage"},"thumbnailUrl":"https:\/\/gcbarbers.ee\/wp-content\/uploads\/2023\/11\/Solomon_Japanese_Sandalwood_Beard_Oil.webp","datePublished":"2023-11-01T11:39:14+00:00","breadcrumb":{"@id":"https:\/\/gcbarbers.ee\/fi\/epood\/solomons-japanese-sandalwood-beard-oil\/#breadcrumb"},"inLanguage":"fi","potentialAction":[{"@type":"ReadAction","target":["https:\/\/gcbarbers.ee\/fi\/epood\/solomons-japanese-sandalwood-beard-oil\/"]}]},{"@type":"ImageObject","inLanguage":"fi","@id":"https:\/\/gcbarbers.ee\/fi\/epood\/solomons-japanese-sandalwood-beard-oil\/#primaryimage","url":"https:\/\/gcbarbers.ee\/wp-content\/uploads\/2023\/11\/Solomon_Japanese_Sandalwood_Beard_Oil.webp","contentUrl":"https:\/\/gcbarbers.ee\/wp-content\/uploads\/2023\/11\/Solomon_Japanese_Sandalwood_Beard_Oil.webp","width":800,"height":800},{"@type":"BreadcrumbList","@id":"https:\/\/gcbarbers.ee\/fi\/epood\/solomons-japanese-sandalwood-beard-oil\/#breadcrumb","itemListElement":[{"@type":"ListItem","position":1,"name":"Home","item":"https:\/\/gcbarbers.ee\/fi\/"},{"@type":"ListItem","position":2,"name":"Tooted","item":"https:\/\/gcbarbers.ee\/shop\/"},{"@type":"ListItem","position":3,"name":"Solomon&#8217;s Japanese Sandalwood Beard Oil"}]},{"@type":"WebSite","@id":"https:\/\/gcbarbers.ee\/#website","url":"https:\/\/gcbarbers.ee\/","name":"Gentleman Club","description":"Barbershop Tallinn - Meeste Juuksur","publisher":{"@id":"https:\/\/gcbarbers.ee\/#organization"},"potentialAction":[{"@type":"SearchAction","target":{"@type":"EntryPoint","urlTemplate":"https:\/\/gcbarbers.ee\/?s={search_term_string}"},"query-input":{"@type":"PropertyValueSpecification","valueRequired":true,"valueName":"search_term_string"}}],"inLanguage":"fi"},{"@type":"Organization","@id":"https:\/\/gcbarbers.ee\/#organization","name":"Gentleman Club","url":"https:\/\/gcbarbers.ee\/","logo":{"@type":"ImageObject","inLanguage":"fi","@id":"https:\/\/gcbarbers.ee\/#\/schema\/logo\/image\/","url":"https:\/\/gcbarbers.ee\/wp-content\/uploads\/2024\/02\/20240129_110626_0000-2.png","contentUrl":"https:\/\/gcbarbers.ee\/wp-content\/uploads\/2024\/02\/20240129_110626_0000-2.png","width":500,"height":500,"caption":"Gentleman Club"},"image":{"@id":"https:\/\/gcbarbers.ee\/#\/schema\/logo\/image\/"},"sameAs":["https:\/\/www.facebook.com\/Cityhair.salong"]}]}},"_links":{"self":[{"href":"https:\/\/gcbarbers.ee\/fi\/wp-json\/wp\/v2\/product\/2057","targetHints":{"allow":["GET"]}}],"collection":[{"href":"https:\/\/gcbarbers.ee\/fi\/wp-json\/wp\/v2\/product"}],"about":[{"href":"https:\/\/gcbarbers.ee\/fi\/wp-json\/wp\/v2\/types\/product"}],"wp:featuredmedia":[{"embeddable":true,"href":"https:\/\/gcbarbers.ee\/fi\/wp-json\/wp\/v2\/media\/2060"}],"wp:attachment":[{"href":"https:\/\/gcbarbers.ee\/fi\/wp-json\/wp\/v2\/media?parent=2057"}],"wp:term":[{"taxonomy":"product_brand","embeddable":true,"href":"https:\/\/gcbarbers.ee\/fi\/wp-json\/wp\/v2\/product_brand?post=2057"},{"taxonomy":"product_cat","embeddable":true,"href":"https:\/\/gcbarbers.ee\/fi\/wp-json\/wp\/v2\/product_cat?post=2057"},{"taxonomy":"product_tag","embeddable":true,"href":"https:\/\/gcbarbers.ee\/fi\/wp-json\/wp\/v2\/product_tag?post=2057"}],"curies":[{"name":"wp","href":"https:\/\/api.w.org\/{rel}","templated":true}]}}