{"id":2072,"date":"2023-11-01T11:39:14","date_gmt":"2023-11-01T11:39:14","guid":{"rendered":"https:\/\/gcbarbers.ee\/epood\/solomons-groom-multi-action-cream\/"},"modified":"2023-11-01T11:39:14","modified_gmt":"2023-11-01T11:39:14","slug":"solomons-groom-multi-action-cream","status":"publish","type":"product","link":"https:\/\/gcbarbers.ee\/fi\/epood\/solomons-groom-multi-action-cream\/","title":{"rendered":"Solomon&#8217;s GROOM Multi Action Cream"},"content":{"rendered":"<p>GROOM Multi Action Cream 100ml. Viktoriaanlikul ajastul oli gruum mees, kelle t\u00f6\u00f6ks oli poleerida ja kinnitada sadulat aristokraatide uhkete k\u00e4rude ette t\u00f5mmatud hobustele. \u00dche liigutusega muudab see kreem teie n\u00e4o ja habeme pehmeteks ja s\u00e4ravateks.<\/p>\n<p><strong>Kuidas kasutada<\/strong><\/p>\n<p>K\u00e4ep\u00e4rane doseerija v\u00e4hendab raiskamist. Pehme, kujundatud ja hoolitsetud habeme jaoks kandke v\u00e4ike kogus toodet k\u00e4te peopesadele ja jaotage see \u00fchtlaselt kuivale habemele. M\u00e4rga habet saab spetsiaalse harjaga l\u00e4bi kammida, et lahti harutada, ja seej\u00e4rel kuivatada juuksekuivatiga m\u00f5\u00f5dukal kuumusel. See loob suurep\u00e4rase regenereeriva efekti. N\u00e4onahale kandke v\u00e4ike kogus toodet ja jaotage see ringjate liigutustega, kuni see on t\u00e4ielikult imendunud. Multi Action Cream on ka suurep\u00e4rane p\u00e4rast raseerimist kasutamiseks, sel juhul soovitame kanda v\u00e4ike kogus toodet raseeritud piirkonnale ja masseerida see sisse. V\u00e4ltige silmade \u00fcmbrust.<\/p>\n<p><strong>Koostis<\/strong><\/p>\n<p>Aqua [vesi], Myristyl alkohol, Cetyl palmitate, Gl\u00fctseriin, Glyceryl stearate citrate, Cetearyl alkohol, Caprylic\/capric triglyceride, Isopropyl myristate, Macadamia ternifolia seemne\u00f5li, Panthenol, Hydroxyethylcellulose, Phenoxyethanol, Propylene glycol, Parfum [l\u00f5hnaaine], Bisabolol, Gl\u00fckoos, Allantoiin, Sodium glutamate, Sorbitol, Ethylhexylglycerin, Urea, Lactic acid, Linseed acid, Retinyl palmitate, Tocopheryl acetate, Sodium PCA, Triticum vulgare (nisu) idu\u00f5li, Hydrolyzed wheat protein, Prunus amygdalus dulcis (magus mandel) \u00f5li, Disodium EDTA, Glycine, Lecithin, Tocopherol, Ascorbyl palmitate.<\/p>\n","protected":false},"excerpt":{"rendered":"<p>GROOM Multi Action Cream 100ml. Viktoriaanlikul ajastul oli gruum mees, kelle t\u00f6\u00f6ks oli poleerida ja kinnitada sadulat aristokraatide uhkete k\u00e4rude ette t\u00f5mmatud hobustele. \u00dche liigutusega muudab see kreem teie n\u00e4o ja habeme pehmeteks ja s\u00e4ravateks. Kuidas kasutada K\u00e4ep\u00e4rane doseerija v\u00e4hendab raiskamist. Pehme, kujundatud ja hoolitsetud habeme jaoks kandke v\u00e4ike kogus toodet k\u00e4te peopesadele ja jaotage [&hellip;]<\/p>\n","protected":false},"featured_media":2075,"template":"","meta":{"_et_pb_use_builder":"","_et_pb_old_content":"","_et_gb_content_width":"","inline_featured_image":false},"product_brand":[],"product_cat":[110,109],"product_tag":[],"class_list":{"0":"post-2072","1":"product","2":"type-product","3":"status-publish","4":"has-post-thumbnail","6":"product_cat-cream-fi","7":"product_cat-for-beard-fi","9":"first","10":"instock","11":"purchasable","12":"product-type-simple"},"yoast_head":"<!-- This site is optimized with the Yoast SEO plugin v24.9 - https:\/\/yoast.com\/wordpress\/plugins\/seo\/ -->\n<title>Solomon&#039;s GROOM Multi Action Cream | GC Barbers<\/title>\n<meta name=\"robots\" content=\"index, follow, max-snippet:-1, max-image-preview:large, max-video-preview:-1\" \/>\n<link rel=\"canonical\" href=\"https:\/\/gcbarbers.ee\/fi\/epood\/solomons-groom-multi-action-cream\/\" \/>\n<meta property=\"og:locale\" content=\"fi_FI\" \/>\n<meta property=\"og:type\" content=\"article\" \/>\n<meta property=\"og:title\" content=\"Solomon&#039;s GROOM Multi Action Cream | GC Barbers\" \/>\n<meta property=\"og:description\" content=\"GROOM Multi Action Cream 100ml. Viktoriaanlikul ajastul oli gruum mees, kelle t\u00f6\u00f6ks oli poleerida ja kinnitada sadulat aristokraatide uhkete k\u00e4rude ette t\u00f5mmatud hobustele. \u00dche liigutusega muudab see kreem teie n\u00e4o ja habeme pehmeteks ja s\u00e4ravateks. Kuidas kasutada K\u00e4ep\u00e4rane doseerija v\u00e4hendab raiskamist. Pehme, kujundatud ja hoolitsetud habeme jaoks kandke v\u00e4ike kogus toodet k\u00e4te peopesadele ja jaotage [&hellip;]\" \/>\n<meta property=\"og:url\" content=\"https:\/\/gcbarbers.ee\/fi\/epood\/solomons-groom-multi-action-cream\/\" \/>\n<meta property=\"og:site_name\" content=\"GC Barbers\" \/>\n<meta property=\"article:publisher\" content=\"https:\/\/www.facebook.com\/Cityhair.salong\" \/>\n<meta property=\"og:image\" content=\"https:\/\/gcbarbers.ee\/wp-content\/uploads\/2024\/03\/GC-Barbershop-ET.png\" \/>\n\t<meta property=\"og:image:width\" content=\"1618\" \/>\n\t<meta property=\"og:image:height\" content=\"703\" \/>\n\t<meta property=\"og:image:type\" content=\"image\/png\" \/>\n<meta name=\"twitter:card\" content=\"summary_large_image\" \/>\n<meta name=\"twitter:label1\" content=\"Arvioitu lukuaika\" \/>\n\t<meta name=\"twitter:data1\" content=\"1 minuutti\" \/>\n<script type=\"application\/ld+json\" class=\"yoast-schema-graph\">{\"@context\":\"https:\/\/schema.org\",\"@graph\":[{\"@type\":\"WebPage\",\"@id\":\"https:\/\/gcbarbers.ee\/fi\/epood\/solomons-groom-multi-action-cream\/\",\"url\":\"https:\/\/gcbarbers.ee\/fi\/epood\/solomons-groom-multi-action-cream\/\",\"name\":\"Solomon's GROOM Multi Action Cream | GC Barbers\",\"isPartOf\":{\"@id\":\"https:\/\/gcbarbers.ee\/#website\"},\"primaryImageOfPage\":{\"@id\":\"https:\/\/gcbarbers.ee\/fi\/epood\/solomons-groom-multi-action-cream\/#primaryimage\"},\"image\":{\"@id\":\"https:\/\/gcbarbers.ee\/fi\/epood\/solomons-groom-multi-action-cream\/#primaryimage\"},\"thumbnailUrl\":\"https:\/\/gcbarbers.ee\/wp-content\/uploads\/2023\/11\/Solomon_GROOM_Multi_Action_Cream.webp\",\"datePublished\":\"2023-11-01T11:39:14+00:00\",\"breadcrumb\":{\"@id\":\"https:\/\/gcbarbers.ee\/fi\/epood\/solomons-groom-multi-action-cream\/#breadcrumb\"},\"inLanguage\":\"fi\",\"potentialAction\":[{\"@type\":\"ReadAction\",\"target\":[\"https:\/\/gcbarbers.ee\/fi\/epood\/solomons-groom-multi-action-cream\/\"]}]},{\"@type\":\"ImageObject\",\"inLanguage\":\"fi\",\"@id\":\"https:\/\/gcbarbers.ee\/fi\/epood\/solomons-groom-multi-action-cream\/#primaryimage\",\"url\":\"https:\/\/gcbarbers.ee\/wp-content\/uploads\/2023\/11\/Solomon_GROOM_Multi_Action_Cream.webp\",\"contentUrl\":\"https:\/\/gcbarbers.ee\/wp-content\/uploads\/2023\/11\/Solomon_GROOM_Multi_Action_Cream.webp\",\"width\":800,\"height\":800},{\"@type\":\"BreadcrumbList\",\"@id\":\"https:\/\/gcbarbers.ee\/fi\/epood\/solomons-groom-multi-action-cream\/#breadcrumb\",\"itemListElement\":[{\"@type\":\"ListItem\",\"position\":1,\"name\":\"Home\",\"item\":\"https:\/\/gcbarbers.ee\/fi\/\"},{\"@type\":\"ListItem\",\"position\":2,\"name\":\"Tooted\",\"item\":\"https:\/\/gcbarbers.ee\/shop\/\"},{\"@type\":\"ListItem\",\"position\":3,\"name\":\"Solomon&#8217;s GROOM Multi Action Cream\"}]},{\"@type\":\"WebSite\",\"@id\":\"https:\/\/gcbarbers.ee\/#website\",\"url\":\"https:\/\/gcbarbers.ee\/\",\"name\":\"Gentleman Club\",\"description\":\"Barbershop Tallinn - Meeste Juuksur\",\"publisher\":{\"@id\":\"https:\/\/gcbarbers.ee\/#organization\"},\"potentialAction\":[{\"@type\":\"SearchAction\",\"target\":{\"@type\":\"EntryPoint\",\"urlTemplate\":\"https:\/\/gcbarbers.ee\/?s={search_term_string}\"},\"query-input\":{\"@type\":\"PropertyValueSpecification\",\"valueRequired\":true,\"valueName\":\"search_term_string\"}}],\"inLanguage\":\"fi\"},{\"@type\":\"Organization\",\"@id\":\"https:\/\/gcbarbers.ee\/#organization\",\"name\":\"Gentleman Club\",\"url\":\"https:\/\/gcbarbers.ee\/\",\"logo\":{\"@type\":\"ImageObject\",\"inLanguage\":\"fi\",\"@id\":\"https:\/\/gcbarbers.ee\/#\/schema\/logo\/image\/\",\"url\":\"https:\/\/gcbarbers.ee\/wp-content\/uploads\/2024\/02\/20240129_110626_0000-2.png\",\"contentUrl\":\"https:\/\/gcbarbers.ee\/wp-content\/uploads\/2024\/02\/20240129_110626_0000-2.png\",\"width\":500,\"height\":500,\"caption\":\"Gentleman Club\"},\"image\":{\"@id\":\"https:\/\/gcbarbers.ee\/#\/schema\/logo\/image\/\"},\"sameAs\":[\"https:\/\/www.facebook.com\/Cityhair.salong\"]}]}<\/script>\n<!-- \/ Yoast SEO plugin. -->","yoast_head_json":{"title":"Solomon's GROOM Multi Action Cream | GC Barbers","robots":{"index":"index","follow":"follow","max-snippet":"max-snippet:-1","max-image-preview":"max-image-preview:large","max-video-preview":"max-video-preview:-1"},"canonical":"https:\/\/gcbarbers.ee\/fi\/epood\/solomons-groom-multi-action-cream\/","og_locale":"fi_FI","og_type":"article","og_title":"Solomon's GROOM Multi Action Cream | GC Barbers","og_description":"GROOM Multi Action Cream 100ml. Viktoriaanlikul ajastul oli gruum mees, kelle t\u00f6\u00f6ks oli poleerida ja kinnitada sadulat aristokraatide uhkete k\u00e4rude ette t\u00f5mmatud hobustele. \u00dche liigutusega muudab see kreem teie n\u00e4o ja habeme pehmeteks ja s\u00e4ravateks. Kuidas kasutada K\u00e4ep\u00e4rane doseerija v\u00e4hendab raiskamist. Pehme, kujundatud ja hoolitsetud habeme jaoks kandke v\u00e4ike kogus toodet k\u00e4te peopesadele ja jaotage [&hellip;]","og_url":"https:\/\/gcbarbers.ee\/fi\/epood\/solomons-groom-multi-action-cream\/","og_site_name":"GC Barbers","article_publisher":"https:\/\/www.facebook.com\/Cityhair.salong","og_image":[{"width":1618,"height":703,"url":"https:\/\/gcbarbers.ee\/wp-content\/uploads\/2024\/03\/GC-Barbershop-ET.png","type":"image\/png"}],"twitter_card":"summary_large_image","twitter_misc":{"Arvioitu lukuaika":"1 minuutti"},"schema":{"@context":"https:\/\/schema.org","@graph":[{"@type":"WebPage","@id":"https:\/\/gcbarbers.ee\/fi\/epood\/solomons-groom-multi-action-cream\/","url":"https:\/\/gcbarbers.ee\/fi\/epood\/solomons-groom-multi-action-cream\/","name":"Solomon's GROOM Multi Action Cream | GC Barbers","isPartOf":{"@id":"https:\/\/gcbarbers.ee\/#website"},"primaryImageOfPage":{"@id":"https:\/\/gcbarbers.ee\/fi\/epood\/solomons-groom-multi-action-cream\/#primaryimage"},"image":{"@id":"https:\/\/gcbarbers.ee\/fi\/epood\/solomons-groom-multi-action-cream\/#primaryimage"},"thumbnailUrl":"https:\/\/gcbarbers.ee\/wp-content\/uploads\/2023\/11\/Solomon_GROOM_Multi_Action_Cream.webp","datePublished":"2023-11-01T11:39:14+00:00","breadcrumb":{"@id":"https:\/\/gcbarbers.ee\/fi\/epood\/solomons-groom-multi-action-cream\/#breadcrumb"},"inLanguage":"fi","potentialAction":[{"@type":"ReadAction","target":["https:\/\/gcbarbers.ee\/fi\/epood\/solomons-groom-multi-action-cream\/"]}]},{"@type":"ImageObject","inLanguage":"fi","@id":"https:\/\/gcbarbers.ee\/fi\/epood\/solomons-groom-multi-action-cream\/#primaryimage","url":"https:\/\/gcbarbers.ee\/wp-content\/uploads\/2023\/11\/Solomon_GROOM_Multi_Action_Cream.webp","contentUrl":"https:\/\/gcbarbers.ee\/wp-content\/uploads\/2023\/11\/Solomon_GROOM_Multi_Action_Cream.webp","width":800,"height":800},{"@type":"BreadcrumbList","@id":"https:\/\/gcbarbers.ee\/fi\/epood\/solomons-groom-multi-action-cream\/#breadcrumb","itemListElement":[{"@type":"ListItem","position":1,"name":"Home","item":"https:\/\/gcbarbers.ee\/fi\/"},{"@type":"ListItem","position":2,"name":"Tooted","item":"https:\/\/gcbarbers.ee\/shop\/"},{"@type":"ListItem","position":3,"name":"Solomon&#8217;s GROOM Multi Action Cream"}]},{"@type":"WebSite","@id":"https:\/\/gcbarbers.ee\/#website","url":"https:\/\/gcbarbers.ee\/","name":"Gentleman Club","description":"Barbershop Tallinn - Meeste Juuksur","publisher":{"@id":"https:\/\/gcbarbers.ee\/#organization"},"potentialAction":[{"@type":"SearchAction","target":{"@type":"EntryPoint","urlTemplate":"https:\/\/gcbarbers.ee\/?s={search_term_string}"},"query-input":{"@type":"PropertyValueSpecification","valueRequired":true,"valueName":"search_term_string"}}],"inLanguage":"fi"},{"@type":"Organization","@id":"https:\/\/gcbarbers.ee\/#organization","name":"Gentleman Club","url":"https:\/\/gcbarbers.ee\/","logo":{"@type":"ImageObject","inLanguage":"fi","@id":"https:\/\/gcbarbers.ee\/#\/schema\/logo\/image\/","url":"https:\/\/gcbarbers.ee\/wp-content\/uploads\/2024\/02\/20240129_110626_0000-2.png","contentUrl":"https:\/\/gcbarbers.ee\/wp-content\/uploads\/2024\/02\/20240129_110626_0000-2.png","width":500,"height":500,"caption":"Gentleman Club"},"image":{"@id":"https:\/\/gcbarbers.ee\/#\/schema\/logo\/image\/"},"sameAs":["https:\/\/www.facebook.com\/Cityhair.salong"]}]}},"_links":{"self":[{"href":"https:\/\/gcbarbers.ee\/fi\/wp-json\/wp\/v2\/product\/2072","targetHints":{"allow":["GET"]}}],"collection":[{"href":"https:\/\/gcbarbers.ee\/fi\/wp-json\/wp\/v2\/product"}],"about":[{"href":"https:\/\/gcbarbers.ee\/fi\/wp-json\/wp\/v2\/types\/product"}],"wp:featuredmedia":[{"embeddable":true,"href":"https:\/\/gcbarbers.ee\/fi\/wp-json\/wp\/v2\/media\/2075"}],"wp:attachment":[{"href":"https:\/\/gcbarbers.ee\/fi\/wp-json\/wp\/v2\/media?parent=2072"}],"wp:term":[{"taxonomy":"product_brand","embeddable":true,"href":"https:\/\/gcbarbers.ee\/fi\/wp-json\/wp\/v2\/product_brand?post=2072"},{"taxonomy":"product_cat","embeddable":true,"href":"https:\/\/gcbarbers.ee\/fi\/wp-json\/wp\/v2\/product_cat?post=2072"},{"taxonomy":"product_tag","embeddable":true,"href":"https:\/\/gcbarbers.ee\/fi\/wp-json\/wp\/v2\/product_tag?post=2072"}],"curies":[{"name":"wp","href":"https:\/\/api.w.org\/{rel}","templated":true}]}}