{"id":2080,"date":"2023-11-01T11:39:18","date_gmt":"2023-11-01T11:39:18","guid":{"rendered":"https:\/\/gcbarbers.ee\/epood\/pacinos-dryfi-professional-matte-paste\/"},"modified":"2023-11-01T11:39:18","modified_gmt":"2023-11-01T11:39:18","slug":"pacinos-dryfi-professional-matte-paste","status":"publish","type":"product","link":"https:\/\/gcbarbers.ee\/fi\/epood\/pacinos-dryfi-professional-matte-paste\/","title":{"rendered":"Pacinos Dryfi &#8211; Professional Matte Paste"},"content":{"rendered":"<p>DRYFI Paste on mati viimistlusega pasta, millel on keskmine hoidvus. See kerge valem annab tekstuuri ja m\u00e4\u00e4ratlust, kahjustamata juukseid. Loo maht ja loomulik viimistlus, kandes seda r\u00e4tikukuivadele juustele. DRYFI Pastal on vees lahustuv valem, mist\u00f5ttu on seda lihtne maha pesta, j\u00e4ttes j\u00e4\u00e4ke.<\/p>\n<p><strong>Kasutamine:<\/strong><\/p>\n<p>Soojendage ja jaotage v\u00e4ike kogus DRYFI Pastat \u00fchtlaselt k\u00e4te vahel. Seej\u00e4rel kandke see r\u00e4tikukuivadele v\u00f5i t\u00e4iesti kuivadele juustele, kuni saavutate soovitud v\u00e4limuse. Parimate tulemuste saavutamiseks lisage mahtu ja tekstuuri, f\u00f6\u00f6nitage juukseid enne DRYFI Pasta kasutamist madalal kuumusel.<\/p>\n","protected":false},"excerpt":{"rendered":"<p>DRYFI Paste on mati viimistlusega pasta, millel on keskmine hoidvus. See kerge valem annab tekstuuri ja m\u00e4\u00e4ratlust, kahjustamata juukseid. Loo maht ja loomulik viimistlus, kandes seda r\u00e4tikukuivadele juustele. DRYFI Pastal on vees lahustuv valem, mist\u00f5ttu on seda lihtne maha pesta, j\u00e4ttes j\u00e4\u00e4ke. Kasutamine: Soojendage ja jaotage v\u00e4ike kogus DRYFI Pastat \u00fchtlaselt k\u00e4te vahel. Seej\u00e4rel kandke [&hellip;]<\/p>\n","protected":false},"featured_media":2082,"template":"","meta":{"_et_pb_use_builder":"","_et_pb_old_content":"","_et_gb_content_width":"","inline_featured_image":false},"product_brand":[],"product_cat":[111,107],"product_tag":[],"class_list":{"0":"post-2080","1":"product","2":"type-product","3":"status-publish","4":"has-post-thumbnail","6":"product_cat-for-hair-styling-fi","7":"product_cat-hair-wax-fi","9":"first","10":"instock","11":"purchasable","12":"product-type-simple"},"yoast_head":"<!-- This site is optimized with the Yoast SEO plugin v24.9 - https:\/\/yoast.com\/wordpress\/plugins\/seo\/ -->\n<title>Pacinos Dryfi - Professional Matte Paste | GC Barbers<\/title>\n<meta name=\"robots\" content=\"index, follow, max-snippet:-1, max-image-preview:large, max-video-preview:-1\" \/>\n<link rel=\"canonical\" href=\"https:\/\/gcbarbers.ee\/fi\/epood\/pacinos-dryfi-professional-matte-paste\/\" \/>\n<meta property=\"og:locale\" content=\"fi_FI\" \/>\n<meta property=\"og:type\" content=\"article\" \/>\n<meta property=\"og:title\" content=\"Pacinos Dryfi - Professional Matte Paste | GC Barbers\" \/>\n<meta property=\"og:description\" content=\"DRYFI Paste on mati viimistlusega pasta, millel on keskmine hoidvus. See kerge valem annab tekstuuri ja m\u00e4\u00e4ratlust, kahjustamata juukseid. Loo maht ja loomulik viimistlus, kandes seda r\u00e4tikukuivadele juustele. DRYFI Pastal on vees lahustuv valem, mist\u00f5ttu on seda lihtne maha pesta, j\u00e4ttes j\u00e4\u00e4ke. Kasutamine: Soojendage ja jaotage v\u00e4ike kogus DRYFI Pastat \u00fchtlaselt k\u00e4te vahel. Seej\u00e4rel kandke [&hellip;]\" \/>\n<meta property=\"og:url\" content=\"https:\/\/gcbarbers.ee\/fi\/epood\/pacinos-dryfi-professional-matte-paste\/\" \/>\n<meta property=\"og:site_name\" content=\"GC Barbers\" \/>\n<meta property=\"article:publisher\" content=\"https:\/\/www.facebook.com\/Cityhair.salong\" \/>\n<meta property=\"og:image\" content=\"https:\/\/gcbarbers.ee\/wp-content\/uploads\/2024\/03\/GC-Barbershop-ET.png\" \/>\n\t<meta property=\"og:image:width\" content=\"1618\" \/>\n\t<meta property=\"og:image:height\" content=\"703\" \/>\n\t<meta property=\"og:image:type\" content=\"image\/png\" \/>\n<meta name=\"twitter:card\" content=\"summary_large_image\" \/>\n<script type=\"application\/ld+json\" class=\"yoast-schema-graph\">{\"@context\":\"https:\/\/schema.org\",\"@graph\":[{\"@type\":\"WebPage\",\"@id\":\"https:\/\/gcbarbers.ee\/fi\/epood\/pacinos-dryfi-professional-matte-paste\/\",\"url\":\"https:\/\/gcbarbers.ee\/fi\/epood\/pacinos-dryfi-professional-matte-paste\/\",\"name\":\"Pacinos Dryfi - Professional Matte Paste | GC Barbers\",\"isPartOf\":{\"@id\":\"https:\/\/gcbarbers.ee\/#website\"},\"primaryImageOfPage\":{\"@id\":\"https:\/\/gcbarbers.ee\/fi\/epood\/pacinos-dryfi-professional-matte-paste\/#primaryimage\"},\"image\":{\"@id\":\"https:\/\/gcbarbers.ee\/fi\/epood\/pacinos-dryfi-professional-matte-paste\/#primaryimage\"},\"thumbnailUrl\":\"https:\/\/gcbarbers.ee\/wp-content\/uploads\/2023\/11\/Pacinos_Dryfi_Professional_Matte_Paste.webp\",\"datePublished\":\"2023-11-01T11:39:18+00:00\",\"breadcrumb\":{\"@id\":\"https:\/\/gcbarbers.ee\/fi\/epood\/pacinos-dryfi-professional-matte-paste\/#breadcrumb\"},\"inLanguage\":\"fi\",\"potentialAction\":[{\"@type\":\"ReadAction\",\"target\":[\"https:\/\/gcbarbers.ee\/fi\/epood\/pacinos-dryfi-professional-matte-paste\/\"]}]},{\"@type\":\"ImageObject\",\"inLanguage\":\"fi\",\"@id\":\"https:\/\/gcbarbers.ee\/fi\/epood\/pacinos-dryfi-professional-matte-paste\/#primaryimage\",\"url\":\"https:\/\/gcbarbers.ee\/wp-content\/uploads\/2023\/11\/Pacinos_Dryfi_Professional_Matte_Paste.webp\",\"contentUrl\":\"https:\/\/gcbarbers.ee\/wp-content\/uploads\/2023\/11\/Pacinos_Dryfi_Professional_Matte_Paste.webp\",\"width\":800,\"height\":800},{\"@type\":\"BreadcrumbList\",\"@id\":\"https:\/\/gcbarbers.ee\/fi\/epood\/pacinos-dryfi-professional-matte-paste\/#breadcrumb\",\"itemListElement\":[{\"@type\":\"ListItem\",\"position\":1,\"name\":\"Home\",\"item\":\"https:\/\/gcbarbers.ee\/fi\/\"},{\"@type\":\"ListItem\",\"position\":2,\"name\":\"Tooted\",\"item\":\"https:\/\/gcbarbers.ee\/shop\/\"},{\"@type\":\"ListItem\",\"position\":3,\"name\":\"Pacinos Dryfi &#8211; Professional Matte Paste\"}]},{\"@type\":\"WebSite\",\"@id\":\"https:\/\/gcbarbers.ee\/#website\",\"url\":\"https:\/\/gcbarbers.ee\/\",\"name\":\"Gentleman Club\",\"description\":\"Barbershop Tallinn - Meeste Juuksur\",\"publisher\":{\"@id\":\"https:\/\/gcbarbers.ee\/#organization\"},\"potentialAction\":[{\"@type\":\"SearchAction\",\"target\":{\"@type\":\"EntryPoint\",\"urlTemplate\":\"https:\/\/gcbarbers.ee\/?s={search_term_string}\"},\"query-input\":{\"@type\":\"PropertyValueSpecification\",\"valueRequired\":true,\"valueName\":\"search_term_string\"}}],\"inLanguage\":\"fi\"},{\"@type\":\"Organization\",\"@id\":\"https:\/\/gcbarbers.ee\/#organization\",\"name\":\"Gentleman Club\",\"url\":\"https:\/\/gcbarbers.ee\/\",\"logo\":{\"@type\":\"ImageObject\",\"inLanguage\":\"fi\",\"@id\":\"https:\/\/gcbarbers.ee\/#\/schema\/logo\/image\/\",\"url\":\"https:\/\/gcbarbers.ee\/wp-content\/uploads\/2024\/02\/20240129_110626_0000-2.png\",\"contentUrl\":\"https:\/\/gcbarbers.ee\/wp-content\/uploads\/2024\/02\/20240129_110626_0000-2.png\",\"width\":500,\"height\":500,\"caption\":\"Gentleman Club\"},\"image\":{\"@id\":\"https:\/\/gcbarbers.ee\/#\/schema\/logo\/image\/\"},\"sameAs\":[\"https:\/\/www.facebook.com\/Cityhair.salong\"]}]}<\/script>\n<!-- \/ Yoast SEO plugin. -->","yoast_head_json":{"title":"Pacinos Dryfi - Professional Matte Paste | GC Barbers","robots":{"index":"index","follow":"follow","max-snippet":"max-snippet:-1","max-image-preview":"max-image-preview:large","max-video-preview":"max-video-preview:-1"},"canonical":"https:\/\/gcbarbers.ee\/fi\/epood\/pacinos-dryfi-professional-matte-paste\/","og_locale":"fi_FI","og_type":"article","og_title":"Pacinos Dryfi - Professional Matte Paste | GC Barbers","og_description":"DRYFI Paste on mati viimistlusega pasta, millel on keskmine hoidvus. See kerge valem annab tekstuuri ja m\u00e4\u00e4ratlust, kahjustamata juukseid. Loo maht ja loomulik viimistlus, kandes seda r\u00e4tikukuivadele juustele. DRYFI Pastal on vees lahustuv valem, mist\u00f5ttu on seda lihtne maha pesta, j\u00e4ttes j\u00e4\u00e4ke. Kasutamine: Soojendage ja jaotage v\u00e4ike kogus DRYFI Pastat \u00fchtlaselt k\u00e4te vahel. Seej\u00e4rel kandke [&hellip;]","og_url":"https:\/\/gcbarbers.ee\/fi\/epood\/pacinos-dryfi-professional-matte-paste\/","og_site_name":"GC Barbers","article_publisher":"https:\/\/www.facebook.com\/Cityhair.salong","og_image":[{"width":1618,"height":703,"url":"https:\/\/gcbarbers.ee\/wp-content\/uploads\/2024\/03\/GC-Barbershop-ET.png","type":"image\/png"}],"twitter_card":"summary_large_image","schema":{"@context":"https:\/\/schema.org","@graph":[{"@type":"WebPage","@id":"https:\/\/gcbarbers.ee\/fi\/epood\/pacinos-dryfi-professional-matte-paste\/","url":"https:\/\/gcbarbers.ee\/fi\/epood\/pacinos-dryfi-professional-matte-paste\/","name":"Pacinos Dryfi - Professional Matte Paste | GC Barbers","isPartOf":{"@id":"https:\/\/gcbarbers.ee\/#website"},"primaryImageOfPage":{"@id":"https:\/\/gcbarbers.ee\/fi\/epood\/pacinos-dryfi-professional-matte-paste\/#primaryimage"},"image":{"@id":"https:\/\/gcbarbers.ee\/fi\/epood\/pacinos-dryfi-professional-matte-paste\/#primaryimage"},"thumbnailUrl":"https:\/\/gcbarbers.ee\/wp-content\/uploads\/2023\/11\/Pacinos_Dryfi_Professional_Matte_Paste.webp","datePublished":"2023-11-01T11:39:18+00:00","breadcrumb":{"@id":"https:\/\/gcbarbers.ee\/fi\/epood\/pacinos-dryfi-professional-matte-paste\/#breadcrumb"},"inLanguage":"fi","potentialAction":[{"@type":"ReadAction","target":["https:\/\/gcbarbers.ee\/fi\/epood\/pacinos-dryfi-professional-matte-paste\/"]}]},{"@type":"ImageObject","inLanguage":"fi","@id":"https:\/\/gcbarbers.ee\/fi\/epood\/pacinos-dryfi-professional-matte-paste\/#primaryimage","url":"https:\/\/gcbarbers.ee\/wp-content\/uploads\/2023\/11\/Pacinos_Dryfi_Professional_Matte_Paste.webp","contentUrl":"https:\/\/gcbarbers.ee\/wp-content\/uploads\/2023\/11\/Pacinos_Dryfi_Professional_Matte_Paste.webp","width":800,"height":800},{"@type":"BreadcrumbList","@id":"https:\/\/gcbarbers.ee\/fi\/epood\/pacinos-dryfi-professional-matte-paste\/#breadcrumb","itemListElement":[{"@type":"ListItem","position":1,"name":"Home","item":"https:\/\/gcbarbers.ee\/fi\/"},{"@type":"ListItem","position":2,"name":"Tooted","item":"https:\/\/gcbarbers.ee\/shop\/"},{"@type":"ListItem","position":3,"name":"Pacinos Dryfi &#8211; Professional Matte Paste"}]},{"@type":"WebSite","@id":"https:\/\/gcbarbers.ee\/#website","url":"https:\/\/gcbarbers.ee\/","name":"Gentleman Club","description":"Barbershop Tallinn - Meeste Juuksur","publisher":{"@id":"https:\/\/gcbarbers.ee\/#organization"},"potentialAction":[{"@type":"SearchAction","target":{"@type":"EntryPoint","urlTemplate":"https:\/\/gcbarbers.ee\/?s={search_term_string}"},"query-input":{"@type":"PropertyValueSpecification","valueRequired":true,"valueName":"search_term_string"}}],"inLanguage":"fi"},{"@type":"Organization","@id":"https:\/\/gcbarbers.ee\/#organization","name":"Gentleman Club","url":"https:\/\/gcbarbers.ee\/","logo":{"@type":"ImageObject","inLanguage":"fi","@id":"https:\/\/gcbarbers.ee\/#\/schema\/logo\/image\/","url":"https:\/\/gcbarbers.ee\/wp-content\/uploads\/2024\/02\/20240129_110626_0000-2.png","contentUrl":"https:\/\/gcbarbers.ee\/wp-content\/uploads\/2024\/02\/20240129_110626_0000-2.png","width":500,"height":500,"caption":"Gentleman Club"},"image":{"@id":"https:\/\/gcbarbers.ee\/#\/schema\/logo\/image\/"},"sameAs":["https:\/\/www.facebook.com\/Cityhair.salong"]}]}},"_links":{"self":[{"href":"https:\/\/gcbarbers.ee\/fi\/wp-json\/wp\/v2\/product\/2080","targetHints":{"allow":["GET"]}}],"collection":[{"href":"https:\/\/gcbarbers.ee\/fi\/wp-json\/wp\/v2\/product"}],"about":[{"href":"https:\/\/gcbarbers.ee\/fi\/wp-json\/wp\/v2\/types\/product"}],"wp:featuredmedia":[{"embeddable":true,"href":"https:\/\/gcbarbers.ee\/fi\/wp-json\/wp\/v2\/media\/2082"}],"wp:attachment":[{"href":"https:\/\/gcbarbers.ee\/fi\/wp-json\/wp\/v2\/media?parent=2080"}],"wp:term":[{"taxonomy":"product_brand","embeddable":true,"href":"https:\/\/gcbarbers.ee\/fi\/wp-json\/wp\/v2\/product_brand?post=2080"},{"taxonomy":"product_cat","embeddable":true,"href":"https:\/\/gcbarbers.ee\/fi\/wp-json\/wp\/v2\/product_cat?post=2080"},{"taxonomy":"product_tag","embeddable":true,"href":"https:\/\/gcbarbers.ee\/fi\/wp-json\/wp\/v2\/product_tag?post=2080"}],"curies":[{"name":"wp","href":"https:\/\/api.w.org\/{rel}","templated":true}]}}