{"id":2083,"date":"2023-11-01T11:39:18","date_gmt":"2023-11-01T11:39:18","guid":{"rendered":"https:\/\/gcbarbers.ee\/epood\/solomons-ambler-hair-wax\/"},"modified":"2023-11-01T11:39:18","modified_gmt":"2023-11-01T11:39:18","slug":"solomons-ambler-hair-wax","status":"publish","type":"product","link":"https:\/\/gcbarbers.ee\/fi\/epood\/solomons-ambler-hair-wax\/","title":{"rendered":"Solomon&#8217;s Ambler hair wax"},"content":{"rendered":"<p>Ambler Solomon&#8217;i juuksevaha on pool-l\u00e4bipaistev mati viimistlusega palsam ja omab keskmist hoidvust. See on veep\u00f5hine toode, mis saab \u00fche loputusega kergesti eemaldatavaks, j\u00e4ttes j\u00e4\u00e4ke. Toode on nime saanud isikult, kes oli \u00dchendkuningriigi kuninglikus tallis metsikuid hobuseid taltsutamas. See vaha on truu liitlane isegi k\u00f5ige m\u00e4ssumeelsemate juuste kammimisel.<\/p>\n<p><strong>Kasutamine:<\/strong><\/p>\n<p>Soovitatav on v\u00f5tta v\u00e4ike kogus toodet ja h\u00f5\u00f5ruda see k\u00e4te peopesade vahel laiali. Seej\u00e4rel kandke kuivadele juustele soovitud efekti saavutamiseks.<br \/>\n<strong><br \/>\nKoostis:<\/strong><\/p>\n<p>Aqua [vesi], prop\u00fcleengl\u00fckool, kaoliin, tseresiin, tset\u00fc\u00fclalkohol, tsetearet-25, Copernicia cerifera cera [Copernicia cerifera (Carnauba) vaha], Peg-40 h\u00fcdrogeenitud kastoor\u00f5li, oleet-20, parafiinivedelik [mineraal\u00f5li], Pvp, Parfum [l\u00f5hnaaine], fenoks\u00fcetanool, disodium EDTA, et\u00fc\u00fclheks\u00fc\u00fclgl\u00fctseriin<\/p>\n","protected":false},"excerpt":{"rendered":"<p>Ambler Solomon&#8217;i juuksevaha on pool-l\u00e4bipaistev mati viimistlusega palsam ja omab keskmist hoidvust. See on veep\u00f5hine toode, mis saab \u00fche loputusega kergesti eemaldatavaks, j\u00e4ttes j\u00e4\u00e4ke. Toode on nime saanud isikult, kes oli \u00dchendkuningriigi kuninglikus tallis metsikuid hobuseid taltsutamas. See vaha on truu liitlane isegi k\u00f5ige m\u00e4ssumeelsemate juuste kammimisel. Kasutamine: Soovitatav on v\u00f5tta v\u00e4ike kogus toodet ja [&hellip;]<\/p>\n","protected":false},"featured_media":2084,"template":"","meta":{"_et_pb_use_builder":"","_et_pb_old_content":"","_et_gb_content_width":"","inline_featured_image":false},"product_brand":[],"product_cat":[111,107],"product_tag":[],"class_list":{"0":"post-2083","1":"product","2":"type-product","3":"status-publish","4":"has-post-thumbnail","6":"product_cat-for-hair-styling-fi","7":"product_cat-hair-wax-fi","9":"first","10":"instock","11":"purchasable","12":"product-type-simple"},"yoast_head":"<!-- This site is optimized with the Yoast SEO plugin v24.9 - https:\/\/yoast.com\/wordpress\/plugins\/seo\/ -->\n<title>Solomon&#039;s Ambler hair wax | GC Barbers<\/title>\n<meta name=\"robots\" content=\"index, follow, max-snippet:-1, max-image-preview:large, max-video-preview:-1\" \/>\n<link rel=\"canonical\" href=\"https:\/\/gcbarbers.ee\/fi\/epood\/solomons-ambler-hair-wax\/\" \/>\n<meta property=\"og:locale\" content=\"fi_FI\" \/>\n<meta property=\"og:type\" content=\"article\" \/>\n<meta property=\"og:title\" content=\"Solomon&#039;s Ambler hair wax | GC Barbers\" \/>\n<meta property=\"og:description\" content=\"Ambler Solomon&#8217;i juuksevaha on pool-l\u00e4bipaistev mati viimistlusega palsam ja omab keskmist hoidvust. See on veep\u00f5hine toode, mis saab \u00fche loputusega kergesti eemaldatavaks, j\u00e4ttes j\u00e4\u00e4ke. Toode on nime saanud isikult, kes oli \u00dchendkuningriigi kuninglikus tallis metsikuid hobuseid taltsutamas. See vaha on truu liitlane isegi k\u00f5ige m\u00e4ssumeelsemate juuste kammimisel. Kasutamine: Soovitatav on v\u00f5tta v\u00e4ike kogus toodet ja [&hellip;]\" \/>\n<meta property=\"og:url\" content=\"https:\/\/gcbarbers.ee\/fi\/epood\/solomons-ambler-hair-wax\/\" \/>\n<meta property=\"og:site_name\" content=\"GC Barbers\" \/>\n<meta property=\"article:publisher\" content=\"https:\/\/www.facebook.com\/Cityhair.salong\" \/>\n<meta property=\"og:image\" content=\"https:\/\/gcbarbers.ee\/wp-content\/uploads\/2024\/03\/GC-Barbershop-ET.png\" \/>\n\t<meta property=\"og:image:width\" content=\"1618\" \/>\n\t<meta property=\"og:image:height\" content=\"703\" \/>\n\t<meta property=\"og:image:type\" content=\"image\/png\" \/>\n<meta name=\"twitter:card\" content=\"summary_large_image\" \/>\n<meta name=\"twitter:label1\" content=\"Arvioitu lukuaika\" \/>\n\t<meta name=\"twitter:data1\" content=\"1 minuutti\" \/>\n<script type=\"application\/ld+json\" class=\"yoast-schema-graph\">{\"@context\":\"https:\/\/schema.org\",\"@graph\":[{\"@type\":\"WebPage\",\"@id\":\"https:\/\/gcbarbers.ee\/fi\/epood\/solomons-ambler-hair-wax\/\",\"url\":\"https:\/\/gcbarbers.ee\/fi\/epood\/solomons-ambler-hair-wax\/\",\"name\":\"Solomon's Ambler hair wax | GC Barbers\",\"isPartOf\":{\"@id\":\"https:\/\/gcbarbers.ee\/#website\"},\"primaryImageOfPage\":{\"@id\":\"https:\/\/gcbarbers.ee\/fi\/epood\/solomons-ambler-hair-wax\/#primaryimage\"},\"image\":{\"@id\":\"https:\/\/gcbarbers.ee\/fi\/epood\/solomons-ambler-hair-wax\/#primaryimage\"},\"thumbnailUrl\":\"https:\/\/gcbarbers.ee\/wp-content\/uploads\/2023\/11\/Solomon_Ambler_hair_wax.webp\",\"datePublished\":\"2023-11-01T11:39:18+00:00\",\"breadcrumb\":{\"@id\":\"https:\/\/gcbarbers.ee\/fi\/epood\/solomons-ambler-hair-wax\/#breadcrumb\"},\"inLanguage\":\"fi\",\"potentialAction\":[{\"@type\":\"ReadAction\",\"target\":[\"https:\/\/gcbarbers.ee\/fi\/epood\/solomons-ambler-hair-wax\/\"]}]},{\"@type\":\"ImageObject\",\"inLanguage\":\"fi\",\"@id\":\"https:\/\/gcbarbers.ee\/fi\/epood\/solomons-ambler-hair-wax\/#primaryimage\",\"url\":\"https:\/\/gcbarbers.ee\/wp-content\/uploads\/2023\/11\/Solomon_Ambler_hair_wax.webp\",\"contentUrl\":\"https:\/\/gcbarbers.ee\/wp-content\/uploads\/2023\/11\/Solomon_Ambler_hair_wax.webp\",\"width\":800,\"height\":800},{\"@type\":\"BreadcrumbList\",\"@id\":\"https:\/\/gcbarbers.ee\/fi\/epood\/solomons-ambler-hair-wax\/#breadcrumb\",\"itemListElement\":[{\"@type\":\"ListItem\",\"position\":1,\"name\":\"Home\",\"item\":\"https:\/\/gcbarbers.ee\/fi\/\"},{\"@type\":\"ListItem\",\"position\":2,\"name\":\"Tooted\",\"item\":\"https:\/\/gcbarbers.ee\/shop\/\"},{\"@type\":\"ListItem\",\"position\":3,\"name\":\"Solomon&#8217;s Ambler hair wax\"}]},{\"@type\":\"WebSite\",\"@id\":\"https:\/\/gcbarbers.ee\/#website\",\"url\":\"https:\/\/gcbarbers.ee\/\",\"name\":\"Gentleman Club\",\"description\":\"Barbershop Tallinn - Meeste Juuksur\",\"publisher\":{\"@id\":\"https:\/\/gcbarbers.ee\/#organization\"},\"potentialAction\":[{\"@type\":\"SearchAction\",\"target\":{\"@type\":\"EntryPoint\",\"urlTemplate\":\"https:\/\/gcbarbers.ee\/?s={search_term_string}\"},\"query-input\":{\"@type\":\"PropertyValueSpecification\",\"valueRequired\":true,\"valueName\":\"search_term_string\"}}],\"inLanguage\":\"fi\"},{\"@type\":\"Organization\",\"@id\":\"https:\/\/gcbarbers.ee\/#organization\",\"name\":\"Gentleman Club\",\"url\":\"https:\/\/gcbarbers.ee\/\",\"logo\":{\"@type\":\"ImageObject\",\"inLanguage\":\"fi\",\"@id\":\"https:\/\/gcbarbers.ee\/#\/schema\/logo\/image\/\",\"url\":\"https:\/\/gcbarbers.ee\/wp-content\/uploads\/2024\/02\/20240129_110626_0000-2.png\",\"contentUrl\":\"https:\/\/gcbarbers.ee\/wp-content\/uploads\/2024\/02\/20240129_110626_0000-2.png\",\"width\":500,\"height\":500,\"caption\":\"Gentleman Club\"},\"image\":{\"@id\":\"https:\/\/gcbarbers.ee\/#\/schema\/logo\/image\/\"},\"sameAs\":[\"https:\/\/www.facebook.com\/Cityhair.salong\"]}]}<\/script>\n<!-- \/ Yoast SEO plugin. -->","yoast_head_json":{"title":"Solomon's Ambler hair wax | GC Barbers","robots":{"index":"index","follow":"follow","max-snippet":"max-snippet:-1","max-image-preview":"max-image-preview:large","max-video-preview":"max-video-preview:-1"},"canonical":"https:\/\/gcbarbers.ee\/fi\/epood\/solomons-ambler-hair-wax\/","og_locale":"fi_FI","og_type":"article","og_title":"Solomon's Ambler hair wax | GC Barbers","og_description":"Ambler Solomon&#8217;i juuksevaha on pool-l\u00e4bipaistev mati viimistlusega palsam ja omab keskmist hoidvust. See on veep\u00f5hine toode, mis saab \u00fche loputusega kergesti eemaldatavaks, j\u00e4ttes j\u00e4\u00e4ke. Toode on nime saanud isikult, kes oli \u00dchendkuningriigi kuninglikus tallis metsikuid hobuseid taltsutamas. See vaha on truu liitlane isegi k\u00f5ige m\u00e4ssumeelsemate juuste kammimisel. Kasutamine: Soovitatav on v\u00f5tta v\u00e4ike kogus toodet ja [&hellip;]","og_url":"https:\/\/gcbarbers.ee\/fi\/epood\/solomons-ambler-hair-wax\/","og_site_name":"GC Barbers","article_publisher":"https:\/\/www.facebook.com\/Cityhair.salong","og_image":[{"width":1618,"height":703,"url":"https:\/\/gcbarbers.ee\/wp-content\/uploads\/2024\/03\/GC-Barbershop-ET.png","type":"image\/png"}],"twitter_card":"summary_large_image","twitter_misc":{"Arvioitu lukuaika":"1 minuutti"},"schema":{"@context":"https:\/\/schema.org","@graph":[{"@type":"WebPage","@id":"https:\/\/gcbarbers.ee\/fi\/epood\/solomons-ambler-hair-wax\/","url":"https:\/\/gcbarbers.ee\/fi\/epood\/solomons-ambler-hair-wax\/","name":"Solomon's Ambler hair wax | GC Barbers","isPartOf":{"@id":"https:\/\/gcbarbers.ee\/#website"},"primaryImageOfPage":{"@id":"https:\/\/gcbarbers.ee\/fi\/epood\/solomons-ambler-hair-wax\/#primaryimage"},"image":{"@id":"https:\/\/gcbarbers.ee\/fi\/epood\/solomons-ambler-hair-wax\/#primaryimage"},"thumbnailUrl":"https:\/\/gcbarbers.ee\/wp-content\/uploads\/2023\/11\/Solomon_Ambler_hair_wax.webp","datePublished":"2023-11-01T11:39:18+00:00","breadcrumb":{"@id":"https:\/\/gcbarbers.ee\/fi\/epood\/solomons-ambler-hair-wax\/#breadcrumb"},"inLanguage":"fi","potentialAction":[{"@type":"ReadAction","target":["https:\/\/gcbarbers.ee\/fi\/epood\/solomons-ambler-hair-wax\/"]}]},{"@type":"ImageObject","inLanguage":"fi","@id":"https:\/\/gcbarbers.ee\/fi\/epood\/solomons-ambler-hair-wax\/#primaryimage","url":"https:\/\/gcbarbers.ee\/wp-content\/uploads\/2023\/11\/Solomon_Ambler_hair_wax.webp","contentUrl":"https:\/\/gcbarbers.ee\/wp-content\/uploads\/2023\/11\/Solomon_Ambler_hair_wax.webp","width":800,"height":800},{"@type":"BreadcrumbList","@id":"https:\/\/gcbarbers.ee\/fi\/epood\/solomons-ambler-hair-wax\/#breadcrumb","itemListElement":[{"@type":"ListItem","position":1,"name":"Home","item":"https:\/\/gcbarbers.ee\/fi\/"},{"@type":"ListItem","position":2,"name":"Tooted","item":"https:\/\/gcbarbers.ee\/shop\/"},{"@type":"ListItem","position":3,"name":"Solomon&#8217;s Ambler hair wax"}]},{"@type":"WebSite","@id":"https:\/\/gcbarbers.ee\/#website","url":"https:\/\/gcbarbers.ee\/","name":"Gentleman Club","description":"Barbershop Tallinn - Meeste Juuksur","publisher":{"@id":"https:\/\/gcbarbers.ee\/#organization"},"potentialAction":[{"@type":"SearchAction","target":{"@type":"EntryPoint","urlTemplate":"https:\/\/gcbarbers.ee\/?s={search_term_string}"},"query-input":{"@type":"PropertyValueSpecification","valueRequired":true,"valueName":"search_term_string"}}],"inLanguage":"fi"},{"@type":"Organization","@id":"https:\/\/gcbarbers.ee\/#organization","name":"Gentleman Club","url":"https:\/\/gcbarbers.ee\/","logo":{"@type":"ImageObject","inLanguage":"fi","@id":"https:\/\/gcbarbers.ee\/#\/schema\/logo\/image\/","url":"https:\/\/gcbarbers.ee\/wp-content\/uploads\/2024\/02\/20240129_110626_0000-2.png","contentUrl":"https:\/\/gcbarbers.ee\/wp-content\/uploads\/2024\/02\/20240129_110626_0000-2.png","width":500,"height":500,"caption":"Gentleman Club"},"image":{"@id":"https:\/\/gcbarbers.ee\/#\/schema\/logo\/image\/"},"sameAs":["https:\/\/www.facebook.com\/Cityhair.salong"]}]}},"_links":{"self":[{"href":"https:\/\/gcbarbers.ee\/fi\/wp-json\/wp\/v2\/product\/2083","targetHints":{"allow":["GET"]}}],"collection":[{"href":"https:\/\/gcbarbers.ee\/fi\/wp-json\/wp\/v2\/product"}],"about":[{"href":"https:\/\/gcbarbers.ee\/fi\/wp-json\/wp\/v2\/types\/product"}],"wp:featuredmedia":[{"embeddable":true,"href":"https:\/\/gcbarbers.ee\/fi\/wp-json\/wp\/v2\/media\/2084"}],"wp:attachment":[{"href":"https:\/\/gcbarbers.ee\/fi\/wp-json\/wp\/v2\/media?parent=2083"}],"wp:term":[{"taxonomy":"product_brand","embeddable":true,"href":"https:\/\/gcbarbers.ee\/fi\/wp-json\/wp\/v2\/product_brand?post=2083"},{"taxonomy":"product_cat","embeddable":true,"href":"https:\/\/gcbarbers.ee\/fi\/wp-json\/wp\/v2\/product_cat?post=2083"},{"taxonomy":"product_tag","embeddable":true,"href":"https:\/\/gcbarbers.ee\/fi\/wp-json\/wp\/v2\/product_tag?post=2083"}],"curies":[{"name":"wp","href":"https:\/\/api.w.org\/{rel}","templated":true}]}}